{"id":29772,"date":"2013-03-15T18:58:16","date_gmt":"2013-03-15T17:58:16","guid":{"rendered":"http:\/\/www.denkfried.de\/wp\/?page_id=29772"},"modified":"2013-03-15T19:13:29","modified_gmt":"2013-03-15T18:13:29","slug":"rhein-pfalz-kreis","status":"publish","type":"page","link":"http:\/\/www.denkfried.de\/wp\/?page_id=29772","title":{"rendered":"Rhein-Pfalz-Kreis"},"content":{"rendered":"<p>&nbsp;<\/p>\n<p>Landkreis Rhein-Pfalz-Kreis<\/p>\n<p><strong>Verbandsfreie Gemeinden:<\/strong><\/p>\n<ul>\n<li>Altrip<\/li>\n<li>Bobenheim-Roxheim<\/li>\n<li>B\u00f6hl-Iggelheim<\/li>\n<li>Lambsheim<\/li>\n<li>Limburgerhof<\/li>\n<li>Mutterstadt<\/li>\n<li>Neuhofen<\/li>\n<li><a href=\"http:\/\/www.denkfried.de\/wp\/?page_id=29779\">R\u00f6merberg<\/a><\/li>\n<li>Schifferstadt<\/li>\n<\/ul>\n<p><strong>Verbandsgemeinden:<\/strong><\/p>\n<ul>\n<li>Dannstadt-Schauernheim<\/li>\n<li>Dudenhofen<\/li>\n<li>He\u00dfheim<\/li>\n<li>Maxdorf<\/li>\n<li>Waldsee<\/li>\n<\/ul>\n<p>&nbsp;<\/p>\n","protected":false},"excerpt":{"rendered":"<p>&nbsp; Landkreis Rhein-Pfalz-Kreis Verbandsfreie Gemeinden: Altrip Bobenheim-Roxheim B\u00f6hl-Iggelheim Lambsheim Limburgerhof Mutterstadt Neuhofen R\u00f6merberg Schifferstadt Verbandsgemeinden: Dannstadt-Schauernheim Dudenhofen He\u00dfheim Maxdorf Waldsee &nbsp;<\/p>\n","protected":false},"author":9,"featured_media":0,"parent":393,"menu_order":0,"comment_status":"closed","ping_status":"open","template":"","meta":{"footnotes":""},"class_list":["post-29772","page","type-page","status-publish","hentry"],"_links":{"self":[{"href":"http:\/\/www.denkfried.de\/wp\/index.php?rest_route=\/wp\/v2\/pages\/29772","targetHints":{"allow":["GET"]}}],"collection":[{"href":"http:\/\/www.denkfried.de\/wp\/index.php?rest_route=\/wp\/v2\/pages"}],"about":[{"href":"http:\/\/www.denkfried.de\/wp\/index.php?rest_route=\/wp\/v2\/types\/page"}],"author":[{"embeddable":true,"href":"http:\/\/www.denkfried.de\/wp\/index.php?rest_route=\/wp\/v2\/users\/9"}],"replies":[{"embeddable":true,"href":"http:\/\/www.denkfried.de\/wp\/index.php?rest_route=%2Fwp%2Fv2%2Fcomments&post=29772"}],"version-history":[{"count":6,"href":"http:\/\/www.denkfried.de\/wp\/index.php?rest_route=\/wp\/v2\/pages\/29772\/revisions"}],"predecessor-version":[{"id":29774,"href":"http:\/\/www.denkfried.de\/wp\/index.php?rest_route=\/wp\/v2\/pages\/29772\/revisions\/29774"}],"up":[{"embeddable":true,"href":"http:\/\/www.denkfried.de\/wp\/index.php?rest_route=\/wp\/v2\/pages\/393"}],"wp:attachment":[{"href":"http:\/\/www.denkfried.de\/wp\/index.php?rest_route=%2Fwp%2Fv2%2Fmedia&parent=29772"}],"curies":[{"name":"wp","href":"https:\/\/api.w.org\/{rel}","templated":true}]}}