{"id":29544,"date":"2013-02-19T19:26:13","date_gmt":"2013-02-19T18:26:13","guid":{"rendered":"http:\/\/www.denkfried.de\/wp\/?page_id=29544"},"modified":"2015-12-30T22:00:59","modified_gmt":"2015-12-30T21:00:59","slug":"dennewitz","status":"publish","type":"page","link":"http:\/\/www.denkfried.de\/wp\/?page_id=29544","title":{"rendered":"Dennewitz &#8211; Denkm\u00e4ler"},"content":{"rendered":"<p>&nbsp;<\/p>\n<p><strong>14913 Niederg\u00f6rsdorf<\/strong> \u2013 OT Dennewitz<\/p>\n<p>Bericht und Bilder von Thomas\u00a0 <a href=\"http:\/\/g-bb.jimdo.com\/\">Gefallenendenkm\u00e4ler Berlin\/Brandenburg<\/a><\/p>\n<div id='gallery-1' class='gallery galleryid-29544 gallery-columns-4 gallery-size-thumbnail'><dl class='gallery-item'>\n\t\t\t<dt class='gallery-icon landscape'>\n\t\t\t\t<a href='http:\/\/www.denkfried.de\/wp\/?attachment_id=31780'><img loading=\"lazy\" decoding=\"async\" width=\"150\" height=\"150\" src=\"http:\/\/www.denkfried.de\/wp\/wp-content\/uploads\/2013\/02\/Dennewitz-B\u00fclow-Denkmal-150x150.jpg\" class=\"attachment-thumbnail size-thumbnail\" alt=\"\" \/><\/a>\n\t\t\t<\/dt><\/dl><dl class='gallery-item'>\n\t\t\t<dt class='gallery-icon landscape'>\n\t\t\t\t<a href='http:\/\/www.denkfried.de\/wp\/?attachment_id=31781'><img loading=\"lazy\" decoding=\"async\" width=\"150\" height=\"150\" src=\"http:\/\/www.denkfried.de\/wp\/wp-content\/uploads\/2013\/02\/Dennewitz-B\u00fclow-Denkmal-2-150x150.jpg\" class=\"attachment-thumbnail size-thumbnail\" alt=\"\" \/><\/a>\n\t\t\t<\/dt><\/dl><dl class='gallery-item'>\n\t\t\t<dt class='gallery-icon portrait'>\n\t\t\t\t<a href='http:\/\/www.denkfried.de\/wp\/?attachment_id=31782'><img loading=\"lazy\" decoding=\"async\" width=\"150\" height=\"150\" src=\"http:\/\/www.denkfried.de\/wp\/wp-content\/uploads\/2013\/02\/Dennewitz-B\u00fclow-Denkmal-3-150x150.jpg\" class=\"attachment-thumbnail size-thumbnail\" alt=\"\" \/><\/a>\n\t\t\t<\/dt><\/dl><dl class='gallery-item'>\n\t\t\t<dt class='gallery-icon landscape'>\n\t\t\t\t<a href='http:\/\/www.denkfried.de\/wp\/?attachment_id=31783'><img loading=\"lazy\" decoding=\"async\" width=\"150\" height=\"150\" src=\"http:\/\/www.denkfried.de\/wp\/wp-content\/uploads\/2013\/02\/Dennewitz-B\u00fclow-Gedenkstein-150x150.jpg\" class=\"attachment-thumbnail size-thumbnail\" alt=\"\" \/><\/a>\n\t\t\t<\/dt><\/dl><br style=\"clear: both\" \/><dl class='gallery-item'>\n\t\t\t<dt class='gallery-icon portrait'>\n\t\t\t\t<a href='http:\/\/www.denkfried.de\/wp\/?attachment_id=31784'><img loading=\"lazy\" decoding=\"async\" width=\"150\" height=\"150\" src=\"http:\/\/www.denkfried.de\/wp\/wp-content\/uploads\/2013\/02\/Dennewitz-Denkmal-1914-1918-2-150x150.jpg\" class=\"attachment-thumbnail size-thumbnail\" alt=\"\" \/><\/a>\n\t\t\t<\/dt><\/dl><dl class='gallery-item'>\n\t\t\t<dt class='gallery-icon portrait'>\n\t\t\t\t<a href='http:\/\/www.denkfried.de\/wp\/?attachment_id=31785'><img loading=\"lazy\" decoding=\"async\" width=\"150\" height=\"150\" src=\"http:\/\/www.denkfried.de\/wp\/wp-content\/uploads\/2013\/02\/Dennewitz-Denkmal-1914-1918-3-150x150.jpg\" class=\"attachment-thumbnail size-thumbnail\" alt=\"\" \/><\/a>\n\t\t\t<\/dt><\/dl><dl class='gallery-item'>\n\t\t\t<dt class='gallery-icon landscape'>\n\t\t\t\t<a href='http:\/\/www.denkfried.de\/wp\/?attachment_id=31790'><img loading=\"lazy\" decoding=\"async\" width=\"150\" height=\"150\" src=\"http:\/\/www.denkfried.de\/wp\/wp-content\/uploads\/2013\/02\/Dennewitz-Tauentzienstein-2-150x150.jpg\" class=\"attachment-thumbnail size-thumbnail\" alt=\"\" \/><\/a>\n\t\t\t<\/dt><\/dl><dl class='gallery-item'>\n\t\t\t<dt class='gallery-icon portrait'>\n\t\t\t\t<a href='http:\/\/www.denkfried.de\/wp\/?attachment_id=31789'><img loading=\"lazy\" decoding=\"async\" width=\"150\" height=\"150\" src=\"http:\/\/www.denkfried.de\/wp\/wp-content\/uploads\/2013\/02\/Dennewitz-Tauentzienstein-150x150.jpg\" class=\"attachment-thumbnail size-thumbnail\" alt=\"\" \/><\/a>\n\t\t\t<\/dt><\/dl><br style=\"clear: both\" \/><dl class='gallery-item'>\n\t\t\t<dt class='gallery-icon portrait'>\n\t\t\t\t<a href='http:\/\/www.denkfried.de\/wp\/?attachment_id=31791'><img loading=\"lazy\" decoding=\"async\" width=\"150\" height=\"150\" src=\"http:\/\/www.denkfried.de\/wp\/wp-content\/uploads\/2013\/02\/Dennewitz-W\u00fcrtembergischer-Gedenkstein-150x150.jpg\" class=\"attachment-thumbnail size-thumbnail\" alt=\"\" \/><\/a>\n\t\t\t<\/dt><\/dl><dl class='gallery-item'>\n\t\t\t<dt class='gallery-icon landscape'>\n\t\t\t\t<a href='http:\/\/www.denkfried.de\/wp\/?attachment_id=31786'><img loading=\"lazy\" decoding=\"async\" width=\"150\" height=\"150\" src=\"http:\/\/www.denkfried.de\/wp\/wp-content\/uploads\/2013\/02\/Dennewitz-Kriegsgr\u00e4ber-1939-1945-2-150x150.jpg\" class=\"attachment-thumbnail size-thumbnail\" alt=\"\" \/><\/a>\n\t\t\t<\/dt><\/dl><dl class='gallery-item'>\n\t\t\t<dt class='gallery-icon portrait'>\n\t\t\t\t<a href='http:\/\/www.denkfried.de\/wp\/?attachment_id=31788'><img loading=\"lazy\" decoding=\"async\" width=\"150\" height=\"150\" src=\"http:\/\/www.denkfried.de\/wp\/wp-content\/uploads\/2013\/02\/Dennewitz-Sammelgrab-1813-150x150.jpg\" class=\"attachment-thumbnail size-thumbnail\" alt=\"\" \/><\/a>\n\t\t\t<\/dt><\/dl><dl class='gallery-item'>\n\t\t\t<dt class='gallery-icon portrait'>\n\t\t\t\t<a href='http:\/\/www.denkfried.de\/wp\/?attachment_id=31787'><img loading=\"lazy\" decoding=\"async\" width=\"150\" height=\"150\" src=\"http:\/\/www.denkfried.de\/wp\/wp-content\/uploads\/2013\/02\/Dennewitz-Sammelgrab-1813-6-150x150.jpg\" class=\"attachment-thumbnail size-thumbnail\" alt=\"\" \/><\/a>\n\t\t\t<\/dt><\/dl><br style=\"clear: both\" \/>\n\t\t<\/div>\n\n<p><strong>1813 B\u00fclowdenkmal <\/strong>Das Denkmal ist aus Sandsteinblocke errichtet, auf dem Denkmal sind zwei Lebensgro\u00dfe Soldaten aus Bronze. Eingeweiht wurde es am 06.09.1913, vorne ist eine Gedenkplatte mit dem Reliefbild von Graf B\u00fclow von Dennewitz angebracht. darunter ist folgende Inschrift:<\/p>\n<p style=\"text-align: center;\" align=\"right\"><strong><span style=\"font-size: medium;\">Auf, mutig drein und nimmer bleich<br \/>\ndenn Gott ist allenthalben!<br \/>\nDie Freiheit und das Himmelreich<br \/>\nGewinnen keine Halben. <\/span>E.M. Arndt<\/strong><\/p>\n<p>Auf der R\u00fcckseite des Steinsockels, zeigt ein Relief eine Kampfszene der Schlacht. Darunter ist noch folgender Spruch: <strong>Man drup, dat geiht f\u00f6rt Vaderland<\/strong><img decoding=\"async\" src=\"http:\/\/www.schlacht-dennewitz.de\/index_htm_files\/0.gif\" alt=\"\" width=\"292px\" height=\"1px\" \/><\/p>\n<p>In richtung Niederg\u00f6rsdorf, schr\u00e4g gegen\u00fcber von der Gastst\u00e4tte &#8222;Zum gro\u00dfen B\u00fclow&#8220; befindet sich ein kleiner Gedenkstein. Zu erkennen ist noch Feldmarschall Karl v. B\u00fclow.<\/p>\n<p><strong>1813 Tauentzienstein <\/strong>Das Denkmal befindet sich auf dem Anger, errichtet wurde es 1897. Wiedererrichtet wurde er 1888. Es besteht aus Granitbruchstein, oben im Schild \u201ev. Tauentzien\u201c. Unten ist folgende Inschrift:<\/p>\n<address style=\"text-align: center;\"><em><strong><span style=\"font-size: medium;\">\u201eIch werde eher mit meinem ganzen Korps auf dem<\/span><\/strong><\/em><\/address>\n<address style=\"text-align: center;\"><em><strong><span style=\"font-size: medium;\">Platze liegen bleiben, ehe ich einen Schritt weiche.\u201c<\/span><\/strong><\/em><\/address>\n<address style=\"text-align: center;\">\u00a0<\/address>\n<p><strong>1914-1918 Denkmal <\/strong>An der Au\u00dfenmauer der Dorfkirche befindet sich ein Denkmal. Das 1921 erichtete Denkmal, ist den elf gefallenen des Ersten Weltkrieges errichtet worden.<\/p>\n<address style=\"text-align: center;\"><em><strong>Unsern im Weltkriege<\/strong><\/em><\/address>\n<address style=\"text-align: center;\"><em><strong>Gefallenen Helden<\/strong><\/em><\/address>\n<address style=\"text-align: center;\"><em><strong>Es starben den Heldentod:<\/strong><\/em><\/address>\n<address style=\"text-align: center;\">\u00a0<\/address>\n<p><strong>W\u00fcrttembergischer Gedenkstein<\/strong> dieser Stand einst an der Wegkreuzung Neues Lager \/ J\u00fcterbog. Den neuen Standort erhielt er, hinter dem Museum. Dort von den Dennewitzern am 6. September 1998 eingeweiht.<\/p>\n<address style=\"text-align: center;\"><em><strong>Friede ern\u00e4hrt.<\/strong><\/em><\/address>\n<address style=\"text-align: center;\"><em><strong>Ehre dem Andenken<\/strong><\/em><\/address>\n<address style=\"text-align: center;\"><em><strong>tapferer W\u00fcrttemberger<\/strong><\/em><\/address>\n<address style=\"text-align: center;\"><em><strong>Montag, den 6. Sept. Nachm. 4 Uhr<\/strong><\/em><\/address>\n<address style=\"text-align: center;\">\u00a0<\/address>\n<p><strong>Sammelgrab<\/strong> an den Bahngleisen, auf den M\u00fchlenberg, f\u00fcr 80 preu\u00dfische Grenadiere. Am Weg f\u00fchrt eine Treppe zum Grab, ein gu\u00dfeisernes Kreuz wurde 1902 aufgestellt. Das Grab ist eingez\u00e4unt, ist sind folgende Inschriften zu Lesen:<strong><br \/>\n<\/strong><\/p>\n<address style=\"text-align: center;\"><em><strong>Dennewitz den 6. September 1813<\/strong><\/em><\/address>\n<address style=\"text-align: center;\">\u00a0<\/address>\n<address style=\"text-align: center;\"><em><strong>Ruhest\u00e4tte von 80 Helden<\/strong><\/em><\/address>\n<address style=\"text-align: center;\">\u00a0<\/address>\n<address style=\"text-align: center;\"><em><strong><span style=\"font-size: medium;\">Dank hochherziger Stiftung<br \/>\nerrichtet zum Ged\u00e4chtnis und Ruhm<br \/>\nder am 6. Sept. 1813 gefallenen<br \/>\nKameraden.<\/span><\/strong><\/em><\/address>\n<address style=\"text-align: center;\">\u00a0<\/address>\n<address style=\"text-align: center;\"><em><strong><span style=\"font-size: medium;\">Grenadier Regiment K\u00f6nig Friedrich<br \/>\n4. Ostpreu\u00dfisches R. Nr.5<br \/>\nMDCCCCII.<\/span><\/strong><\/em><\/address>\n<address style=\"text-align: center;\">\u00a0<\/address>\n<address style=\"text-align: center;\"><em><strong>Sturm d. 4. ostpreuss. Inf. Reg.<br \/>\n<\/strong><\/em><\/address>\n<address style=\"text-align: center;\">\u00a0<\/address>\n<address style=\"text-align: center;\"><em><strong>Der Gott der Eisen wachsen lie\u00df,<\/strong><\/em><\/address>\n<address style=\"text-align: center;\"><em><strong>der wollte keine Knechte.<\/strong><\/em><\/address>\n<address style=\"text-align: center;\">\u00a0<\/address>\n<p><strong>1939-1945 Kriegsgr\u00e4ber <\/strong>auf dem Gemeindefriedhof gegen\u00fcber der Hochzeitm\u00fchle, befindet sich ein Grablage zu erkennen an zwei Granitkreuzen. Hier ruhen acht Gefallene aus den letzten Kriegstagen, drei von ihnen blieben Unbekannt.<\/p>\n<p>Die Namen wurden in die Datenbank eingepflegt.<\/p>\n<p>&nbsp;<\/p>\n","protected":false},"excerpt":{"rendered":"<p>&nbsp; 14913 Niederg\u00f6rsdorf \u2013 OT Dennewitz Bericht und Bilder von Thomas\u00a0 Gefallenendenkm\u00e4ler Berlin\/Brandenburg 1813 B\u00fclowdenkmal Das Denkmal ist aus Sandsteinblocke errichtet, auf dem Denkmal sind zwei Lebensgro\u00dfe Soldaten aus Bronze. Eingeweiht wurde es am 06.09.1913, vorne ist eine Gedenkplatte mit &hellip; <a href=\"http:\/\/www.denkfried.de\/wp\/?page_id=29544\">Weiterlesen <span class=\"meta-nav\">&rarr;<\/span><\/a><\/p>\n","protected":false},"author":9,"featured_media":0,"parent":24127,"menu_order":0,"comment_status":"closed","ping_status":"open","template":"","meta":{"footnotes":""},"class_list":["post-29544","page","type-page","status-publish","hentry"],"_links":{"self":[{"href":"http:\/\/www.denkfried.de\/wp\/index.php?rest_route=\/wp\/v2\/pages\/29544","targetHints":{"allow":["GET"]}}],"collection":[{"href":"http:\/\/www.denkfried.de\/wp\/index.php?rest_route=\/wp\/v2\/pages"}],"about":[{"href":"http:\/\/www.denkfried.de\/wp\/index.php?rest_route=\/wp\/v2\/types\/page"}],"author":[{"embeddable":true,"href":"http:\/\/www.denkfried.de\/wp\/index.php?rest_route=\/wp\/v2\/users\/9"}],"replies":[{"embeddable":true,"href":"http:\/\/www.denkfried.de\/wp\/index.php?rest_route=%2Fwp%2Fv2%2Fcomments&post=29544"}],"version-history":[{"count":27,"href":"http:\/\/www.denkfried.de\/wp\/index.php?rest_route=\/wp\/v2\/pages\/29544\/revisions"}],"predecessor-version":[{"id":40337,"href":"http:\/\/www.denkfried.de\/wp\/index.php?rest_route=\/wp\/v2\/pages\/29544\/revisions\/40337"}],"up":[{"embeddable":true,"href":"http:\/\/www.denkfried.de\/wp\/index.php?rest_route=\/wp\/v2\/pages\/24127"}],"wp:attachment":[{"href":"http:\/\/www.denkfried.de\/wp\/index.php?rest_route=%2Fwp%2Fv2%2Fmedia&parent=29544"}],"curies":[{"name":"wp","href":"https:\/\/api.w.org\/{rel}","templated":true}]}}