{"id":29535,"date":"2013-02-19T18:58:23","date_gmt":"2013-02-19T17:58:23","guid":{"rendered":"http:\/\/www.denkfried.de\/wp\/?page_id=29535"},"modified":"2015-12-30T22:13:10","modified_gmt":"2015-12-30T21:13:10","slug":"niedergorsdorf","status":"publish","type":"page","link":"http:\/\/www.denkfried.de\/wp\/?page_id=29535","title":{"rendered":"Niederg\u00f6rsdorf"},"content":{"rendered":"<p>&nbsp;<\/p>\n<p><strong>14913 Niederg\u00f6rsdorf<\/strong> \u2013 OT Niederg\u00f6rsdorf<\/p>\n<p>Bericht und Bilder von Thomas\u00a0 <a href=\"http:\/\/g-bb.jimdo.com\/\">Gefallenendenkm\u00e4ler Berlin\/Brandenburg<\/a><\/p>\n<div id='gallery-1' class='gallery galleryid-29535 gallery-columns-4 gallery-size-thumbnail'><dl class='gallery-item'>\n\t\t\t<dt class='gallery-icon landscape'>\n\t\t\t\t<a href='http:\/\/www.denkfried.de\/wp\/?attachment_id=31771'><img loading=\"lazy\" decoding=\"async\" width=\"150\" height=\"150\" src=\"http:\/\/www.denkfried.de\/wp\/wp-content\/uploads\/2013\/02\/Niederg\u00f6rsdorf-Denkmalsberg-150x150.jpg\" class=\"attachment-thumbnail size-thumbnail\" alt=\"\" \/><\/a>\n\t\t\t<\/dt><\/dl><dl class='gallery-item'>\n\t\t\t<dt class='gallery-icon landscape'>\n\t\t\t\t<a href='http:\/\/www.denkfried.de\/wp\/?attachment_id=29567'><img loading=\"lazy\" decoding=\"async\" width=\"150\" height=\"150\" src=\"http:\/\/www.denkfried.de\/wp\/wp-content\/uploads\/2013\/02\/Niederg\u00f6rsdorf-Obelisk-1813-150x150.jpg\" class=\"attachment-thumbnail size-thumbnail\" alt=\"\" \/><\/a>\n\t\t\t<\/dt><\/dl><dl class='gallery-item'>\n\t\t\t<dt class='gallery-icon landscape'>\n\t\t\t\t<a href='http:\/\/www.denkfried.de\/wp\/?attachment_id=31764'><img loading=\"lazy\" decoding=\"async\" width=\"150\" height=\"150\" src=\"http:\/\/www.denkfried.de\/wp\/wp-content\/uploads\/2013\/02\/Niederg\u00f6rsdorf-Olbelisk-1813-2-150x150.jpg\" class=\"attachment-thumbnail size-thumbnail\" alt=\"\" \/><\/a>\n\t\t\t<\/dt><\/dl><dl class='gallery-item'>\n\t\t\t<dt class='gallery-icon portrait'>\n\t\t\t\t<a href='http:\/\/www.denkfried.de\/wp\/?attachment_id=31765'><img loading=\"lazy\" decoding=\"async\" width=\"150\" height=\"150\" src=\"http:\/\/www.denkfried.de\/wp\/wp-content\/uploads\/2013\/02\/Niederg\u00f6rsdorf-Olbelisk-1813-6-150x150.jpg\" class=\"attachment-thumbnail size-thumbnail\" alt=\"\" \/><\/a>\n\t\t\t<\/dt><\/dl><br style=\"clear: both\" \/><dl class='gallery-item'>\n\t\t\t<dt class='gallery-icon landscape'>\n\t\t\t\t<a href='http:\/\/www.denkfried.de\/wp\/?attachment_id=29564'><img loading=\"lazy\" decoding=\"async\" width=\"150\" height=\"150\" src=\"http:\/\/www.denkfried.de\/wp\/wp-content\/uploads\/2013\/02\/Dennewitz-Ehrenhalle-150x150.jpg\" class=\"attachment-thumbnail size-thumbnail\" alt=\"\" \/><\/a>\n\t\t\t<\/dt><\/dl><dl class='gallery-item'>\n\t\t\t<dt class='gallery-icon landscape'>\n\t\t\t\t<a href='http:\/\/www.denkfried.de\/wp\/?attachment_id=29563'><img loading=\"lazy\" decoding=\"async\" width=\"150\" height=\"150\" src=\"http:\/\/www.denkfried.de\/wp\/wp-content\/uploads\/2013\/02\/Dennewitz-Ehrenhalle-innen-150x150.jpg\" class=\"attachment-thumbnail size-thumbnail\" alt=\"\" \/><\/a>\n\t\t\t<\/dt><\/dl><dl class='gallery-item'>\n\t\t\t<dt class='gallery-icon landscape'>\n\t\t\t\t<a href='http:\/\/www.denkfried.de\/wp\/?attachment_id=31762'><img loading=\"lazy\" decoding=\"async\" width=\"150\" height=\"150\" src=\"http:\/\/www.denkfried.de\/wp\/wp-content\/uploads\/2013\/02\/Niederg\u00f6rsdorf-Gedenkstein-1813-2-150x150.jpg\" class=\"attachment-thumbnail size-thumbnail\" alt=\"\" \/><\/a>\n\t\t\t<\/dt><\/dl><dl class='gallery-item'>\n\t\t\t<dt class='gallery-icon portrait'>\n\t\t\t\t<a href='http:\/\/www.denkfried.de\/wp\/?attachment_id=31763'><img loading=\"lazy\" decoding=\"async\" width=\"150\" height=\"150\" src=\"http:\/\/www.denkfried.de\/wp\/wp-content\/uploads\/2013\/02\/Niederg\u00f6rsdorf-Gedenkstein-1813-150x150.jpg\" class=\"attachment-thumbnail size-thumbnail\" alt=\"\" \/><\/a>\n\t\t\t<\/dt><\/dl><br style=\"clear: both\" \/><dl class='gallery-item'>\n\t\t\t<dt class='gallery-icon landscape'>\n\t\t\t\t<a href='http:\/\/www.denkfried.de\/wp\/?attachment_id=31761'><img loading=\"lazy\" decoding=\"async\" width=\"150\" height=\"150\" src=\"http:\/\/www.denkfried.de\/wp\/wp-content\/uploads\/2013\/02\/Niederg\u00f6rsdorf-Artilleriedenkmal-1813-150x150.jpg\" class=\"attachment-thumbnail size-thumbnail\" alt=\"\" \/><\/a>\n\t\t\t<\/dt><\/dl><dl class='gallery-item'>\n\t\t\t<dt class='gallery-icon portrait'>\n\t\t\t\t<a href='http:\/\/www.denkfried.de\/wp\/?attachment_id=31760'><img loading=\"lazy\" decoding=\"async\" width=\"150\" height=\"150\" src=\"http:\/\/www.denkfried.de\/wp\/wp-content\/uploads\/2013\/02\/Niederg\u00f6rsdorf-Artilleriedenkmal-1813-5-150x150.jpg\" class=\"attachment-thumbnail size-thumbnail\" alt=\"\" \/><\/a>\n\t\t\t<\/dt><\/dl><dl class='gallery-item'>\n\t\t\t<dt class='gallery-icon landscape'>\n\t\t\t\t<a href='http:\/\/www.denkfried.de\/wp\/?attachment_id=31770'><img loading=\"lazy\" decoding=\"async\" width=\"150\" height=\"150\" src=\"http:\/\/www.denkfried.de\/wp\/wp-content\/uploads\/2013\/02\/Niederg\u00f6rsdorf-Artilleriedenkmal-1813-4-150x150.jpg\" class=\"attachment-thumbnail size-thumbnail\" alt=\"\" \/><\/a>\n\t\t\t<\/dt><\/dl><dl class='gallery-item'>\n\t\t\t<dt class='gallery-icon landscape'>\n\t\t\t\t<a href='http:\/\/www.denkfried.de\/wp\/?attachment_id=31759'><img loading=\"lazy\" decoding=\"async\" width=\"150\" height=\"150\" src=\"http:\/\/www.denkfried.de\/wp\/wp-content\/uploads\/2013\/02\/Niederg\u00f6rsdorf-1939-1945-2-150x150.jpg\" class=\"attachment-thumbnail size-thumbnail\" alt=\"\" \/><\/a>\n\t\t\t<\/dt><\/dl><br style=\"clear: both\" \/>\n\t\t<\/div>\n\n<p><strong>Obelisk 1813 <\/strong>Der von Karl Friedrich Schinkel entworfene Obelisk, steht auf einer Anh\u00f6he zwischen Niederg\u00f6rsdorf und Dennewitz, &#8222;Am Denkmalsberg&#8220;. Als erstes Denkmal zur Schlacht Dennewitz, wurde es am 06. September 1817 eingeweiht. An dieser Stelle dr\u00e4ngte die Division des Generalleutnants August von Th\u00fcmen den Gegner zur\u00fcck. Das Denkmal besteht aus Gu\u00dfeisen, der Sockel aus Stein. Vorne ist folgende Inschrift zu lesen:<\/p>\n<p style=\"text-align: center;\"><em><strong>Die gefallenen Helden ehrt dankbar<br \/>\nK\u00f6nig und Vaterland.<br \/>\nSie ruhn in Frieden<\/strong><\/em><\/p>\n<p style=\"text-align: center;\"><em><strong>Dennewitz, den 6. September 1813<\/strong><\/em><\/p>\n<p><strong>Ruhmeshalle<\/strong> einst Am Denkmalsberg mit aufgebaut. Nach dem zweiten Weltkrieg, der Pl\u00fcnderung zum Opfer gefallen. Sp\u00e4ter wurde die &#8222;Ruhmeshalle&#8220; abgerissen.<\/p>\n<p><strong>Ein Gedenkstein<\/strong> aus Kalksandstein, befindet sich vor der Dorfkirche. Eingeweiht wurde er am 15.08.1904 durch Prinz Friedrich Heinrich.<\/p>\n<p style=\"text-align: center;\"><em><strong><span style=\"font-size: medium;\">Schutz bot einst unser Kirchlein<br \/>\nV\u00e4tern in drohender Kriegsnot<br \/>\n6. September 1813 2-3 Uhr<br \/>\nDrum zum Ged\u00e4chtnis dies mal<br \/>\nstiftet die freundliche Hand<br \/>\n1904<br \/>\nD. Stein widm. der Kriegsvet.<br \/>\nH\u00fcfner Friedr. M\u00fcller<\/span><\/strong><\/em><\/p>\n<address style=\"text-align: center;\">\u00a0<\/address>\n<p><strong>Artilleriedenkmal<\/strong> von Niederg\u00f6rsdorf, in richtung G\u00f6lsdorf. Vom Bahnhof Niederg\u00f6rsdorf aus ca. 100 Meter, hier befindet sich das gro\u00dfe Denkmal. Mittig aufallend sind Kanonenrohre und drei Kanonenkugeln angebracht, desweiteren folgende Inschrift:<span style=\"text-decoration: underline;\"><strong><br \/>\n<\/strong><\/span><\/p>\n<p style=\"text-align: center;\"><strong>Eurer Taten Verdienst meldet der r\u00fchrende Stein<\/strong><br \/>\n<strong>Batterie Spreuth \u00bd Batterie Baumgarten<\/strong><br \/>\n<strong>6. September 1813<\/strong><\/p>\n<h3 style=\"text-align: center;\"><strong>Neuerrichtet unter Beihilfe<\/strong><br \/>\n<strong> der 1.Batt. Pos. Feldart. Regt. Nr. 20<\/strong><br \/>\n<strong> (1813 Batt. Spreut)<\/strong><br \/>\n<strong> u. der 4. Batt. Mansfeld Feldart. Regt. Nr. 75<\/strong><br \/>\n<strong> (1813 \u00bd Batt. Baumgarten)<\/strong><\/h3>\n<h3 style=\"text-align: center;\"><strong>Hier k\u00e4mpften<\/strong><br \/>\n<strong> schwedische Artilleristen<\/strong><br \/>\n<strong> des k\u00f6niglichen<\/strong><br \/>\n<strong> Wendes Artillerieregiments<\/strong><br \/>\n<strong> von Carl von Cardell gef\u00fchrt<\/strong><\/h3>\n<p><strong>Gedenken oder Grab 1939-1945<\/strong><\/p>\n<p>Vom Eingang des Kirchhofs, befindet sich links neben der Kirche eine kleine Gedenkanlage. Auf einem Stein ist folgende Inschrift:<\/p>\n<p style=\"text-align: center;\"><em><strong>Den Toten zur Ehre<\/strong><\/em><\/p>\n<p style=\"text-align: center;\"><em><strong>+ 1945<\/strong><\/em><\/p>\n<p>&nbsp;<\/p>\n<p>&nbsp;<\/p>\n","protected":false},"excerpt":{"rendered":"<p>&nbsp; 14913 Niederg\u00f6rsdorf \u2013 OT Niederg\u00f6rsdorf Bericht und Bilder von Thomas\u00a0 Gefallenendenkm\u00e4ler Berlin\/Brandenburg Obelisk 1813 Der von Karl Friedrich Schinkel entworfene Obelisk, steht auf einer Anh\u00f6he zwischen Niederg\u00f6rsdorf und Dennewitz, &#8222;Am Denkmalsberg&#8220;. Als erstes Denkmal zur Schlacht Dennewitz, wurde es &hellip; <a href=\"http:\/\/www.denkfried.de\/wp\/?page_id=29535\">Weiterlesen <span class=\"meta-nav\">&rarr;<\/span><\/a><\/p>\n","protected":false},"author":9,"featured_media":0,"parent":24127,"menu_order":0,"comment_status":"closed","ping_status":"open","template":"","meta":{"footnotes":""},"class_list":["post-29535","page","type-page","status-publish","hentry"],"_links":{"self":[{"href":"http:\/\/www.denkfried.de\/wp\/index.php?rest_route=\/wp\/v2\/pages\/29535","targetHints":{"allow":["GET"]}}],"collection":[{"href":"http:\/\/www.denkfried.de\/wp\/index.php?rest_route=\/wp\/v2\/pages"}],"about":[{"href":"http:\/\/www.denkfried.de\/wp\/index.php?rest_route=\/wp\/v2\/types\/page"}],"author":[{"embeddable":true,"href":"http:\/\/www.denkfried.de\/wp\/index.php?rest_route=\/wp\/v2\/users\/9"}],"replies":[{"embeddable":true,"href":"http:\/\/www.denkfried.de\/wp\/index.php?rest_route=%2Fwp%2Fv2%2Fcomments&post=29535"}],"version-history":[{"count":24,"href":"http:\/\/www.denkfried.de\/wp\/index.php?rest_route=\/wp\/v2\/pages\/29535\/revisions"}],"predecessor-version":[{"id":40344,"href":"http:\/\/www.denkfried.de\/wp\/index.php?rest_route=\/wp\/v2\/pages\/29535\/revisions\/40344"}],"up":[{"embeddable":true,"href":"http:\/\/www.denkfried.de\/wp\/index.php?rest_route=\/wp\/v2\/pages\/24127"}],"wp:attachment":[{"href":"http:\/\/www.denkfried.de\/wp\/index.php?rest_route=%2Fwp%2Fv2%2Fmedia&parent=29535"}],"curies":[{"name":"wp","href":"https:\/\/api.w.org\/{rel}","templated":true}]}}