{"id":29493,"date":"2013-02-18T21:34:52","date_gmt":"2013-02-18T20:34:52","guid":{"rendered":"http:\/\/www.denkfried.de\/wp\/?page_id=29493"},"modified":"2015-12-30T22:15:26","modified_gmt":"2015-12-30T21:15:26","slug":"oehna","status":"publish","type":"page","link":"http:\/\/www.denkfried.de\/wp\/?page_id=29493","title":{"rendered":"Oehna"},"content":{"rendered":"<p>&nbsp;<\/p>\n<p><strong>14913 Niederg\u00f6rsdorf<\/strong> \u2013 OT Oehna<\/p>\n<p>Bericht und Bilder von Thomas\u00a0 <a href=\"http:\/\/g-bb.jimdo.com\/\">Gefallenendenkm\u00e4ler Berlin\/Brandenburg<\/a><\/p>\n<div id='gallery-1' class='gallery galleryid-29493 gallery-columns-4 gallery-size-thumbnail'><dl class='gallery-item'>\n\t\t\t<dt class='gallery-icon landscape'>\n\t\t\t\t<a href='http:\/\/www.denkfried.de\/wp\/?attachment_id=31836'><img loading=\"lazy\" decoding=\"async\" width=\"150\" height=\"150\" src=\"http:\/\/www.denkfried.de\/wp\/wp-content\/uploads\/2013\/02\/Oehna-Denkmal-8-150x150.jpg\" class=\"attachment-thumbnail size-thumbnail\" alt=\"\" \/><\/a>\n\t\t\t<\/dt><\/dl><dl class='gallery-item'>\n\t\t\t<dt class='gallery-icon portrait'>\n\t\t\t\t<a href='http:\/\/www.denkfried.de\/wp\/?attachment_id=31833'><img loading=\"lazy\" decoding=\"async\" width=\"150\" height=\"150\" src=\"http:\/\/www.denkfried.de\/wp\/wp-content\/uploads\/2013\/02\/Oehna-Denkmal-150x150.jpg\" class=\"attachment-thumbnail size-thumbnail\" alt=\"\" \/><\/a>\n\t\t\t<\/dt><\/dl><dl class='gallery-item'>\n\t\t\t<dt class='gallery-icon portrait'>\n\t\t\t\t<a href='http:\/\/www.denkfried.de\/wp\/?attachment_id=31835'><img loading=\"lazy\" decoding=\"async\" width=\"150\" height=\"150\" src=\"http:\/\/www.denkfried.de\/wp\/wp-content\/uploads\/2013\/02\/Oehna-Denkmal-6-150x150.jpg\" class=\"attachment-thumbnail size-thumbnail\" alt=\"\" \/><\/a>\n\t\t\t<\/dt><\/dl><dl class='gallery-item'>\n\t\t\t<dt class='gallery-icon landscape'>\n\t\t\t\t<a href='http:\/\/www.denkfried.de\/wp\/?attachment_id=31834'><img loading=\"lazy\" decoding=\"async\" width=\"150\" height=\"150\" src=\"http:\/\/www.denkfried.de\/wp\/wp-content\/uploads\/2013\/02\/Oehna-Denkmal-5-150x150.jpg\" class=\"attachment-thumbnail size-thumbnail\" alt=\"\" \/><\/a>\n\t\t\t<\/dt><\/dl><br style=\"clear: both\" \/><dl class='gallery-item'>\n\t\t\t<dt class='gallery-icon landscape'>\n\t\t\t\t<a href='http:\/\/www.denkfried.de\/wp\/?attachment_id=31839'><img loading=\"lazy\" decoding=\"async\" width=\"150\" height=\"150\" src=\"http:\/\/www.denkfried.de\/wp\/wp-content\/uploads\/2013\/02\/Oehna-Kriegsopfer-1939-1945-150x150.jpg\" class=\"attachment-thumbnail size-thumbnail\" alt=\"\" \/><\/a>\n\t\t\t<\/dt><\/dl><dl class='gallery-item'>\n\t\t\t<dt class='gallery-icon landscape'>\n\t\t\t\t<a href='http:\/\/www.denkfried.de\/wp\/?attachment_id=31837'><img loading=\"lazy\" decoding=\"async\" width=\"150\" height=\"150\" src=\"http:\/\/www.denkfried.de\/wp\/wp-content\/uploads\/2013\/02\/Oehna-Kriegsopfer-1939-1945-2-150x150.jpg\" class=\"attachment-thumbnail size-thumbnail\" alt=\"\" \/><\/a>\n\t\t\t<\/dt><\/dl><dl class='gallery-item'>\n\t\t\t<dt class='gallery-icon landscape'>\n\t\t\t\t<a href='http:\/\/www.denkfried.de\/wp\/?attachment_id=31838'><img loading=\"lazy\" decoding=\"async\" width=\"150\" height=\"150\" src=\"http:\/\/www.denkfried.de\/wp\/wp-content\/uploads\/2013\/02\/Oehna-Kriegsopfer-1939-1945-4-150x150.jpg\" class=\"attachment-thumbnail size-thumbnail\" alt=\"\" \/><\/a>\n\t\t\t<\/dt><\/dl>\n\t\t\t<br style='clear: both' \/>\n\t\t<\/div>\n\n<p>Ein Denkmal in der n\u00e4he der Dorfkirche, erinnert an die Gefallenen der beiden Weltkriege.<\/p>\n<address style=\"text-align: center;\"><em><strong>\u00a0Den im Weltkriege 1914-1918<\/strong><\/em><\/address>\n<address style=\"text-align: center;\"><em><strong>gebliebenen Helden<\/strong><\/em><\/address>\n<address style=\"text-align: center;\"><em><strong>in dankbarer Erinnerung<\/strong><\/em><\/address>\n<address style=\"text-align: center;\"><em><strong>Gemeinde Oehna<\/strong><\/em><\/address>\n<address style=\"text-align: center;\">\u00a0<\/address>\n<address style=\"text-align: center;\"><em><strong>In Erinnerung<\/strong><\/em><\/address>\n<address style=\"text-align: center;\"><em><strong>an die Gefallenen und Opfer<\/strong><\/em><\/address>\n<address style=\"text-align: center;\"><em><strong>des Weltkrieges 1939-1945<\/strong><\/em><\/address>\n<address style=\"text-align: center;\">\u00a0<\/address>\n<p>Seitlich sind Namen aufgef\u00fchrt, lesbar ist nur noch eine Seite. Es konnten 9 Namen in die datenbank \u00fcbernommen werden. Auf der R\u00fcckseite ist <strong>Gottfried Haseloff<\/strong> J\u00e4ger im 9. J\u00e4ger Bataillon, aufgef\u00fchrt. Er fiel im deutsch-franz\u00f6sischen Krieg am 08.12.1870 bei Beaugency.<strong><br \/>\n<\/strong><\/p>\n<p><strong>Feldgrab 1939-1945<br \/>\n<\/strong><\/p>\n<p>In der n\u00e4he des Bahnhofes, gibt es ein Grab, welches nicht gekennzeichnet ist. In einem verwilderten Garten, befindet sich noch diese Grabstelle. Hier wurden um den 20. April 1945 herum, ca. 20 Oehna B\u00fcrger von der Roten Armee ermordet und begraben. Zum Geschehen:<\/p>\n<p><em>Einige Betrunkene russische Soldaten, wollten in dem Haus eine Frau Vergewaltigen. Zum Zeitpunkt wohnte hier weitere russische Soldat, der das verhindern wollte, dabei fielen Sch\u00fc\u00dfe. Der russische Soldat starb, um das zu Vertuschen wurden die leichen begraben. Die Soldaten gaben an vom Volkssturm angegriffen worden zu sein, darauf wurden wahllos M\u00e4nner herbeigeschafft und auf dem Bahnsteig erschossen. Unter vielen Oehnaern setzte Panik ein. Es kam sogar zu Selbstmorden. So t\u00f6tete der Bahnhofsvorsteher von Oehna erst seine Frau und seine Kinder, dann seine Schw\u00e4gerin und deren Kinder, um sich zum Schluss selbst das Leben zu nehmen.<\/em><\/p>\n<p>Nach Angaben von Einwohner wurde das Grab bis ca. 1960 gut gepflegt. Nun 2013 will der B\u00fcrgermeister die Grabstelle herrichten und Pflegen lassen. Erst mu\u00df der Eigent\u00fcmer gefunden werden.<\/p>\n<p>Quellen: Informationen zum Grab vom Ortschonisten <a href=\"http:\/\/www.henrik-schulze.de\/\">Henrik Schulze<\/a><\/p>\n<p>MAZ 16.09.2010, Das geheime Grab von Oehna &#8211; Opfer einer Gewaltaktion von Sowjetsoldaten sollen nach 60 Jahren w\u00fcrdig beerdigt werden<\/p>\n<p>&nbsp;<\/p>\n","protected":false},"excerpt":{"rendered":"<p>&nbsp; 14913 Niederg\u00f6rsdorf \u2013 OT Oehna Bericht und Bilder von Thomas\u00a0 Gefallenendenkm\u00e4ler Berlin\/Brandenburg Ein Denkmal in der n\u00e4he der Dorfkirche, erinnert an die Gefallenen der beiden Weltkriege. \u00a0Den im Weltkriege 1914-1918 gebliebenen Helden in dankbarer Erinnerung Gemeinde Oehna \u00a0 In &hellip; <a href=\"http:\/\/www.denkfried.de\/wp\/?page_id=29493\">Weiterlesen <span class=\"meta-nav\">&rarr;<\/span><\/a><\/p>\n","protected":false},"author":9,"featured_media":0,"parent":24127,"menu_order":0,"comment_status":"closed","ping_status":"open","template":"","meta":{"footnotes":""},"class_list":["post-29493","page","type-page","status-publish","hentry"],"_links":{"self":[{"href":"http:\/\/www.denkfried.de\/wp\/index.php?rest_route=\/wp\/v2\/pages\/29493","targetHints":{"allow":["GET"]}}],"collection":[{"href":"http:\/\/www.denkfried.de\/wp\/index.php?rest_route=\/wp\/v2\/pages"}],"about":[{"href":"http:\/\/www.denkfried.de\/wp\/index.php?rest_route=\/wp\/v2\/types\/page"}],"author":[{"embeddable":true,"href":"http:\/\/www.denkfried.de\/wp\/index.php?rest_route=\/wp\/v2\/users\/9"}],"replies":[{"embeddable":true,"href":"http:\/\/www.denkfried.de\/wp\/index.php?rest_route=%2Fwp%2Fv2%2Fcomments&post=29493"}],"version-history":[{"count":19,"href":"http:\/\/www.denkfried.de\/wp\/index.php?rest_route=\/wp\/v2\/pages\/29493\/revisions"}],"predecessor-version":[{"id":40345,"href":"http:\/\/www.denkfried.de\/wp\/index.php?rest_route=\/wp\/v2\/pages\/29493\/revisions\/40345"}],"up":[{"embeddable":true,"href":"http:\/\/www.denkfried.de\/wp\/index.php?rest_route=\/wp\/v2\/pages\/24127"}],"wp:attachment":[{"href":"http:\/\/www.denkfried.de\/wp\/index.php?rest_route=%2Fwp%2Fv2%2Fmedia&parent=29493"}],"curies":[{"name":"wp","href":"https:\/\/api.w.org\/{rel}","templated":true}]}}