{"id":29477,"date":"2013-02-18T21:06:07","date_gmt":"2013-02-18T20:06:07","guid":{"rendered":"http:\/\/www.denkfried.de\/wp\/?page_id=29477"},"modified":"2015-12-30T22:18:28","modified_gmt":"2015-12-30T21:18:28","slug":"seehausen","status":"publish","type":"page","link":"http:\/\/www.denkfried.de\/wp\/?page_id=29477","title":{"rendered":"Seehausen"},"content":{"rendered":"<p>&nbsp;<\/p>\n<p><strong>14913 Niederg\u00f6rsdorf<\/strong> \u2013 OT Seehausen<\/p>\n<p>Bericht und Bilder von Thomas\u00a0 <a href=\"http:\/\/g-bb.jimdo.com\/\">Gefallenendenkm\u00e4ler Berlin\/Brandenburg<\/a><\/p>\n<div id='gallery-1' class='gallery galleryid-29477 gallery-columns-3 gallery-size-thumbnail'><dl class='gallery-item'>\n\t\t\t<dt class='gallery-icon portrait'>\n\t\t\t\t<a href='http:\/\/www.denkfried.de\/wp\/?attachment_id=31856'><img loading=\"lazy\" decoding=\"async\" width=\"150\" height=\"150\" src=\"http:\/\/www.denkfried.de\/wp\/wp-content\/uploads\/2013\/02\/Seehausen-Denkmal-1914-1918-150x150.jpg\" class=\"attachment-thumbnail size-thumbnail\" alt=\"\" \/><\/a>\n\t\t\t<\/dt><\/dl><dl class='gallery-item'>\n\t\t\t<dt class='gallery-icon portrait'>\n\t\t\t\t<a href='http:\/\/www.denkfried.de\/wp\/?attachment_id=31854'><img loading=\"lazy\" decoding=\"async\" width=\"150\" height=\"150\" src=\"http:\/\/www.denkfried.de\/wp\/wp-content\/uploads\/2013\/02\/Seehausen-Denkmal-1914-1918-5-150x150.jpg\" class=\"attachment-thumbnail size-thumbnail\" alt=\"\" \/><\/a>\n\t\t\t<\/dt><\/dl><dl class='gallery-item'>\n\t\t\t<dt class='gallery-icon portrait'>\n\t\t\t\t<a href='http:\/\/www.denkfried.de\/wp\/?attachment_id=31855'><img loading=\"lazy\" decoding=\"async\" width=\"150\" height=\"150\" src=\"http:\/\/www.denkfried.de\/wp\/wp-content\/uploads\/2013\/02\/Seehausen-Denkmal-1914-1918-6-150x150.jpg\" class=\"attachment-thumbnail size-thumbnail\" alt=\"\" \/><\/a>\n\t\t\t<\/dt><\/dl><br style=\"clear: both\" \/><dl class='gallery-item'>\n\t\t\t<dt class='gallery-icon landscape'>\n\t\t\t\t<a href='http:\/\/www.denkfried.de\/wp\/?attachment_id=31859'><img loading=\"lazy\" decoding=\"async\" width=\"150\" height=\"150\" src=\"http:\/\/www.denkfried.de\/wp\/wp-content\/uploads\/2013\/02\/Seehausen-Gedenken-Weltkriege-2-150x150.jpg\" class=\"attachment-thumbnail size-thumbnail\" alt=\"\" \/><\/a>\n\t\t\t<\/dt><\/dl><dl class='gallery-item'>\n\t\t\t<dt class='gallery-icon landscape'>\n\t\t\t\t<a href='http:\/\/www.denkfried.de\/wp\/?attachment_id=31858'><img loading=\"lazy\" decoding=\"async\" width=\"150\" height=\"150\" src=\"http:\/\/www.denkfried.de\/wp\/wp-content\/uploads\/2013\/02\/Seehausen-Gedenkbuch-Weltkriege-150x150.jpg\" class=\"attachment-thumbnail size-thumbnail\" alt=\"\" \/><\/a>\n\t\t\t<\/dt><\/dl><dl class='gallery-item'>\n\t\t\t<dt class='gallery-icon landscape'>\n\t\t\t\t<a href='http:\/\/www.denkfried.de\/wp\/?attachment_id=31857'><img loading=\"lazy\" decoding=\"async\" width=\"150\" height=\"150\" src=\"http:\/\/www.denkfried.de\/wp\/wp-content\/uploads\/2013\/02\/Seehausen-Gedenkbuch-150x150.jpg\" class=\"attachment-thumbnail size-thumbnail\" alt=\"\" \/><\/a>\n\t\t\t<\/dt><\/dl><br style=\"clear: both\" \/>\n\t\t<\/div>\n\n<p>Im Zuge der Befreiungskriege von 1813, fiel Seehausen Pl\u00fcnderungen und Br\u00e4nde zum Opfer.<\/p>\n<p>Im Ortskern befindet sich ein Denkmal, f\u00fcr 21 Gefallenen des ersten Weltkrieges. Folgende Inschriften sind am Denkmal:<\/p>\n<address style=\"text-align: center;\"><em><strong>F\u00fcr Vaterland und Heimat starben:<\/strong><\/em><\/address>\n<address style=\"text-align: center;\">\u00a0<\/address>\n<address style=\"text-align: center;\"><em><strong>1914-1918<\/strong><\/em><\/address>\n<address style=\"text-align: center;\">\u00a0<\/address>\n<address style=\"text-align: center;\"><em><strong>In Dankbarkeit gewidmet<\/strong><\/em><\/address>\n<address style=\"text-align: center;\"><em><strong>von der Gemeinde<\/strong><\/em><\/address>\n<address style=\"text-align: center;\"><em><strong>Seehausen<\/strong><\/em><\/address>\n<address style=\"text-align: center;\">\u00a0<\/address>\n<address style=\"text-align: center;\"><em><strong>Die Heimat hinterliesen sie<\/strong><\/em><\/address>\n<address style=\"text-align: center;\"><em><strong>ein heiliges Verm\u00e4chtnis:<\/strong><\/em><\/address>\n<address style=\"text-align: center;\"><em><strong>In ihren Geiste lebt und pflegt<\/strong><\/em><\/address>\n<address style=\"text-align: center;\"><em><strong>durch Taten ihr Ged\u00e4chtnis!<\/strong><\/em><\/address>\n<address style=\"text-align: center;\">\u00a0<\/address>\n<address style=\"text-align: center;\"><strong>Den Opfern von Krieg und Gewaltherrschaft!<\/strong><\/address>\n<address style=\"text-align: center;\">\u00a0<\/address>\n<p><strong>Gedenken in der Kirche.<\/strong> Den Toten beider Weltkriege, ist hier zum Gedenken ein Ehrenbuch angelegt worden. Das Buch ist in einer Schachtel, dar\u00fcber sind die Kriegsjahre, aus Eisen an die Wand angebracht, zwischen den Kriegen ist ein Kreuz. F\u00fcr den ersten Weltkrieg sind die 21 aufgef\u00fchrt, die auch am Denkmal sind. F\u00fcr den zweiten Weltkrieg sind hier 32 Namen niedergeschrieben.<\/p>\n<p>Die Namen wurden in die Datenbanken eingepflegt.<\/p>\n<p>&nbsp;<\/p>\n","protected":false},"excerpt":{"rendered":"<p>&nbsp; 14913 Niederg\u00f6rsdorf \u2013 OT Seehausen Bericht und Bilder von Thomas\u00a0 Gefallenendenkm\u00e4ler Berlin\/Brandenburg Im Zuge der Befreiungskriege von 1813, fiel Seehausen Pl\u00fcnderungen und Br\u00e4nde zum Opfer. Im Ortskern befindet sich ein Denkmal, f\u00fcr 21 Gefallenen des ersten Weltkrieges. Folgende Inschriften &hellip; <a href=\"http:\/\/www.denkfried.de\/wp\/?page_id=29477\">Weiterlesen <span class=\"meta-nav\">&rarr;<\/span><\/a><\/p>\n","protected":false},"author":9,"featured_media":0,"parent":24127,"menu_order":0,"comment_status":"closed","ping_status":"open","template":"","meta":{"footnotes":""},"class_list":["post-29477","page","type-page","status-publish","hentry"],"_links":{"self":[{"href":"http:\/\/www.denkfried.de\/wp\/index.php?rest_route=\/wp\/v2\/pages\/29477","targetHints":{"allow":["GET"]}}],"collection":[{"href":"http:\/\/www.denkfried.de\/wp\/index.php?rest_route=\/wp\/v2\/pages"}],"about":[{"href":"http:\/\/www.denkfried.de\/wp\/index.php?rest_route=\/wp\/v2\/types\/page"}],"author":[{"embeddable":true,"href":"http:\/\/www.denkfried.de\/wp\/index.php?rest_route=\/wp\/v2\/users\/9"}],"replies":[{"embeddable":true,"href":"http:\/\/www.denkfried.de\/wp\/index.php?rest_route=%2Fwp%2Fv2%2Fcomments&post=29477"}],"version-history":[{"count":12,"href":"http:\/\/www.denkfried.de\/wp\/index.php?rest_route=\/wp\/v2\/pages\/29477\/revisions"}],"predecessor-version":[{"id":40349,"href":"http:\/\/www.denkfried.de\/wp\/index.php?rest_route=\/wp\/v2\/pages\/29477\/revisions\/40349"}],"up":[{"embeddable":true,"href":"http:\/\/www.denkfried.de\/wp\/index.php?rest_route=\/wp\/v2\/pages\/24127"}],"wp:attachment":[{"href":"http:\/\/www.denkfried.de\/wp\/index.php?rest_route=%2Fwp%2Fv2%2Fmedia&parent=29477"}],"curies":[{"name":"wp","href":"https:\/\/api.w.org\/{rel}","templated":true}]}}