{"id":29437,"date":"2013-02-17T17:03:55","date_gmt":"2013-02-17T16:03:55","guid":{"rendered":"http:\/\/www.denkfried.de\/wp\/?page_id=29437"},"modified":"2013-12-22T19:50:19","modified_gmt":"2013-12-22T18:50:19","slug":"nedlitz","status":"publish","type":"page","link":"http:\/\/www.denkfried.de\/wp\/?page_id=29437","title":{"rendered":"Nedlitz"},"content":{"rendered":"<p>&nbsp;<\/p>\n<p><strong>Potsdam<\/strong> &#8211; Ortsteil Nedlitz<\/p>\n<p>Bericht von Thomas <a href=\"http:\/\/potsdamer-ehrenmale.de.tl\/Hauptseite.htm\">Potsdamer-Ehrenmale.de<\/a><\/p>\n<div id='gallery-1' class='gallery galleryid-29437 gallery-columns-3 gallery-size-thumbnail'><dl class='gallery-item'>\n\t\t\t<dt class='gallery-icon landscape'>\n\t\t\t\t<a href='http:\/\/www.denkfried.de\/wp\/?attachment_id=29440'><img loading=\"lazy\" decoding=\"async\" width=\"150\" height=\"150\" src=\"http:\/\/www.denkfried.de\/wp\/wp-content\/uploads\/2013\/02\/00002851-150x150.jpg\" class=\"attachment-thumbnail size-thumbnail\" alt=\"\" \/><\/a>\n\t\t\t<\/dt><\/dl><dl class='gallery-item'>\n\t\t\t<dt class='gallery-icon portrait'>\n\t\t\t\t<a href='http:\/\/www.denkfried.de\/wp\/?attachment_id=30666'><img loading=\"lazy\" decoding=\"async\" width=\"150\" height=\"150\" src=\"http:\/\/www.denkfried.de\/wp\/wp-content\/uploads\/2013\/02\/Potsdam-nedlitz-Gefallenendenkmal-150x150.jpg\" class=\"attachment-thumbnail size-thumbnail\" alt=\"\" \/><\/a>\n\t\t\t<\/dt><\/dl><dl class='gallery-item'>\n\t\t\t<dt class='gallery-icon portrait'>\n\t\t\t\t<a href='http:\/\/www.denkfried.de\/wp\/?attachment_id=30667'><img loading=\"lazy\" decoding=\"async\" width=\"150\" height=\"150\" src=\"http:\/\/www.denkfried.de\/wp\/wp-content\/uploads\/2013\/02\/Potsdam-Nedlitz-Gefallenendenkmal-2-150x150.jpg\" class=\"attachment-thumbnail size-thumbnail\" alt=\"\" \/><\/a>\n\t\t\t<\/dt><\/dl><br style=\"clear: both\" \/><dl class='gallery-item'>\n\t\t\t<dt class='gallery-icon landscape'>\n\t\t\t\t<a href='http:\/\/www.denkfried.de\/wp\/?attachment_id=33754'><img loading=\"lazy\" decoding=\"async\" width=\"150\" height=\"150\" src=\"http:\/\/www.denkfried.de\/wp\/wp-content\/uploads\/2013\/02\/Nedlitz-Kaserne-150x150.jpg\" class=\"attachment-thumbnail size-thumbnail\" alt=\"\" \/><\/a>\n\t\t\t<\/dt><\/dl><dl class='gallery-item'>\n\t\t\t<dt class='gallery-icon landscape'>\n\t\t\t\t<a href='http:\/\/www.denkfried.de\/wp\/?attachment_id=33700'><img loading=\"lazy\" decoding=\"async\" width=\"150\" height=\"150\" src=\"http:\/\/www.denkfried.de\/wp\/wp-content\/uploads\/2013\/02\/Nedlitz-Kaserne-Blick-zum-Hof-150x150.jpg\" class=\"attachment-thumbnail size-thumbnail\" alt=\"\" \/><\/a>\n\t\t\t<\/dt><\/dl><dl class='gallery-item'>\n\t\t\t<dt class='gallery-icon landscape'>\n\t\t\t\t<a href='http:\/\/www.denkfried.de\/wp\/?attachment_id=33701'><img loading=\"lazy\" decoding=\"async\" width=\"150\" height=\"150\" src=\"http:\/\/www.denkfried.de\/wp\/wp-content\/uploads\/2013\/02\/Nedlitz-Standpunkt-Denkmal-3-150x150.jpg\" class=\"attachment-thumbnail size-thumbnail\" alt=\"\" \/><\/a>\n\t\t\t<\/dt><\/dl><br style=\"clear: both\" \/>\n\t\t<\/div>\n\n<p>Ehemaliges Denkmal in der Kaserne der 3. (Preussische) Nachrichten Abteilung. Auf dem Gel\u00e4nde, befand sich es ein Traditions Denkmal des Telegraphen Bataillons I. Es wurde in Gedenken an die Gefallenen im ersten Weltkrieg errichtet. Vorne am Sockel sind zwei L\u00f6wen eingearbeitet, oben ein Soldatenrelief. Mittig befand sich folgende Inschrift:<\/p>\n<address style=\"text-align: center;\"><em><strong>Ihren <\/strong><\/em><\/address>\n<address style=\"text-align: center;\"><em><strong>im Weltkriege 1914-1918<\/strong><\/em><\/address>\n<address style=\"text-align: center;\"><em><strong>Gefallenen Kameraden<\/strong><\/em><\/address>\n<address style=\"text-align: center;\"><em><strong>Offizieren<\/strong><\/em><\/address>\n<address style=\"text-align: center;\"><em><strong>Unteroffizieren<\/strong><\/em><\/address>\n<address style=\"text-align: center;\"><em><strong>u. Mannschaften<\/strong><\/em><\/address>\n<address style=\"text-align: center;\"><em><strong>das Offizierkorps<\/strong><\/em><\/address>\n<address style=\"text-align: center;\"><em><strong>u. das Unteroffizierkorps<\/strong><\/em><\/address>\n<address style=\"text-align: center;\"><strong>Des ehemaligen<\/strong><\/address>\n<address style=\"text-align: center;\"><strong>Kgl-.Preussischen<\/strong><\/address>\n<address style=\"text-align: center;\"><strong>Telegaphen<\/strong><\/address>\n<address style=\"text-align: center;\"><strong>Bataillons Nr. 1<\/strong><\/address>\n<address style=\"text-align: center;\"><strong>\u00a0<\/strong><\/address>\n<address style=\"text-align: center;\"><strong>Ehre<\/strong><\/address>\n<address style=\"text-align: center;\"><strong>Ihrem Andenken!<\/strong><\/address>\n<address style=\"text-align: center;\">\u00a0<\/address>\n<p><strong>Geschichtliches:<\/strong><\/p>\n<p>In der Kaserne des 2. und 4. Garde-Feldartillerie-Regiments, in der Nedlitz Stra\u00dfe. Stiftungsjahr war 1808, in den Befreiungskriegen von 1813 k\u00e4mpfte die 6. pf\u00fcndige Fu\u00df-Batterie Nr. 13. Im ersten Weltkrieg nahmen die Regimenter an mehren Schlachten Teil. 471 Tote waren zu beklagen, ihnen wurde 1923 <strong><a href=\"http:\/\/www.denkfried.de\/wp\/?page_id=4530\">ein Denkmal<\/a><\/strong> errichtet. Es wurde jedoch nicht auf dem Gel\u00e4nde aufgestellt. Nach den 1. Weltkrieg wurde das 2. Garde-Feldartillerie-Regiment, aufgel\u00f6st und durch die 7. Batterie des Artillerie-Regiments 2 der Reichswehr fortgesetzt. Das 4. Garde-Feldartillerie-Regiment wurde nach den ersten Weltkrieg, durch die 10. Batterie des 3. (Preu\u00df.) Artillerie-Regiments fortgef\u00fchrt. Ab 1938 wurde die errichtete &#8222;Delius-Kaserne&#8220; von der Wehrmacht und Reichswehr, als Artillerie uns Nachrichtenkaserne genutzt.<\/p>\n<p>Ein Bild wurde von <a href=\"http:\/\/www.grussauspotsdam.de\/\">Gruss aus Potsdam.de<\/a> zur Verf\u00fcgung gestellt.<\/p>\n","protected":false},"excerpt":{"rendered":"<p>&nbsp; Potsdam &#8211; Ortsteil Nedlitz Bericht von Thomas Potsdamer-Ehrenmale.de Ehemaliges Denkmal in der Kaserne der 3. (Preussische) Nachrichten Abteilung. Auf dem Gel\u00e4nde, befand sich es ein Traditions Denkmal des Telegraphen Bataillons I. Es wurde in Gedenken an die Gefallenen im &hellip; <a href=\"http:\/\/www.denkfried.de\/wp\/?page_id=29437\">Weiterlesen <span class=\"meta-nav\">&rarr;<\/span><\/a><\/p>\n","protected":false},"author":9,"featured_media":0,"parent":4652,"menu_order":0,"comment_status":"closed","ping_status":"open","template":"","meta":{"footnotes":""},"class_list":["post-29437","page","type-page","status-publish","hentry"],"_links":{"self":[{"href":"http:\/\/www.denkfried.de\/wp\/index.php?rest_route=\/wp\/v2\/pages\/29437","targetHints":{"allow":["GET"]}}],"collection":[{"href":"http:\/\/www.denkfried.de\/wp\/index.php?rest_route=\/wp\/v2\/pages"}],"about":[{"href":"http:\/\/www.denkfried.de\/wp\/index.php?rest_route=\/wp\/v2\/types\/page"}],"author":[{"embeddable":true,"href":"http:\/\/www.denkfried.de\/wp\/index.php?rest_route=\/wp\/v2\/users\/9"}],"replies":[{"embeddable":true,"href":"http:\/\/www.denkfried.de\/wp\/index.php?rest_route=%2Fwp%2Fv2%2Fcomments&post=29437"}],"version-history":[{"count":20,"href":"http:\/\/www.denkfried.de\/wp\/index.php?rest_route=\/wp\/v2\/pages\/29437\/revisions"}],"predecessor-version":[{"id":33755,"href":"http:\/\/www.denkfried.de\/wp\/index.php?rest_route=\/wp\/v2\/pages\/29437\/revisions\/33755"}],"up":[{"embeddable":true,"href":"http:\/\/www.denkfried.de\/wp\/index.php?rest_route=\/wp\/v2\/pages\/4652"}],"wp:attachment":[{"href":"http:\/\/www.denkfried.de\/wp\/index.php?rest_route=%2Fwp%2Fv2%2Fmedia&parent=29437"}],"curies":[{"name":"wp","href":"https:\/\/api.w.org\/{rel}","templated":true}]}}