{"id":29333,"date":"2013-02-08T18:17:02","date_gmt":"2013-02-08T17:17:02","guid":{"rendered":"http:\/\/www.denkfried.de\/wp\/?page_id=29333"},"modified":"2013-02-09T11:51:56","modified_gmt":"2013-02-09T10:51:56","slug":"kleve-gedenkschrift-bombenopfer","status":"publish","type":"page","link":"http:\/\/www.denkfried.de\/wp\/?page_id=29333","title":{"rendered":"Kleve Gedenkschrift Bombenopfer"},"content":{"rendered":"<p>&nbsp;<\/p>\n<p><strong>Der Tag an dem Kleve in Schutt und Asche versank<\/strong><\/p>\n<p>Eine Gedenkschrift zum 50. Jahrestag der Zerst\u00f6rung Kleves am 7. Oktober 1944<\/p>\n<p>Des Heft erschien im Oktober 1994 zur Gedenkfeier, es wurde von der Arbeitsgemeinschaft der Heimatvereine in der Stadt Kleve herausgegeben.<\/p>\n<p>Bericht von Thomas <a href=\"http:\/\/potsdamer-ehrenmale.de.tl\/Hauptseite.htm\">Potsdamer-Ehrenmale.de<\/a><\/p>\n<div id='gallery-1' class='gallery galleryid-29333 gallery-columns-4 gallery-size-thumbnail'><dl class='gallery-item'>\n\t\t\t<dt class='gallery-icon portrait'>\n\t\t\t\t<a href='http:\/\/www.denkfried.de\/wp\/?attachment_id=29356'><img loading=\"lazy\" decoding=\"async\" width=\"150\" height=\"150\" src=\"http:\/\/www.denkfried.de\/wp\/wp-content\/uploads\/2013\/02\/Kleve-Gedenkbuch-Zivile-Opfer-150x150.jpg\" class=\"attachment-thumbnail size-thumbnail\" alt=\"\" \/><\/a>\n\t\t\t<\/dt><\/dl><dl class='gallery-item'>\n\t\t\t<dt class='gallery-icon portrait'>\n\t\t\t\t<a href='http:\/\/www.denkfried.de\/wp\/?attachment_id=29357'><img loading=\"lazy\" decoding=\"async\" width=\"150\" height=\"150\" src=\"http:\/\/www.denkfried.de\/wp\/wp-content\/uploads\/2013\/02\/Kleve-Gedenkbuch-Zivile-Opfer-3-150x150.jpg\" class=\"attachment-thumbnail size-thumbnail\" alt=\"\" \/><\/a>\n\t\t\t<\/dt><\/dl><dl class='gallery-item'>\n\t\t\t<dt class='gallery-icon landscape'>\n\t\t\t\t<a href='http:\/\/www.denkfried.de\/wp\/?attachment_id=29358'><img loading=\"lazy\" decoding=\"async\" width=\"150\" height=\"150\" src=\"http:\/\/www.denkfried.de\/wp\/wp-content\/uploads\/2013\/02\/Kleve-Gedenkbuch-Zivile-Opfer-4-150x150.jpg\" class=\"attachment-thumbnail size-thumbnail\" alt=\"\" \/><\/a>\n\t\t\t<\/dt><\/dl><dl class='gallery-item'>\n\t\t\t<dt class='gallery-icon landscape'>\n\t\t\t\t<a href='http:\/\/www.denkfried.de\/wp\/?attachment_id=29359'><img loading=\"lazy\" decoding=\"async\" width=\"150\" height=\"150\" src=\"http:\/\/www.denkfried.de\/wp\/wp-content\/uploads\/2013\/02\/Kleve-Gedenkbuch-Zivile-Opfer-6-150x150.jpg\" class=\"attachment-thumbnail size-thumbnail\" alt=\"\" \/><\/a>\n\t\t\t<\/dt><\/dl><br style=\"clear: both\" \/>\n\t\t<\/div>\n\n<p><strong>Gedenken Kleve im 2. Weltkrieg &#8211; Tod und Zerst\u00f6rung<\/strong><\/p>\n<p>Im Heft sind Informationen zum zweiten Weltkrieg, in einer Zeittafel aufgef\u00fchrt. Auch Zeitzeugenberichte zum Kriegsaltag, den Bombenangriffen am 26.09.1944 und am 07.02.1945 sind im Heft.<\/p>\n<p><strong>Zur Namensliste<\/strong><\/p>\n<p>Die nachfolgende Zusammenstellung listet die Namen derjenigen Zivilisten auf, die durch Kriegseinwirkung zwischen dem Kriegsbeginn am 01.09.1939 und dem Kriegsende am 08.05.1945 in Kleve umgekommen sind. Ausschlaggebend f\u00fcr die Aufnahme eines Namens in die Liste war, da\u00df die jeweilige Person als Zivilist ( einschl. Soldaten im Urlaub ) in Kleve ums Leben gekommen ist. Auf der Durchreise in Kleve umgekommene Personen sind ebenso wie Zwangarbeiter ber\u00fccksichtigt. Nicht aufgenommen wurden die Klever, die au\u00dferhalb z.B. in der Evakuierung umgekommen sind.<\/p>\n<p>Die Auftellung enth\u00e4lt Informationen zu Name, Vorname, Geburtdatum, Wohnort, Sterbeort und Sterbedatum. Sofern in der Rubrik &#8222;Sterbeort&#8220; die Angabe &#8222;Lazarett Bedburg-Hau&#8220; und ein Datum verzeichnet sind, bedeutet diese Angabe, da\u00df die jweilige Person in Kleve verwundet wurde und zu dem angegebenen Datum in Bedburg-Hau verstorben ist.<\/p>\n<p>Die Listung ist nicht vollst\u00e4ndig und wird nie vollst\u00e4ndig werden k\u00f6nnen, da zu Vieles nicht mehr feststellbar ist. Die Nennung der Namen soll damit auch als Gedenken an diejenigen verstanden werden, die in Kleve unbekannterweise zu Opfer wurden.<\/p>\n<p>Die Namen werden in die Datenbank eingepflegt.<\/p>\n","protected":false},"excerpt":{"rendered":"<p>&nbsp; Der Tag an dem Kleve in Schutt und Asche versank Eine Gedenkschrift zum 50. Jahrestag der Zerst\u00f6rung Kleves am 7. Oktober 1944 Des Heft erschien im Oktober 1994 zur Gedenkfeier, es wurde von der Arbeitsgemeinschaft der Heimatvereine in der &hellip; <a href=\"http:\/\/www.denkfried.de\/wp\/?page_id=29333\">Weiterlesen <span class=\"meta-nav\">&rarr;<\/span><\/a><\/p>\n","protected":false},"author":9,"featured_media":0,"parent":28708,"menu_order":0,"comment_status":"closed","ping_status":"open","template":"","meta":{"footnotes":""},"class_list":["post-29333","page","type-page","status-publish","hentry"],"_links":{"self":[{"href":"http:\/\/www.denkfried.de\/wp\/index.php?rest_route=\/wp\/v2\/pages\/29333","targetHints":{"allow":["GET"]}}],"collection":[{"href":"http:\/\/www.denkfried.de\/wp\/index.php?rest_route=\/wp\/v2\/pages"}],"about":[{"href":"http:\/\/www.denkfried.de\/wp\/index.php?rest_route=\/wp\/v2\/types\/page"}],"author":[{"embeddable":true,"href":"http:\/\/www.denkfried.de\/wp\/index.php?rest_route=\/wp\/v2\/users\/9"}],"replies":[{"embeddable":true,"href":"http:\/\/www.denkfried.de\/wp\/index.php?rest_route=%2Fwp%2Fv2%2Fcomments&post=29333"}],"version-history":[{"count":12,"href":"http:\/\/www.denkfried.de\/wp\/index.php?rest_route=\/wp\/v2\/pages\/29333\/revisions"}],"predecessor-version":[{"id":29361,"href":"http:\/\/www.denkfried.de\/wp\/index.php?rest_route=\/wp\/v2\/pages\/29333\/revisions\/29361"}],"up":[{"embeddable":true,"href":"http:\/\/www.denkfried.de\/wp\/index.php?rest_route=\/wp\/v2\/pages\/28708"}],"wp:attachment":[{"href":"http:\/\/www.denkfried.de\/wp\/index.php?rest_route=%2Fwp%2Fv2%2Fmedia&parent=29333"}],"curies":[{"name":"wp","href":"https:\/\/api.w.org\/{rel}","templated":true}]}}