{"id":29154,"date":"2013-01-22T17:09:01","date_gmt":"2013-01-22T16:09:01","guid":{"rendered":"http:\/\/www.denkfried.de\/wp\/?page_id=29154"},"modified":"2015-12-28T21:31:24","modified_gmt":"2015-12-28T20:31:24","slug":"brb-gedenktafeln-2","status":"publish","type":"page","link":"http:\/\/www.denkfried.de\/wp\/?page_id=29154","title":{"rendered":"&#8211; Gedenktafeln"},"content":{"rendered":"<p>&nbsp;<\/p>\n<p><strong>Stadt Brandenburg<\/strong> &#8211; Gedenktafeln<\/p>\n<p>Bericht und Bilder von Thomas\u00a0<a href=\"http:\/\/g-bb.jimdo.com\/\">Gefallenendenkm\u00e4ler Berlin\/Brandenburg<\/a><\/p>\n<div id='gallery-1' class='gallery galleryid-29154 gallery-columns-4 gallery-size-thumbnail'><dl class='gallery-item'>\n\t\t\t<dt class='gallery-icon portrait'>\n\t\t\t\t<a href='http:\/\/www.denkfried.de\/wp\/?attachment_id=29160'><img loading=\"lazy\" decoding=\"async\" width=\"150\" height=\"150\" src=\"http:\/\/www.denkfried.de\/wp\/wp-content\/uploads\/2013\/01\/gotthardtkirche-150x150.jpg\" class=\"attachment-thumbnail size-thumbnail\" alt=\"\" \/><\/a>\n\t\t\t<\/dt><\/dl><dl class='gallery-item'>\n\t\t\t<dt class='gallery-icon landscape'>\n\t\t\t\t<a href='http:\/\/www.denkfried.de\/wp\/?attachment_id=29159'><img loading=\"lazy\" decoding=\"async\" width=\"150\" height=\"150\" src=\"http:\/\/www.denkfried.de\/wp\/wp-content\/uploads\/2013\/01\/gotthardtkirche-2-150x150.jpg\" class=\"attachment-thumbnail size-thumbnail\" alt=\"\" \/><\/a>\n\t\t\t<\/dt><\/dl><dl class='gallery-item'>\n\t\t\t<dt class='gallery-icon landscape'>\n\t\t\t\t<a href='http:\/\/www.denkfried.de\/wp\/?attachment_id=29157'><img loading=\"lazy\" decoding=\"async\" width=\"150\" height=\"150\" src=\"http:\/\/www.denkfried.de\/wp\/wp-content\/uploads\/2013\/01\/Gedenktafel-Nicolaikirche-150x150.jpg\" class=\"attachment-thumbnail size-thumbnail\" alt=\"\" \/><\/a>\n\t\t\t<\/dt><\/dl><dl class='gallery-item'>\n\t\t\t<dt class='gallery-icon portrait'>\n\t\t\t\t<a href='http:\/\/www.denkfried.de\/wp\/?attachment_id=31380'><img loading=\"lazy\" decoding=\"async\" width=\"150\" height=\"150\" src=\"http:\/\/www.denkfried.de\/wp\/wp-content\/uploads\/2013\/01\/BrandenburgHbfGedenktafel-150x150.jpg\" class=\"attachment-thumbnail size-thumbnail\" alt=\"\" aria-describedby=\"gallery-1-31380\" \/><\/a>\n\t\t\t<\/dt>\n\t\t\t\t<dd class='wp-caption-text gallery-caption' id='gallery-1-31380'>\n\t\t\t\tUrheber des Bildes:  \tGlobal Fish(14.04.2012)  http:\/\/de.wikipedia.org\/wiki\/Benutzer:Global_Fish\/Baustelle\/Baustelle_6\n\t\t\t\t<\/dd><\/dl><br style=\"clear: both\" \/>\n\t\t<\/div>\n\n<p><strong>Gedenktafel 1813-15<\/strong> Gotthardtkirche, Gotthardtkirchplatz<\/p>\n<p>In der Gotthardtkirche, befindet sich rechts neben dem Altar eine Gedenktafel. Hier sind die Namen der Gemeinde, der Befreiungskrieg von 1813-15 gebliebenen. Auf der Holztafel befindet sich ober ein Eisernens Kreuz, darunter ist folgende Inschrift:<\/p>\n<address style=\"text-align: center;\"><strong>Aus diesem Kirchspiel starben f\u00fcr<\/strong><\/address>\n<address style=\"text-align: center;\"><strong>K\u00f6nig und Vaterland:<\/strong><\/address>\n<p>&nbsp;<\/p>\n<p><strong>Gedenktafel Kriegsopfer<\/strong> Nikolaikirche, Nikolaiplatz<\/p>\n<p>Die Gedenktafel befindet sich links neben dem Eingang, folgende Inschrift ist zu lesen:<\/p>\n<address style=\"text-align: center;\"><strong>Katholische Kirche St. Nikolai<\/strong><\/address>\n<address style=\"text-align: center;\"><strong>Gebets- und Gedenkst\u00e4tte f\u00fcr<\/strong><\/address>\n<address style=\"text-align: center;\"><strong>die Opfer ungerechter Gewalt<\/strong><\/address>\n<address style=\"text-align: center;\">\u00a0<\/address>\n<p><strong>\u00a0Gedenktafel Franzosen<\/strong><\/p>\n<p>Diese Gedenktafel befindet sich am Hauptbahnhof und erinnert an 11 franz\u00f6sische Eisenbahner die am 13. September 1944 hier in Brandenburg hingerichtet wurden.<\/p>\n<p><strong>J\u00fcdische Gedenktafel<\/strong><\/p>\n<p>In der Neustadt befindet sich in der Gro\u00dfe M\u00fcnzenstra\u00dfe 15 das j\u00fcdische Gemeindehaus mit\u00a0 Mauerrest der Synagoge.<\/p>\n<p>&nbsp;<\/p>\n","protected":false},"excerpt":{"rendered":"<p>&nbsp; Stadt Brandenburg &#8211; Gedenktafeln Bericht und Bilder von Thomas\u00a0Gefallenendenkm\u00e4ler Berlin\/Brandenburg Gedenktafel 1813-15 Gotthardtkirche, Gotthardtkirchplatz In der Gotthardtkirche, befindet sich rechts neben dem Altar eine Gedenktafel. Hier sind die Namen der Gemeinde, der Befreiungskrieg von 1813-15 gebliebenen. Auf der Holztafel &hellip; <a href=\"http:\/\/www.denkfried.de\/wp\/?page_id=29154\">Weiterlesen <span class=\"meta-nav\">&rarr;<\/span><\/a><\/p>\n","protected":false},"author":9,"featured_media":0,"parent":4698,"menu_order":0,"comment_status":"closed","ping_status":"open","template":"","meta":{"footnotes":""},"class_list":["post-29154","page","type-page","status-publish","hentry"],"_links":{"self":[{"href":"http:\/\/www.denkfried.de\/wp\/index.php?rest_route=\/wp\/v2\/pages\/29154","targetHints":{"allow":["GET"]}}],"collection":[{"href":"http:\/\/www.denkfried.de\/wp\/index.php?rest_route=\/wp\/v2\/pages"}],"about":[{"href":"http:\/\/www.denkfried.de\/wp\/index.php?rest_route=\/wp\/v2\/types\/page"}],"author":[{"embeddable":true,"href":"http:\/\/www.denkfried.de\/wp\/index.php?rest_route=\/wp\/v2\/users\/9"}],"replies":[{"embeddable":true,"href":"http:\/\/www.denkfried.de\/wp\/index.php?rest_route=%2Fwp%2Fv2%2Fcomments&post=29154"}],"version-history":[{"count":18,"href":"http:\/\/www.denkfried.de\/wp\/index.php?rest_route=\/wp\/v2\/pages\/29154\/revisions"}],"predecessor-version":[{"id":40083,"href":"http:\/\/www.denkfried.de\/wp\/index.php?rest_route=\/wp\/v2\/pages\/29154\/revisions\/40083"}],"up":[{"embeddable":true,"href":"http:\/\/www.denkfried.de\/wp\/index.php?rest_route=\/wp\/v2\/pages\/4698"}],"wp:attachment":[{"href":"http:\/\/www.denkfried.de\/wp\/index.php?rest_route=%2Fwp%2Fv2%2Fmedia&parent=29154"}],"curies":[{"name":"wp","href":"https:\/\/api.w.org\/{rel}","templated":true}]}}