{"id":2900,"date":"2011-04-13T18:03:23","date_gmt":"2011-04-13T16:03:23","guid":{"rendered":"http:\/\/www.denkfried.de\/wp\/?page_id=2900"},"modified":"2011-04-13T18:03:23","modified_gmt":"2011-04-13T16:03:23","slug":"donaueschingen","status":"publish","type":"page","link":"http:\/\/www.denkfried.de\/wp\/?page_id=2900","title":{"rendered":"Donaueschingen"},"content":{"rendered":"<p><span style=\"text-decoration: underline; color: #ff0000;\"><strong>78166 Donaueschingen<\/strong><\/span><\/p>\n<p>&nbsp;<\/p>\n<p>5 KGST\u00a0 mit 1.112 Toten<\/p>\n<p>********************************************************<\/p>\n<p>Diese Kriegsgr\u00e4berst\u00e4tte liegt an der Bundesstra\u00dfe 27 in Richtung Freiburg oder Schaffhausen.<br \/>\nDie Rasenfl\u00e4che ist in 4 gro\u00dfe Grabfelder unterteilt. \u00dcber den Friedhof sind Steingruppen mit 3 oder 4 Kreuzen verteilt.<br \/>\nDie Namen und die Daten sind auf Majolika*-Steinen festgehalten.<br \/>\n*Majolika = &#8222;Halb-Porzellan&#8220;\u00a0 Die Glasur \u00fcber die angebrachte Schrift ist \u00e4u\u00dferst haltbar.<\/p>\n<p>&nbsp;<\/p>\n","protected":false},"excerpt":{"rendered":"<p>78166 Donaueschingen &nbsp; 5 KGST\u00a0 mit 1.112 Toten ******************************************************** Diese Kriegsgr\u00e4berst\u00e4tte liegt an der Bundesstra\u00dfe 27 in Richtung Freiburg oder Schaffhausen. Die Rasenfl\u00e4che ist in 4 gro\u00dfe Grabfelder unterteilt. \u00dcber den Friedhof sind Steingruppen mit 3 oder 4 Kreuzen verteilt. &hellip; <a href=\"http:\/\/www.denkfried.de\/wp\/?page_id=2900\">Weiterlesen <span class=\"meta-nav\">&rarr;<\/span><\/a><\/p>\n","protected":false},"author":2,"featured_media":0,"parent":2748,"menu_order":0,"comment_status":"closed","ping_status":"open","template":"","meta":{"footnotes":""},"class_list":["post-2900","page","type-page","status-publish","hentry"],"_links":{"self":[{"href":"http:\/\/www.denkfried.de\/wp\/index.php?rest_route=\/wp\/v2\/pages\/2900","targetHints":{"allow":["GET"]}}],"collection":[{"href":"http:\/\/www.denkfried.de\/wp\/index.php?rest_route=\/wp\/v2\/pages"}],"about":[{"href":"http:\/\/www.denkfried.de\/wp\/index.php?rest_route=\/wp\/v2\/types\/page"}],"author":[{"embeddable":true,"href":"http:\/\/www.denkfried.de\/wp\/index.php?rest_route=\/wp\/v2\/users\/2"}],"replies":[{"embeddable":true,"href":"http:\/\/www.denkfried.de\/wp\/index.php?rest_route=%2Fwp%2Fv2%2Fcomments&post=2900"}],"version-history":[{"count":2,"href":"http:\/\/www.denkfried.de\/wp\/index.php?rest_route=\/wp\/v2\/pages\/2900\/revisions"}],"predecessor-version":[{"id":2902,"href":"http:\/\/www.denkfried.de\/wp\/index.php?rest_route=\/wp\/v2\/pages\/2900\/revisions\/2902"}],"up":[{"embeddable":true,"href":"http:\/\/www.denkfried.de\/wp\/index.php?rest_route=\/wp\/v2\/pages\/2748"}],"wp:attachment":[{"href":"http:\/\/www.denkfried.de\/wp\/index.php?rest_route=%2Fwp%2Fv2%2Fmedia&parent=2900"}],"curies":[{"name":"wp","href":"https:\/\/api.w.org\/{rel}","templated":true}]}}