{"id":28971,"date":"2012-12-29T10:47:15","date_gmt":"2012-12-29T09:47:15","guid":{"rendered":"http:\/\/www.denkfried.de\/wp\/?page_id=28971"},"modified":"2017-02-28T16:55:33","modified_gmt":"2017-02-28T15:55:33","slug":"heilbronn-denkmal","status":"publish","type":"page","link":"http:\/\/www.denkfried.de\/wp\/?page_id=28971","title":{"rendered":"&#8211; Denkm\u00e4ler"},"content":{"rendered":"<p>&nbsp;<\/p>\n<p><span style=\"text-decoration: underline;\"><strong>74072 Stadt Heilbronn<\/strong> <\/span><\/p>\n<p><strong>Denkm\u00e4ler<\/strong><\/p>\n<p>Beitrag von Thomas <a href=\"http:\/\/potsdamer-ehrenmale.de.tl\/Hauptseite.htm\">Potsdamer-Ehrenmale.de<\/a><\/p>\n<div id='gallery-1' class='gallery galleryid-28971 gallery-columns-3 gallery-size-thumbnail'><dl class='gallery-item'>\n\t\t\t<dt class='gallery-icon landscape'>\n\t\t\t\t<a href='http:\/\/www.denkfried.de\/wp\/?attachment_id=28977'><img loading=\"lazy\" decoding=\"async\" width=\"150\" height=\"150\" src=\"http:\/\/www.denkfried.de\/wp\/wp-content\/uploads\/2012\/12\/Heilbronn-Ehrenmal-150x150.jpg\" class=\"attachment-thumbnail size-thumbnail\" alt=\"\" aria-describedby=\"gallery-1-28977\" \/><\/a>\n\t\t\t<\/dt>\n\t\t\t\t<dd class='wp-caption-text gallery-caption' id='gallery-1-28977'>\n\t\t\t\tEhrenmal\n\t\t\t\t<\/dd><\/dl><dl class='gallery-item'>\n\t\t\t<dt class='gallery-icon landscape'>\n\t\t\t\t<a href='http:\/\/www.denkfried.de\/wp\/?attachment_id=28978'><img loading=\"lazy\" decoding=\"async\" width=\"150\" height=\"150\" src=\"http:\/\/www.denkfried.de\/wp\/wp-content\/uploads\/2012\/12\/Heilbronn-gefallene-fusilier-150x150.jpg\" class=\"attachment-thumbnail size-thumbnail\" alt=\"\" aria-describedby=\"gallery-1-28978\" \/><\/a>\n\t\t\t<\/dt>\n\t\t\t\t<dd class='wp-caption-text gallery-caption' id='gallery-1-28978'>\n\t\t\t\tGefallene F\u00fcsiliere\n\t\t\t\t<\/dd><\/dl><dl class='gallery-item'>\n\t\t\t<dt class='gallery-icon portrait'>\n\t\t\t\t<a href='http:\/\/www.denkfried.de\/wp\/?attachment_id=28979'><img loading=\"lazy\" decoding=\"async\" width=\"150\" height=\"150\" src=\"http:\/\/www.denkfried.de\/wp\/wp-content\/uploads\/2012\/12\/Heilbronn-landwehr-inf-rgt-121-150x150.jpg\" class=\"attachment-thumbnail size-thumbnail\" alt=\"\" aria-describedby=\"gallery-1-28979\" \/><\/a>\n\t\t\t<\/dt>\n\t\t\t\t<dd class='wp-caption-text gallery-caption' id='gallery-1-28979'>\n\t\t\t\tLandwehr Inf.-Rgt.121\n\t\t\t\t<\/dd><\/dl><br style=\"clear: both\" \/>\n\t\t<\/div>\n\n<p>Denkm\u00e4ler im Friedenspark, einst Kaiser-Wilhelm-Park.<\/p>\n<p>Hirsch-Plastik: mit der Inschrift:<\/p>\n<address style=\"text-align: center;\"><strong><i>Hie gut W\u00fcrttemberg alleweg<\/i><\/strong><\/address>\n<address style=\"text-align: center;\"><strong><i>Den Gefallenen des F\u00fcsilier-Regiments Kaiser Franz Joseph, 4. W\u00fcrtt. Nr. 122<\/i><\/strong><\/address>\n<address style=\"text-align: center;\">\u00a0<\/address>\n<p><strong>Denkmal<\/strong><\/p>\n<p>Am anderen Denkmal sind zwei Soldaten dargestellt, und folgende Inschrift zu lesen:<\/p>\n<p style=\"text-align: center;\">\u00a0<em><strong>Das Landwehr-Infanterie-Regiment 121<\/strong><\/em><\/p>\n<address style=\"text-align: center;\"><em><strong>Seinen Gefallenen 1914-1918<\/strong><\/em><\/address>\n<p>&nbsp;<\/p>\n","protected":false},"excerpt":{"rendered":"<p>&nbsp; 74072 Stadt Heilbronn Denkm\u00e4ler Beitrag von Thomas Potsdamer-Ehrenmale.de Denkm\u00e4ler im Friedenspark, einst Kaiser-Wilhelm-Park. Hirsch-Plastik: mit der Inschrift: Hie gut W\u00fcrttemberg alleweg Den Gefallenen des F\u00fcsilier-Regiments Kaiser Franz Joseph, 4. W\u00fcrtt. Nr. 122 \u00a0 Denkmal Am anderen Denkmal sind zwei &hellip; <a href=\"http:\/\/www.denkfried.de\/wp\/?page_id=28971\">Weiterlesen <span class=\"meta-nav\">&rarr;<\/span><\/a><\/p>\n","protected":false},"author":9,"featured_media":0,"parent":3131,"menu_order":0,"comment_status":"closed","ping_status":"open","template":"","meta":{"footnotes":""},"class_list":["post-28971","page","type-page","status-publish","hentry"],"_links":{"self":[{"href":"http:\/\/www.denkfried.de\/wp\/index.php?rest_route=\/wp\/v2\/pages\/28971","targetHints":{"allow":["GET"]}}],"collection":[{"href":"http:\/\/www.denkfried.de\/wp\/index.php?rest_route=\/wp\/v2\/pages"}],"about":[{"href":"http:\/\/www.denkfried.de\/wp\/index.php?rest_route=\/wp\/v2\/types\/page"}],"author":[{"embeddable":true,"href":"http:\/\/www.denkfried.de\/wp\/index.php?rest_route=\/wp\/v2\/users\/9"}],"replies":[{"embeddable":true,"href":"http:\/\/www.denkfried.de\/wp\/index.php?rest_route=%2Fwp%2Fv2%2Fcomments&post=28971"}],"version-history":[{"count":14,"href":"http:\/\/www.denkfried.de\/wp\/index.php?rest_route=\/wp\/v2\/pages\/28971\/revisions"}],"predecessor-version":[{"id":41154,"href":"http:\/\/www.denkfried.de\/wp\/index.php?rest_route=\/wp\/v2\/pages\/28971\/revisions\/41154"}],"up":[{"embeddable":true,"href":"http:\/\/www.denkfried.de\/wp\/index.php?rest_route=\/wp\/v2\/pages\/3131"}],"wp:attachment":[{"href":"http:\/\/www.denkfried.de\/wp\/index.php?rest_route=%2Fwp%2Fv2%2Fmedia&parent=28971"}],"curies":[{"name":"wp","href":"https:\/\/api.w.org\/{rel}","templated":true}]}}