{"id":28919,"date":"2012-12-26T17:30:00","date_gmt":"2012-12-26T16:30:00","guid":{"rendered":"http:\/\/www.denkfried.de\/wp\/?page_id=28919"},"modified":"2012-12-26T17:46:03","modified_gmt":"2012-12-26T16:46:03","slug":"st-blasien-kgst","status":"publish","type":"page","link":"http:\/\/www.denkfried.de\/wp\/?page_id=28919","title":{"rendered":"St. Blasien KGST"},"content":{"rendered":"<p>&nbsp;<\/p>\n<p><strong>St. Blasien<\/strong> Kriegsgr\u00e4berst\u00e4tte<\/p>\n<p>Beitrag von Thomas <a href=\"http:\/\/potsdamer-ehrenmale.de.tl\/Hauptseite.htm\">Potsdamer-Ehrenmale.de<\/a><\/p>\n<div id='gallery-1' class='gallery galleryid-28919 gallery-columns-3 gallery-size-thumbnail'><dl class='gallery-item'>\n\t\t\t<dt class='gallery-icon landscape'>\n\t\t\t\t<a href='http:\/\/www.denkfried.de\/wp\/?attachment_id=28930'><img loading=\"lazy\" decoding=\"async\" width=\"150\" height=\"150\" src=\"http:\/\/www.denkfried.de\/wp\/wp-content\/uploads\/2012\/12\/St.-Blasien-Gedenkkapelle-2-150x150.jpg\" class=\"attachment-thumbnail size-thumbnail\" alt=\"\" \/><\/a>\n\t\t\t<\/dt><\/dl><dl class='gallery-item'>\n\t\t\t<dt class='gallery-icon landscape'>\n\t\t\t\t<a href='http:\/\/www.denkfried.de\/wp\/?attachment_id=28931'><img loading=\"lazy\" decoding=\"async\" width=\"150\" height=\"150\" src=\"http:\/\/www.denkfried.de\/wp\/wp-content\/uploads\/2012\/12\/St.-Blasien-Gedenkkapelle-150x150.jpg\" class=\"attachment-thumbnail size-thumbnail\" alt=\"\" \/><\/a>\n\t\t\t<\/dt><\/dl>\n\t\t\t<br style='clear: both' \/>\n\t\t<\/div>\n\n<p>Auf der Kriegsgr\u00e4berst\u00e4tte ruhen 182 Gefallene des Zweiten Weltkrieges. Der Friedhof wurde 1945 angelegt, die Papierfabrik Albbruck hat das Gel\u00e4nde daf\u00fcr zu Verf\u00fcgung gestellt. Zum Kriegsende fanden hier auch Franzosen einen Ruheplatz, diese sind 1950 in die Heimat \u00fcberf\u00fchrt worden. Zur Neugestaltung wurden vom Gemeindefriedhof deutsche Soldaten hierher umgebettet. Der Soldatenfriedhof wurde am 13.07.1952 eingeweiht.<\/p>\n<p>In der Gedenkkapelle, befindet sich gegen\u00fcber dem Eingang, eine gekreuzigter Holzfigur. Die Figur ist im 15. Jahrhundert von einem bayerischen K\u00fcnstler geschaffen worden. Desweiteren sind hier Namenstafeln derer die auf dem Friedhof ruhen, sowie die in fremder Erde gefallenen des Ortes ruhen. Inschriften in der Kapelle:<\/p>\n<p style=\"text-align: center;\"><em><strong>\u00a0<span style=\"font-size: medium;\">Hier ruhen 182 Soldaten des Krieges 1939-1945 In ferner Erde ruhen 124 S\u00f6hne der Gemeinde St. Blasien<\/span><\/strong><\/em><\/p>\n<p style=\"text-align: center;\"><em><strong><span style=\"font-size: medium;\">Niemand hat gr\u00f6\u00dfere Liebe, denn die,<br \/>\nda\u00df er sein Leben l\u00e4\u00dft f\u00fcr seine Freunde.<br \/>\n46 S\u00f6hne der Gemeinde St. Blasien fielen im Weltkrieg 1914 \u2013 1918<br \/>\nSie ruhen in fernen Gr\u00e4bern<\/span><\/strong><\/em><\/p>\n<p>&nbsp;<\/p>\n<p>Quelle: Volksbund<\/p>\n","protected":false},"excerpt":{"rendered":"<p>&nbsp; St. Blasien Kriegsgr\u00e4berst\u00e4tte Beitrag von Thomas Potsdamer-Ehrenmale.de Auf der Kriegsgr\u00e4berst\u00e4tte ruhen 182 Gefallene des Zweiten Weltkrieges. Der Friedhof wurde 1945 angelegt, die Papierfabrik Albbruck hat das Gel\u00e4nde daf\u00fcr zu Verf\u00fcgung gestellt. Zum Kriegsende fanden hier auch Franzosen einen Ruheplatz, &hellip; <a href=\"http:\/\/www.denkfried.de\/wp\/?page_id=28919\">Weiterlesen <span class=\"meta-nav\">&rarr;<\/span><\/a><\/p>\n","protected":false},"author":9,"featured_media":0,"parent":2760,"menu_order":0,"comment_status":"closed","ping_status":"open","template":"","meta":{"footnotes":""},"class_list":["post-28919","page","type-page","status-publish","hentry"],"_links":{"self":[{"href":"http:\/\/www.denkfried.de\/wp\/index.php?rest_route=\/wp\/v2\/pages\/28919","targetHints":{"allow":["GET"]}}],"collection":[{"href":"http:\/\/www.denkfried.de\/wp\/index.php?rest_route=\/wp\/v2\/pages"}],"about":[{"href":"http:\/\/www.denkfried.de\/wp\/index.php?rest_route=\/wp\/v2\/types\/page"}],"author":[{"embeddable":true,"href":"http:\/\/www.denkfried.de\/wp\/index.php?rest_route=\/wp\/v2\/users\/9"}],"replies":[{"embeddable":true,"href":"http:\/\/www.denkfried.de\/wp\/index.php?rest_route=%2Fwp%2Fv2%2Fcomments&post=28919"}],"version-history":[{"count":11,"href":"http:\/\/www.denkfried.de\/wp\/index.php?rest_route=\/wp\/v2\/pages\/28919\/revisions"}],"predecessor-version":[{"id":28922,"href":"http:\/\/www.denkfried.de\/wp\/index.php?rest_route=\/wp\/v2\/pages\/28919\/revisions\/28922"}],"up":[{"embeddable":true,"href":"http:\/\/www.denkfried.de\/wp\/index.php?rest_route=\/wp\/v2\/pages\/2760"}],"wp:attachment":[{"href":"http:\/\/www.denkfried.de\/wp\/index.php?rest_route=%2Fwp%2Fv2%2Fmedia&parent=28919"}],"curies":[{"name":"wp","href":"https:\/\/api.w.org\/{rel}","templated":true}]}}