{"id":28851,"date":"2012-12-26T15:27:27","date_gmt":"2012-12-26T14:27:27","guid":{"rendered":"http:\/\/www.denkfried.de\/wp\/?page_id=28851"},"modified":"2014-04-26T12:38:13","modified_gmt":"2014-04-26T10:38:13","slug":"saarburg-ehrenmal","status":"publish","type":"page","link":"http:\/\/www.denkfried.de\/wp\/?page_id=28851","title":{"rendered":"Saarburg \u2013 Denkm\u00e4ler"},"content":{"rendered":"<p>&nbsp;<\/p>\n<p><strong>Sarrebourg (Deutsch: Saarburg)<\/strong><\/p>\n<p>Beitrag von Thomas <a href=\"http:\/\/potsdamer-ehrenmale.de.tl\/Hauptseite.htm\">Potsdamer-Ehrenmale.de<\/a><\/p>\n<p><a href=\"http:\/\/www.denkfried.de\/wp\/?attachment_id=28958\" rel=\"attachment wp-att-28958\"><img loading=\"lazy\" decoding=\"async\" class=\"alignnone size-medium wp-image-28958\" src=\"http:\/\/www.denkfried.de\/wp\/wp-content\/uploads\/2012\/12\/Saarburg-Denkmal-187x300.jpg\" alt=\"Saarburg Denkmal\" width=\"187\" height=\"300\" \/><\/a><\/p>\n<p><span style=\"text-decoration: underline;\"><strong>Gedenkkreuz 20.09.1914<\/strong><\/span><\/p>\n<p>In der Schlacht bei Saarburg befand sich ein Denkmal eines Jesus am Kreuz mitten im Schlachtfeld. Das Denkmal steht an der Stra\u00dfe nach Br\u00fchl, und wurde auch als &#8222;Wunderkreuz&#8220; bekannt. Das Kreuz wurde weggeschossen doch die Figur blieb ganz, so wurden viele Postkarten beschrieben.<\/p>\n<p>Es tobte hei\u00df und wild die Schlacht bei Sommersglut auf Saarburgs Auen;<br \/>\nDie Kugeln pfiffen dicht mit Macht im grausem Spiel bis Morgengrauen.<br \/>\nSo sank ins Gras manch junger Held. &#8211; Der Sonne strahlen rot vergluten.<br \/>\nUnd rings das Feld vom Kriegsgeschrei gellt, derweil sie weh im Grund verbluten.<br \/>\nUnd mitten dort in Tod und Blut, ragt hoch empor am Kreuz die Liebe,<br \/>\nsieht grauerf\u00fcllt des Kampfes Wut, blickt schmerzvoll in das Ha\u00dfgetriebe.<br \/>\nGranaten bersten mit gedr\u00f6hn, zerschlagen\u00b4s Kreuzeholz in St\u00fccke.<br \/>\nDer Heiland bleibt hochragend stehn, Steht f\u00fcr der Menschen Ha\u00df und T\u00fccke.<br \/>\nAuch wir, o Herr, wir wollen flehn f\u00fcr unsere S\u00fcnden, Schuld und M\u00e4ngel.<br \/>\nBarmherzigkeit la\u00df uns geschehen, und send uns bald den Friedensengel.<\/p>\n<p>Abschrift einer Postkarte<\/p>\n","protected":false},"excerpt":{"rendered":"<p>&nbsp; Sarrebourg (Deutsch: Saarburg) Beitrag von Thomas Potsdamer-Ehrenmale.de Gedenkkreuz 20.09.1914 In der Schlacht bei Saarburg befand sich ein Denkmal eines Jesus am Kreuz mitten im Schlachtfeld. Das Denkmal steht an der Stra\u00dfe nach Br\u00fchl, und wurde auch als &#8222;Wunderkreuz&#8220; bekannt. &hellip; <a href=\"http:\/\/www.denkfried.de\/wp\/?page_id=28851\">Weiterlesen <span class=\"meta-nav\">&rarr;<\/span><\/a><\/p>\n","protected":false},"author":9,"featured_media":0,"parent":8268,"menu_order":0,"comment_status":"closed","ping_status":"open","template":"","meta":{"footnotes":""},"class_list":["post-28851","page","type-page","status-publish","hentry"],"_links":{"self":[{"href":"http:\/\/www.denkfried.de\/wp\/index.php?rest_route=\/wp\/v2\/pages\/28851","targetHints":{"allow":["GET"]}}],"collection":[{"href":"http:\/\/www.denkfried.de\/wp\/index.php?rest_route=\/wp\/v2\/pages"}],"about":[{"href":"http:\/\/www.denkfried.de\/wp\/index.php?rest_route=\/wp\/v2\/types\/page"}],"author":[{"embeddable":true,"href":"http:\/\/www.denkfried.de\/wp\/index.php?rest_route=\/wp\/v2\/users\/9"}],"replies":[{"embeddable":true,"href":"http:\/\/www.denkfried.de\/wp\/index.php?rest_route=%2Fwp%2Fv2%2Fcomments&post=28851"}],"version-history":[{"count":21,"href":"http:\/\/www.denkfried.de\/wp\/index.php?rest_route=\/wp\/v2\/pages\/28851\/revisions"}],"predecessor-version":[{"id":35084,"href":"http:\/\/www.denkfried.de\/wp\/index.php?rest_route=\/wp\/v2\/pages\/28851\/revisions\/35084"}],"up":[{"embeddable":true,"href":"http:\/\/www.denkfried.de\/wp\/index.php?rest_route=\/wp\/v2\/pages\/8268"}],"wp:attachment":[{"href":"http:\/\/www.denkfried.de\/wp\/index.php?rest_route=%2Fwp%2Fv2%2Fmedia&parent=28851"}],"curies":[{"name":"wp","href":"https:\/\/api.w.org\/{rel}","templated":true}]}}