{"id":28728,"date":"2012-12-25T17:16:58","date_gmt":"2012-12-25T16:16:58","guid":{"rendered":"http:\/\/www.denkfried.de\/wp\/?page_id=28728"},"modified":"2012-12-25T18:07:14","modified_gmt":"2012-12-25T17:07:14","slug":"weeze","status":"publish","type":"page","link":"http:\/\/www.denkfried.de\/wp\/?page_id=28728","title":{"rendered":"Weeze"},"content":{"rendered":"<p>&nbsp;<\/p>\n<p><strong>47652 Weeze<\/strong> ist eine Gemeinde im Kreis Kleve<\/p>\n<p>Beitrag von Thomas <a href=\"http:\/\/potsdamer-ehrenmale.de.tl\/Hauptseite.htm\">Potsdamer-Ehrenmale.de<\/a><\/p>\n<p>Im Februar 1945 kam es hier in der Umgebung zu einer gro\u00dfen Schlacht. In der Schlacht im Reichswald wurden 80 % des Ortskerns Weeze zerst\u00f6rt. In den 50er und 60er wurde der Ort und die H\u00e4user wieder aufgebaut.<\/p>\n<p><strong>Kriegsgr\u00e4berst\u00e4tte Einweihung 10.9.1950<br \/>\n<\/strong><\/p>\n<div id='gallery-1' class='gallery galleryid-28728 gallery-columns-3 gallery-size-thumbnail'><dl class='gallery-item'>\n\t\t\t<dt class='gallery-icon landscape'>\n\t\t\t\t<a href='http:\/\/www.denkfried.de\/wp\/?attachment_id=28734'><img loading=\"lazy\" decoding=\"async\" width=\"150\" height=\"150\" src=\"http:\/\/www.denkfried.de\/wp\/wp-content\/uploads\/2012\/12\/Weeze-am-Niederrhein-Kriegsgr\u00e4berst\u00e4tte-150x150.jpg\" class=\"attachment-thumbnail size-thumbnail\" alt=\"\" \/><\/a>\n\t\t\t<\/dt><\/dl><dl class='gallery-item'>\n\t\t\t<dt class='gallery-icon portrait'>\n\t\t\t\t<a href='http:\/\/www.denkfried.de\/wp\/?attachment_id=28736'><img loading=\"lazy\" decoding=\"async\" width=\"150\" height=\"150\" src=\"http:\/\/www.denkfried.de\/wp\/wp-content\/uploads\/2012\/12\/Weeze-am-Niederrhein-Kriegsgr\u00e4berst\u00e4tte-2-150x150.jpg\" class=\"attachment-thumbnail size-thumbnail\" alt=\"\" \/><\/a>\n\t\t\t<\/dt><\/dl><dl class='gallery-item'>\n\t\t\t<dt class='gallery-icon portrait'>\n\t\t\t\t<a href='http:\/\/www.denkfried.de\/wp\/?attachment_id=28735'><img loading=\"lazy\" decoding=\"async\" width=\"150\" height=\"150\" src=\"http:\/\/www.denkfried.de\/wp\/wp-content\/uploads\/2012\/12\/Weeze-am-Niederrhein-Kriegsgr\u00e4berst\u00e4tte-3-150x150.jpg\" class=\"attachment-thumbnail size-thumbnail\" alt=\"\" \/><\/a>\n\t\t\t<\/dt><\/dl><br style=\"clear: both\" \/>\n\t\t<\/div>\n\n<p>Auf dem Friedhof ruhen <strong>2004 Kriegstote<\/strong> aus den letzten Kriegstagen. Die ersten Toten wurden von englischen und kanadischen Einheiten begraben. Aber die weiter weg Gefallen waren, blieben noch im Wald oder auf den Feldern. Die Bev\u00f6lkerung kam nach der Evakuierung ende 1945 zur\u00fcck und fingen an die letzten Toten zu bergen. Das 2 Hektar gro\u00dfe Gel\u00e4nde, auch &#8222;Sandberg&#8220; genannt wurde nun gestaltet. Im Mittelpunkt ist eine 275 t schwere Steingruppe, das Mittelkreuz ist 5 meter hoch. Im hinteren Bereich befindet sich eine kleine Gedenkkappelle hier sind die Namen der Gefallenen aufgef\u00fchrt.<\/p>\n<p>Seitlich des Weges sind Hochkreuze auf Eichenstelen. Hier wird den Gefallenen der Stadt Weeze, die Fern der Heimat ruhen gedacht.<\/p>\n<p>Am Volkstrauertag im Jahre 2000, wurde zum 50 j\u00e4hrigen bestehen der Anlage eine Gedenktafel eingeweiht, darauf steht:<\/p>\n<address style=\"text-align: center;\"><em><strong>50 Jahre Kriegsgr\u00e4berst\u00e4tte Weeze 1950-2000<\/strong><\/em><\/address>\n<address style=\"text-align: center;\"><em><strong>Ministerpr\u00e4sident Wolfgang Clement und<\/strong><\/em><\/address>\n<address style=\"text-align: center;\"><em><strong>B\u00fcrgermeister Johannes Snelting pflanzen als<\/strong><\/em><\/address>\n<address style=\"text-align: center;\"><em><strong>Mahnzeichen und Symbol &#8222;GEGEN DAS VERGESSEN&#8220;<\/strong><\/em><\/address>\n<address style=\"text-align: center;\"><em><strong>diesen Gingko-Baum am Volkstrauertag 2000.<\/strong><\/em><\/address>\n<address style=\"text-align: center;\"><em><strong>M\u00f6ge dieser Baum &#8222;f\u00fcr den Frieden und in Frieden&#8220; wachsen!<\/strong><\/em><\/address>\n<p>&nbsp;<\/p>\n","protected":false},"excerpt":{"rendered":"<p>&nbsp; 47652 Weeze ist eine Gemeinde im Kreis Kleve Beitrag von Thomas Potsdamer-Ehrenmale.de Im Februar 1945 kam es hier in der Umgebung zu einer gro\u00dfen Schlacht. In der Schlacht im Reichswald wurden 80 % des Ortskerns Weeze zerst\u00f6rt. In den &hellip; <a href=\"http:\/\/www.denkfried.de\/wp\/?page_id=28728\">Weiterlesen <span class=\"meta-nav\">&rarr;<\/span><\/a><\/p>\n","protected":false},"author":9,"featured_media":0,"parent":4392,"menu_order":0,"comment_status":"closed","ping_status":"open","template":"","meta":{"footnotes":""},"class_list":["post-28728","page","type-page","status-publish","hentry"],"_links":{"self":[{"href":"http:\/\/www.denkfried.de\/wp\/index.php?rest_route=\/wp\/v2\/pages\/28728","targetHints":{"allow":["GET"]}}],"collection":[{"href":"http:\/\/www.denkfried.de\/wp\/index.php?rest_route=\/wp\/v2\/pages"}],"about":[{"href":"http:\/\/www.denkfried.de\/wp\/index.php?rest_route=\/wp\/v2\/types\/page"}],"author":[{"embeddable":true,"href":"http:\/\/www.denkfried.de\/wp\/index.php?rest_route=\/wp\/v2\/users\/9"}],"replies":[{"embeddable":true,"href":"http:\/\/www.denkfried.de\/wp\/index.php?rest_route=%2Fwp%2Fv2%2Fcomments&post=28728"}],"version-history":[{"count":13,"href":"http:\/\/www.denkfried.de\/wp\/index.php?rest_route=\/wp\/v2\/pages\/28728\/revisions"}],"predecessor-version":[{"id":28731,"href":"http:\/\/www.denkfried.de\/wp\/index.php?rest_route=\/wp\/v2\/pages\/28728\/revisions\/28731"}],"up":[{"embeddable":true,"href":"http:\/\/www.denkfried.de\/wp\/index.php?rest_route=\/wp\/v2\/pages\/4392"}],"wp:attachment":[{"href":"http:\/\/www.denkfried.de\/wp\/index.php?rest_route=%2Fwp%2Fv2%2Fmedia&parent=28728"}],"curies":[{"name":"wp","href":"https:\/\/api.w.org\/{rel}","templated":true}]}}