{"id":28688,"date":"2012-12-25T13:58:05","date_gmt":"2012-12-25T12:58:05","guid":{"rendered":"http:\/\/www.denkfried.de\/wp\/?page_id=28688"},"modified":"2013-07-20T21:24:37","modified_gmt":"2013-07-20T19:24:37","slug":"stadt-geisingen","status":"publish","type":"page","link":"http:\/\/www.denkfried.de\/wp\/?page_id=28688","title":{"rendered":"&#8211; Denkm\u00e4ler"},"content":{"rendered":"<p>&nbsp;<\/p>\n<p><span style=\"text-decoration: underline;\"><strong>78187 Stadt Geisingen<\/strong> <\/span><\/p>\n<p><strong>Denkm\u00e4ler<\/strong><\/p>\n<p>Beitrag von Thomas <a href=\"http:\/\/potsdamer-ehrenmale.de.tl\/Hauptseite.htm\">Potsdamer-Ehrenmale.de<\/a><\/p>\n<p><a href=\"http:\/\/www.denkfried.de\/wp\/?attachment_id=28703\" rel=\"attachment wp-att-28703\"><img loading=\"lazy\" decoding=\"async\" class=\"alignnone size-medium wp-image-28703\" alt=\"Geisingen Ehrenmal\" src=\"http:\/\/www.denkfried.de\/wp\/wp-content\/uploads\/2012\/12\/Geisingen-Ehrenmal-300x187.jpg\" width=\"300\" height=\"187\" srcset=\"http:\/\/www.denkfried.de\/wp\/wp-content\/uploads\/2012\/12\/Geisingen-Ehrenmal-300x187.jpg 300w, http:\/\/www.denkfried.de\/wp\/wp-content\/uploads\/2012\/12\/Geisingen-Ehrenmal.jpg 640w\" sizes=\"auto, (max-width: 300px) 100vw, 300px\" \/><\/a><\/p>\n<p><strong>Denkmal f\u00fcr die Gefallenen beider Weltkriege<\/strong><\/p>\n<p>An der Kirche befindet sich das Denkmal, einst erbaut f\u00fcr ie Gefallenen des Ersten Weltkrieges. Mittig ist ein Kreuz aufgesetzt davor ist eine trauernde Frau aus Bronze. Am Denkmal sind Namenstafeln angebracht, Das denkmal wurde nach dem Zweiten Weltkrieg erweitert. Au\u00dfen wurden neue Tafeln aungebracht, mit folgender Inschrift:<\/p>\n<p style=\"text-align: center;\"><strong><em>\u00a0<span style=\"font-size: medium;\">Die Stadtgemeinde Geisingen mit Wartenberg<\/span><\/em><\/strong><\/p>\n<address style=\"text-align: center;\"><strong><em><span style=\"font-size: medium;\">den im Weltkriege 1914 &#8211; 1918<br \/>\ngefallenen Helden in Dankbarkeit<\/span><\/em><\/strong><\/address>\n<address style=\"text-align: center;\">\u00a0<\/address>\n<p><strong>Denkmal f\u00fcr die Heimatvertriebenen<\/strong><\/p>\n<p>Ein Gedenkkreuz befindet sich an der Auffahrt zum Schlo\u00df am Wartberg. Das Kreuz ist aus Holz gefertigt, eine Gedenktafel ist am Kreuz. Davor liegt eine Steinplatte, folgende Inschriften sind hier:<\/p>\n<p style=\"text-align: center;\"><strong><span style=\"font-size: medium;\"><br \/>\n<em>Errichtet zum Dank<\/em> <em>F\u00fcr die gl\u00fcckliche Heimkehr<\/em> <em>Aus Krieg u. Gefangenschaft<\/em> <em>Die Kameraden des V.d.H.<\/em> <em>Kreisverband Donaueschingen<\/em> <em>A.D. 1953<\/em><\/span><\/strong><\/p>\n<address style=\"text-align: center;\"><strong><em>Wanderer!<\/em><\/strong><br \/>\n<strong> <em>Dank mit uns f\u00fcr die Heimkehr!<\/em><\/strong><br \/>\n<strong> <em>Bet mit uns f\u00fcr die noch fernen Br\u00fcder!<\/em><\/strong><\/address>\n<address style=\"text-align: center;\"><strong><em>Heimkehrer d. Kr. Donaueschingen <\/em><em>A.D. 1953<\/em><\/strong><\/address>\n<p style=\"text-align: center;\"><em><strong>\u00a0<\/strong><\/em><\/p>\n<p>&nbsp;<\/p>\n","protected":false},"excerpt":{"rendered":"<p>&nbsp; 78187 Stadt Geisingen Denkm\u00e4ler Beitrag von Thomas Potsdamer-Ehrenmale.de Denkmal f\u00fcr die Gefallenen beider Weltkriege An der Kirche befindet sich das Denkmal, einst erbaut f\u00fcr ie Gefallenen des Ersten Weltkrieges. Mittig ist ein Kreuz aufgesetzt davor ist eine trauernde Frau &hellip; <a href=\"http:\/\/www.denkfried.de\/wp\/?page_id=28688\">Weiterlesen <span class=\"meta-nav\">&rarr;<\/span><\/a><\/p>\n","protected":false},"author":9,"featured_media":0,"parent":28680,"menu_order":0,"comment_status":"closed","ping_status":"open","template":"","meta":{"footnotes":""},"class_list":["post-28688","page","type-page","status-publish","hentry"],"_links":{"self":[{"href":"http:\/\/www.denkfried.de\/wp\/index.php?rest_route=\/wp\/v2\/pages\/28688","targetHints":{"allow":["GET"]}}],"collection":[{"href":"http:\/\/www.denkfried.de\/wp\/index.php?rest_route=\/wp\/v2\/pages"}],"about":[{"href":"http:\/\/www.denkfried.de\/wp\/index.php?rest_route=\/wp\/v2\/types\/page"}],"author":[{"embeddable":true,"href":"http:\/\/www.denkfried.de\/wp\/index.php?rest_route=\/wp\/v2\/users\/9"}],"replies":[{"embeddable":true,"href":"http:\/\/www.denkfried.de\/wp\/index.php?rest_route=%2Fwp%2Fv2%2Fcomments&post=28688"}],"version-history":[{"count":13,"href":"http:\/\/www.denkfried.de\/wp\/index.php?rest_route=\/wp\/v2\/pages\/28688\/revisions"}],"predecessor-version":[{"id":28690,"href":"http:\/\/www.denkfried.de\/wp\/index.php?rest_route=\/wp\/v2\/pages\/28688\/revisions\/28690"}],"up":[{"embeddable":true,"href":"http:\/\/www.denkfried.de\/wp\/index.php?rest_route=\/wp\/v2\/pages\/28680"}],"wp:attachment":[{"href":"http:\/\/www.denkfried.de\/wp\/index.php?rest_route=%2Fwp%2Fv2%2Fmedia&parent=28688"}],"curies":[{"name":"wp","href":"https:\/\/api.w.org\/{rel}","templated":true}]}}