{"id":28624,"date":"2012-12-23T18:46:56","date_gmt":"2012-12-23T17:46:56","guid":{"rendered":"http:\/\/www.denkfried.de\/wp\/?page_id=28624"},"modified":"2012-12-23T18:49:29","modified_gmt":"2012-12-23T17:49:29","slug":"buchholz","status":"publish","type":"page","link":"http:\/\/www.denkfried.de\/wp\/?page_id=28624","title":{"rendered":"Buchholz"},"content":{"rendered":"<p>&nbsp;<\/p>\n<p><strong>Buchholz<\/strong> ist eine Fraktion in der Gemeinde Salurn<\/p>\n<p>Beitrag von Thomas <a href=\"http:\/\/potsdamer-ehrenmale.de.tl\/Hauptseite.htm\">Potsdamer-Ehrenmale.de<\/a><\/p>\n<p>Das Denkmal in Buchholz tr\u00e4gt folgende Inschrift:<\/p>\n<p><strong>Bello peremptus<\/strong><\/p>\n<p>&nbsp;<\/p>\n<p>Quelle: <strong>Buch<\/strong> Die versteinerten Helden (Kriegerdenkm\u00e4ler in S\u00fcdtirol)<\/p>\n<p>&nbsp;<\/p>\n","protected":false},"excerpt":{"rendered":"<p>&nbsp; Buchholz ist eine Fraktion in der Gemeinde Salurn Beitrag von Thomas Potsdamer-Ehrenmale.de Das Denkmal in Buchholz tr\u00e4gt folgende Inschrift: Bello peremptus &nbsp; Quelle: Buch Die versteinerten Helden (Kriegerdenkm\u00e4ler in S\u00fcdtirol) &nbsp;<\/p>\n","protected":false},"author":9,"featured_media":0,"parent":28510,"menu_order":0,"comment_status":"closed","ping_status":"open","template":"","meta":{"footnotes":""},"class_list":["post-28624","page","type-page","status-publish","hentry"],"_links":{"self":[{"href":"http:\/\/www.denkfried.de\/wp\/index.php?rest_route=\/wp\/v2\/pages\/28624","targetHints":{"allow":["GET"]}}],"collection":[{"href":"http:\/\/www.denkfried.de\/wp\/index.php?rest_route=\/wp\/v2\/pages"}],"about":[{"href":"http:\/\/www.denkfried.de\/wp\/index.php?rest_route=\/wp\/v2\/types\/page"}],"author":[{"embeddable":true,"href":"http:\/\/www.denkfried.de\/wp\/index.php?rest_route=\/wp\/v2\/users\/9"}],"replies":[{"embeddable":true,"href":"http:\/\/www.denkfried.de\/wp\/index.php?rest_route=%2Fwp%2Fv2%2Fcomments&post=28624"}],"version-history":[{"count":5,"href":"http:\/\/www.denkfried.de\/wp\/index.php?rest_route=\/wp\/v2\/pages\/28624\/revisions"}],"predecessor-version":[{"id":28629,"href":"http:\/\/www.denkfried.de\/wp\/index.php?rest_route=\/wp\/v2\/pages\/28624\/revisions\/28629"}],"up":[{"embeddable":true,"href":"http:\/\/www.denkfried.de\/wp\/index.php?rest_route=\/wp\/v2\/pages\/28510"}],"wp:attachment":[{"href":"http:\/\/www.denkfried.de\/wp\/index.php?rest_route=%2Fwp%2Fv2%2Fmedia&parent=28624"}],"curies":[{"name":"wp","href":"https:\/\/api.w.org\/{rel}","templated":true}]}}