{"id":28615,"date":"2012-12-23T18:39:07","date_gmt":"2012-12-23T17:39:07","guid":{"rendered":"http:\/\/www.denkfried.de\/wp\/?page_id=28615"},"modified":"2012-12-23T18:44:42","modified_gmt":"2012-12-23T17:44:42","slug":"missian","status":"publish","type":"page","link":"http:\/\/www.denkfried.de\/wp\/?page_id=28615","title":{"rendered":"Missian"},"content":{"rendered":"<p>&nbsp;<\/p>\n<p><strong>Missian<\/strong> ist eine Fraktion in der Gemeinde Eppan<\/p>\n<p>Beitrag von Thomas <a href=\"http:\/\/potsdamer-ehrenmale.de.tl\/Hauptseite.htm\">Potsdamer-Ehrenmale.de<\/a><\/p>\n<p>Das Denkmal in Missian tr\u00e4gt folgende Inschrift:<\/p>\n<p><strong>Patriam meliorem appetierunt<\/strong><\/p>\n<p>Es steht f\u00fcr ein besseres Vaterland<\/p>\n<p>&nbsp;<\/p>\n<p>Quelle: <strong>Buch<\/strong> Die versteinerten Helden (Kriegerdenkm\u00e4ler in S\u00fcdtirol)<\/p>\n<p>&nbsp;<\/p>\n","protected":false},"excerpt":{"rendered":"<p>&nbsp; Missian ist eine Fraktion in der Gemeinde Eppan Beitrag von Thomas Potsdamer-Ehrenmale.de Das Denkmal in Missian tr\u00e4gt folgende Inschrift: Patriam meliorem appetierunt Es steht f\u00fcr ein besseres Vaterland &nbsp; Quelle: Buch Die versteinerten Helden (Kriegerdenkm\u00e4ler in S\u00fcdtirol) &nbsp;<\/p>\n","protected":false},"author":9,"featured_media":0,"parent":28610,"menu_order":0,"comment_status":"closed","ping_status":"open","template":"","meta":{"footnotes":""},"class_list":["post-28615","page","type-page","status-publish","hentry"],"_links":{"self":[{"href":"http:\/\/www.denkfried.de\/wp\/index.php?rest_route=\/wp\/v2\/pages\/28615","targetHints":{"allow":["GET"]}}],"collection":[{"href":"http:\/\/www.denkfried.de\/wp\/index.php?rest_route=\/wp\/v2\/pages"}],"about":[{"href":"http:\/\/www.denkfried.de\/wp\/index.php?rest_route=\/wp\/v2\/types\/page"}],"author":[{"embeddable":true,"href":"http:\/\/www.denkfried.de\/wp\/index.php?rest_route=\/wp\/v2\/users\/9"}],"replies":[{"embeddable":true,"href":"http:\/\/www.denkfried.de\/wp\/index.php?rest_route=%2Fwp%2Fv2%2Fcomments&post=28615"}],"version-history":[{"count":7,"href":"http:\/\/www.denkfried.de\/wp\/index.php?rest_route=\/wp\/v2\/pages\/28615\/revisions"}],"predecessor-version":[{"id":28621,"href":"http:\/\/www.denkfried.de\/wp\/index.php?rest_route=\/wp\/v2\/pages\/28615\/revisions\/28621"}],"up":[{"embeddable":true,"href":"http:\/\/www.denkfried.de\/wp\/index.php?rest_route=\/wp\/v2\/pages\/28610"}],"wp:attachment":[{"href":"http:\/\/www.denkfried.de\/wp\/index.php?rest_route=%2Fwp%2Fv2%2Fmedia&parent=28615"}],"curies":[{"name":"wp","href":"https:\/\/api.w.org\/{rel}","templated":true}]}}