{"id":28537,"date":"2012-12-23T13:41:44","date_gmt":"2012-12-23T12:41:44","guid":{"rendered":"http:\/\/www.denkfried.de\/wp\/?page_id=28537"},"modified":"2012-12-23T13:43:41","modified_gmt":"2012-12-23T12:43:41","slug":"gossensas","status":"publish","type":"page","link":"http:\/\/www.denkfried.de\/wp\/?page_id=28537","title":{"rendered":"Gossensa\u00df"},"content":{"rendered":"<p>&nbsp;<\/p>\n<p><strong>Gossensa\u00df<\/strong> ist der Hauptort der Gemeinde Brenner in der Bezirksgemeinschaft Wipptal<\/p>\n<p>Beitrag von Thomas <a href=\"http:\/\/potsdamer-ehrenmale.de.tl\/Hauptseite.htm\">Potsdamer-Ehrenmale.de<\/a><\/p>\n<p>In Gossensa\u00df gibt es ein Denkmal, an der Au\u00dfenmauer der Kirche.<\/p>\n<p>&nbsp;<\/p>\n<p>Quelle: <strong>Buch<\/strong> Die versteinerten Helden (Kriegerdenkm\u00e4ler in S\u00fcdtirol)<\/p>\n","protected":false},"excerpt":{"rendered":"<p>&nbsp; Gossensa\u00df ist der Hauptort der Gemeinde Brenner in der Bezirksgemeinschaft Wipptal Beitrag von Thomas Potsdamer-Ehrenmale.de In Gossensa\u00df gibt es ein Denkmal, an der Au\u00dfenmauer der Kirche. &nbsp; Quelle: Buch Die versteinerten Helden (Kriegerdenkm\u00e4ler in S\u00fcdtirol)<\/p>\n","protected":false},"author":9,"featured_media":0,"parent":28532,"menu_order":0,"comment_status":"closed","ping_status":"open","template":"","meta":{"footnotes":""},"class_list":["post-28537","page","type-page","status-publish","hentry"],"_links":{"self":[{"href":"http:\/\/www.denkfried.de\/wp\/index.php?rest_route=\/wp\/v2\/pages\/28537","targetHints":{"allow":["GET"]}}],"collection":[{"href":"http:\/\/www.denkfried.de\/wp\/index.php?rest_route=\/wp\/v2\/pages"}],"about":[{"href":"http:\/\/www.denkfried.de\/wp\/index.php?rest_route=\/wp\/v2\/types\/page"}],"author":[{"embeddable":true,"href":"http:\/\/www.denkfried.de\/wp\/index.php?rest_route=\/wp\/v2\/users\/9"}],"replies":[{"embeddable":true,"href":"http:\/\/www.denkfried.de\/wp\/index.php?rest_route=%2Fwp%2Fv2%2Fcomments&post=28537"}],"version-history":[{"count":3,"href":"http:\/\/www.denkfried.de\/wp\/index.php?rest_route=\/wp\/v2\/pages\/28537\/revisions"}],"predecessor-version":[{"id":28540,"href":"http:\/\/www.denkfried.de\/wp\/index.php?rest_route=\/wp\/v2\/pages\/28537\/revisions\/28540"}],"up":[{"embeddable":true,"href":"http:\/\/www.denkfried.de\/wp\/index.php?rest_route=\/wp\/v2\/pages\/28532"}],"wp:attachment":[{"href":"http:\/\/www.denkfried.de\/wp\/index.php?rest_route=%2Fwp%2Fv2%2Fmedia&parent=28537"}],"curies":[{"name":"wp","href":"https:\/\/api.w.org\/{rel}","templated":true}]}}