{"id":28479,"date":"2012-12-22T18:19:48","date_gmt":"2012-12-22T17:19:48","guid":{"rendered":"http:\/\/www.denkfried.de\/wp\/?page_id=28479"},"modified":"2012-12-22T18:26:28","modified_gmt":"2012-12-22T17:26:28","slug":"st-peter","status":"publish","type":"page","link":"http:\/\/www.denkfried.de\/wp\/?page_id=28479","title":{"rendered":"St. Peter"},"content":{"rendered":"<p>&nbsp;<\/p>\n<p><strong>St. Peter<\/strong> ist eine Fraktion in der Gemeinde Ahrntal<\/p>\n<p>Beitrag von Thomas <a href=\"http:\/\/potsdamer-ehrenmale.de.tl\/Hauptseite.htm\">Potsdamer-Ehrenmale.de<\/a><\/p>\n<p><a href=\"http:\/\/www.denkfried.de\/wp\/?attachment_id=28483\" rel=\"attachment wp-att-28483\"><img loading=\"lazy\" decoding=\"async\" class=\"alignnone size-medium wp-image-28483\" alt=\"St Peter in Ahrn Denkmal\" src=\"http:\/\/www.denkfried.de\/wp\/wp-content\/uploads\/2012\/12\/St-Peter-in-Ahrn-Denkmal-214x300.jpg\" width=\"214\" height=\"300\" srcset=\"http:\/\/www.denkfried.de\/wp\/wp-content\/uploads\/2012\/12\/St-Peter-in-Ahrn-Denkmal-214x300.jpg 214w, http:\/\/www.denkfried.de\/wp\/wp-content\/uploads\/2012\/12\/St-Peter-in-Ahrn-Denkmal.jpg 457w\" sizes=\"auto, (max-width: 214px) 100vw, 214px\" \/><\/a><\/p>\n<p>Das Denkmal befindet sich an der Kirchenau\u00dfenmauer. Es ist den gefallenen beider Weltkriege geweiht.<\/p>\n<p>&nbsp;<\/p>\n<p>Quelle: <strong>Buch<\/strong> Die versteinerten Helden (Kriegerdenkm\u00e4ler in S\u00fcdtirol)<\/p>\n","protected":false},"excerpt":{"rendered":"<p>&nbsp; St. Peter ist eine Fraktion in der Gemeinde Ahrntal Beitrag von Thomas Potsdamer-Ehrenmale.de Das Denkmal befindet sich an der Kirchenau\u00dfenmauer. Es ist den gefallenen beider Weltkriege geweiht. &nbsp; Quelle: Buch Die versteinerten Helden (Kriegerdenkm\u00e4ler in S\u00fcdtirol)<\/p>\n","protected":false},"author":9,"featured_media":0,"parent":28359,"menu_order":0,"comment_status":"closed","ping_status":"open","template":"","meta":{"footnotes":""},"class_list":["post-28479","page","type-page","status-publish","hentry"],"_links":{"self":[{"href":"http:\/\/www.denkfried.de\/wp\/index.php?rest_route=\/wp\/v2\/pages\/28479","targetHints":{"allow":["GET"]}}],"collection":[{"href":"http:\/\/www.denkfried.de\/wp\/index.php?rest_route=\/wp\/v2\/pages"}],"about":[{"href":"http:\/\/www.denkfried.de\/wp\/index.php?rest_route=\/wp\/v2\/types\/page"}],"author":[{"embeddable":true,"href":"http:\/\/www.denkfried.de\/wp\/index.php?rest_route=\/wp\/v2\/users\/9"}],"replies":[{"embeddable":true,"href":"http:\/\/www.denkfried.de\/wp\/index.php?rest_route=%2Fwp%2Fv2%2Fcomments&post=28479"}],"version-history":[{"count":5,"href":"http:\/\/www.denkfried.de\/wp\/index.php?rest_route=\/wp\/v2\/pages\/28479\/revisions"}],"predecessor-version":[{"id":28481,"href":"http:\/\/www.denkfried.de\/wp\/index.php?rest_route=\/wp\/v2\/pages\/28479\/revisions\/28481"}],"up":[{"embeddable":true,"href":"http:\/\/www.denkfried.de\/wp\/index.php?rest_route=\/wp\/v2\/pages\/28359"}],"wp:attachment":[{"href":"http:\/\/www.denkfried.de\/wp\/index.php?rest_route=%2Fwp%2Fv2%2Fmedia&parent=28479"}],"curies":[{"name":"wp","href":"https:\/\/api.w.org\/{rel}","templated":true}]}}