{"id":2835,"date":"2011-04-12T22:56:32","date_gmt":"2011-04-12T20:56:32","guid":{"rendered":"http:\/\/www.denkfried.de\/wp\/?page_id=2835"},"modified":"2016-01-18T19:53:04","modified_gmt":"2016-01-18T18:53:04","slug":"kreisfreie-stadt-karlsruhe","status":"publish","type":"page","link":"http:\/\/www.denkfried.de\/wp\/?page_id=2835","title":{"rendered":"Kreisfreie Stadt: KARLSRUHE"},"content":{"rendered":"<p><a href=\"http:\/\/www.denkfried.de\/wp\/?attachment_id=2836\" rel=\"attachment wp-att-2836\"><img loading=\"lazy\" decoding=\"async\" class=\"alignleft size-full wp-image-2836\" title=\"Stadtwappen-Karlsruhe\" src=\"http:\/\/www.denkfried.de\/wp\/wp-content\/uploads\/2011\/04\/Stadtwappen-Karlsruhe.png\" alt=\"\" width=\"50\" height=\"60\" \/><\/a><\/p>\n<p>&nbsp;<\/p>\n<p>&nbsp;<\/p>\n<p>Stadtverwaltung:\u00a0 \u00a076124 Karlsruhe , Rathaus am Marktplatz<\/p>\n<p>Karlsruhe \u00a0 \u00a0 \u00a0 \u00a0 \u00a0 \u00a0 \u00a0 \u00a0 \u00a0(17\/3.733)<\/p>\n<p>**********************************************************<\/p>\n<p><span style=\"text-decoration: underline;\"><strong>Stadt Karlsruhe<\/strong><\/span><\/p>\n<ul>\n<li><a href=\"http:\/\/www.denkfried.de\/wp\/?page_id=19758\">Ehrenbuch 1914-1918<\/a><\/li>\n<li><a href=\"http:\/\/www.denkfried.de\/wp\/?page_id=38400\">Gedenkbuch Schicksalstage einer Stadt<\/a><\/li>\n<li><a href=\"http:\/\/www.denkfried.de\/wp\/?page_id=38056\">Denkm\u00e4ler-Nordweststadt<\/a><\/li>\n<li><a href=\"http:\/\/www.denkfried.de\/wp\/?page_id=38093\">Denkm\u00e4ler-Innenstadt<\/a><\/li>\n<li>Denkm\u00e4ler-Oststadt<\/li>\n<li><a href=\"http:\/\/www.denkfried.de\/wp\/?page_id=38079\">Denkm\u00e4ler-S\u00fcdweststadt<\/a><\/li>\n<li><a href=\"http:\/\/www.denkfried.de\/wp\/?page_id=38098\">Denkm\u00e4ler-Weststadt<\/a><\/li>\n<li><a href=\"http:\/\/www.denkfried.de\/wp\/?page_id=38111\">Alter Friedhof<\/a><\/li>\n<li><a href=\"http:\/\/www.denkfried.de\/wp\/?page_id=20225\">Hauptfriedhof<\/a><\/li>\n<li><a href=\"http:\/\/www.denkfried.de\/wp\/?page_id=38023\">Denkmal, Gedenken des Karlsruher SC<\/a><\/li>\n<li><a href=\"http:\/\/www.denkfried.de\/wp\/?page_id=40386\">Denkmal KSV Germania<\/a><\/li>\n<\/ul>\n<p><span style=\"text-decoration: underline;\"><strong>Stadtteile<\/strong><\/span><\/p>\n<ul>\n<li>Karlsruhe &#8211; Rastatt<\/li>\n<li><a href=\"http:\/\/www.denkfried.de\/wp\/?page_id=20134\">Karlsruhe &#8211; Rintheim<\/a><\/li>\n<li><a href=\"http:\/\/www.denkfried.de\/wp\/?page_id=20117\">Karlsruhe &#8211; R\u00fcppurr<\/a><\/li>\n<\/ul>\n","protected":false},"excerpt":{"rendered":"<p>&nbsp; &nbsp; Stadtverwaltung:\u00a0 \u00a076124 Karlsruhe , Rathaus am Marktplatz Karlsruhe \u00a0 \u00a0 \u00a0 \u00a0 \u00a0 \u00a0 \u00a0 \u00a0 \u00a0(17\/3.733) ********************************************************** Stadt Karlsruhe Ehrenbuch 1914-1918 Gedenkbuch Schicksalstage einer Stadt Denkm\u00e4ler-Nordweststadt Denkm\u00e4ler-Innenstadt Denkm\u00e4ler-Oststadt Denkm\u00e4ler-S\u00fcdweststadt Denkm\u00e4ler-Weststadt Alter Friedhof Hauptfriedhof Denkmal, Gedenken des Karlsruher &hellip; <a href=\"http:\/\/www.denkfried.de\/wp\/?page_id=2835\">Weiterlesen <span class=\"meta-nav\">&rarr;<\/span><\/a><\/p>\n","protected":false},"author":2,"featured_media":0,"parent":367,"menu_order":0,"comment_status":"closed","ping_status":"open","template":"","meta":{"footnotes":""},"class_list":["post-2835","page","type-page","status-publish","hentry"],"_links":{"self":[{"href":"http:\/\/www.denkfried.de\/wp\/index.php?rest_route=\/wp\/v2\/pages\/2835","targetHints":{"allow":["GET"]}}],"collection":[{"href":"http:\/\/www.denkfried.de\/wp\/index.php?rest_route=\/wp\/v2\/pages"}],"about":[{"href":"http:\/\/www.denkfried.de\/wp\/index.php?rest_route=\/wp\/v2\/types\/page"}],"author":[{"embeddable":true,"href":"http:\/\/www.denkfried.de\/wp\/index.php?rest_route=\/wp\/v2\/users\/2"}],"replies":[{"embeddable":true,"href":"http:\/\/www.denkfried.de\/wp\/index.php?rest_route=%2Fwp%2Fv2%2Fcomments&post=2835"}],"version-history":[{"count":43,"href":"http:\/\/www.denkfried.de\/wp\/index.php?rest_route=\/wp\/v2\/pages\/2835\/revisions"}],"predecessor-version":[{"id":40395,"href":"http:\/\/www.denkfried.de\/wp\/index.php?rest_route=\/wp\/v2\/pages\/2835\/revisions\/40395"}],"up":[{"embeddable":true,"href":"http:\/\/www.denkfried.de\/wp\/index.php?rest_route=\/wp\/v2\/pages\/367"}],"wp:attachment":[{"href":"http:\/\/www.denkfried.de\/wp\/index.php?rest_route=%2Fwp%2Fv2%2Fmedia&parent=2835"}],"curies":[{"name":"wp","href":"https:\/\/api.w.org\/{rel}","templated":true}]}}