{"id":28339,"date":"2012-12-22T14:24:06","date_gmt":"2012-12-22T13:24:06","guid":{"rendered":"http:\/\/www.denkfried.de\/wp\/?page_id=28339"},"modified":"2012-12-22T14:30:48","modified_gmt":"2012-12-22T13:30:48","slug":"uman","status":"publish","type":"page","link":"http:\/\/www.denkfried.de\/wp\/?page_id=28339","title":{"rendered":"UMAN"},"content":{"rendered":"<p>&nbsp;<\/p>\n<p><strong>20300 Uman<\/strong> eine selbstst\u00e4ndige Stadt im oblast Tscherkassy, sie ist Verwaltungssitz des Rajons Uman.<\/p>\n<p>Im Zweiten Weltkrieg fand hier die Schlacht bei Uman, zischen den deutschen Wehrmacht und den Sowjetischen Armee statt. Diese dauerte vom 3. bis 8. August 1941, nach dem Weltkrieg wurde hier das NKWD-Lager Nr. 33 errichtet.<\/p>\n<p>Beitrag von Thomas <a href=\"http:\/\/potsdamer-ehrenmale.de.tl\/Hauptseite.htm\">Potsdamer-Ehrenmale.de<\/a><\/p>\n<p><a href=\"http:\/\/www.denkfried.de\/wp\/?attachment_id=28344\" rel=\"attachment wp-att-28344\"><img loading=\"lazy\" decoding=\"async\" class=\"alignnone size-medium wp-image-28344\" alt=\"Kessel von Uman\" src=\"http:\/\/www.denkfried.de\/wp\/wp-content\/uploads\/2012\/12\/Kessel-von-Uman-300x195.jpg\" width=\"300\" height=\"195\" srcset=\"http:\/\/www.denkfried.de\/wp\/wp-content\/uploads\/2012\/12\/Kessel-von-Uman-300x195.jpg 300w, http:\/\/www.denkfried.de\/wp\/wp-content\/uploads\/2012\/12\/Kessel-von-Uman.jpg 640w\" sizes=\"auto, (max-width: 300px) 100vw, 300px\" \/><\/a><\/p>\n<p>Das Foto zeigt einige am Stra\u00dfenrand errichtet Kriegsgr\u00e4ber. Nach Kriegsende sind die Gefallenen auf Kriegsgr\u00e4berst\u00e4tten umgebettet worden.<\/p>\n<p>&nbsp;<\/p>\n","protected":false},"excerpt":{"rendered":"<p>&nbsp; 20300 Uman eine selbstst\u00e4ndige Stadt im oblast Tscherkassy, sie ist Verwaltungssitz des Rajons Uman. Im Zweiten Weltkrieg fand hier die Schlacht bei Uman, zischen den deutschen Wehrmacht und den Sowjetischen Armee statt. Diese dauerte vom 3. bis 8. August &hellip; <a href=\"http:\/\/www.denkfried.de\/wp\/?page_id=28339\">Weiterlesen <span class=\"meta-nav\">&rarr;<\/span><\/a><\/p>\n","protected":false},"author":9,"featured_media":0,"parent":358,"menu_order":0,"comment_status":"closed","ping_status":"open","template":"","meta":{"footnotes":""},"class_list":["post-28339","page","type-page","status-publish","hentry"],"_links":{"self":[{"href":"http:\/\/www.denkfried.de\/wp\/index.php?rest_route=\/wp\/v2\/pages\/28339","targetHints":{"allow":["GET"]}}],"collection":[{"href":"http:\/\/www.denkfried.de\/wp\/index.php?rest_route=\/wp\/v2\/pages"}],"about":[{"href":"http:\/\/www.denkfried.de\/wp\/index.php?rest_route=\/wp\/v2\/types\/page"}],"author":[{"embeddable":true,"href":"http:\/\/www.denkfried.de\/wp\/index.php?rest_route=\/wp\/v2\/users\/9"}],"replies":[{"embeddable":true,"href":"http:\/\/www.denkfried.de\/wp\/index.php?rest_route=%2Fwp%2Fv2%2Fcomments&post=28339"}],"version-history":[{"count":5,"href":"http:\/\/www.denkfried.de\/wp\/index.php?rest_route=\/wp\/v2\/pages\/28339\/revisions"}],"predecessor-version":[{"id":28341,"href":"http:\/\/www.denkfried.de\/wp\/index.php?rest_route=\/wp\/v2\/pages\/28339\/revisions\/28341"}],"up":[{"embeddable":true,"href":"http:\/\/www.denkfried.de\/wp\/index.php?rest_route=\/wp\/v2\/pages\/358"}],"wp:attachment":[{"href":"http:\/\/www.denkfried.de\/wp\/index.php?rest_route=%2Fwp%2Fv2%2Fmedia&parent=28339"}],"curies":[{"name":"wp","href":"https:\/\/api.w.org\/{rel}","templated":true}]}}