{"id":28228,"date":"2012-12-21T18:52:23","date_gmt":"2012-12-21T17:52:23","guid":{"rendered":"http:\/\/www.denkfried.de\/wp\/?page_id=28228"},"modified":"2012-12-22T11:41:32","modified_gmt":"2012-12-22T10:41:32","slug":"ehrenbuch-der-giessener-burchenschaft","status":"publish","type":"page","link":"http:\/\/www.denkfried.de\/wp\/?page_id=28228","title":{"rendered":"Ehrenbuch der Giessener Burschenschaft"},"content":{"rendered":"<p>&nbsp;<\/p>\n<p><strong>Stadt Gie\u00dfen<\/strong><\/p>\n<p>Ehrenbuch der Giessener Burschenschaft Germania<\/p>\n<p>Das Buch erschien 1964 und ist im Auftrag des altherrenverbandes mit Hilfe zahlreicher Mitarbeiter zusammengestellt\u00a0 und wurde von Wilhelm Georg Heckmann herausgegeben.<\/p>\n<p>Beitrag von Thomas <a href=\"http:\/\/potsdamer-ehrenmale.de.tl\/Hauptseite.htm\">Potsdamer-Ehrenmale.de<\/a><\/p>\n<div id='gallery-1' class='gallery galleryid-28228 gallery-columns-4 gallery-size-thumbnail'><dl class='gallery-item'>\n\t\t\t<dt class='gallery-icon portrait'>\n\t\t\t\t<a href='http:\/\/www.denkfried.de\/wp\/?attachment_id=28274'><img loading=\"lazy\" decoding=\"async\" width=\"150\" height=\"150\" src=\"http:\/\/www.denkfried.de\/wp\/wp-content\/uploads\/2012\/12\/Gie\u00dfen-Gedenkbuch-Burschenschaft-Ehrenbuch-Gefallene-4-150x150.jpg\" class=\"attachment-thumbnail size-thumbnail\" alt=\"\" \/><\/a>\n\t\t\t<\/dt><\/dl><dl class='gallery-item'>\n\t\t\t<dt class='gallery-icon landscape'>\n\t\t\t\t<a href='http:\/\/www.denkfried.de\/wp\/?attachment_id=28272'><img loading=\"lazy\" decoding=\"async\" width=\"150\" height=\"150\" src=\"http:\/\/www.denkfried.de\/wp\/wp-content\/uploads\/2012\/12\/Gie\u00dfen-Gedenkbuch-Burschenschaft-Ehrenbuch-Gefallene-2-150x150.jpg\" class=\"attachment-thumbnail size-thumbnail\" alt=\"\" \/><\/a>\n\t\t\t<\/dt><\/dl><dl class='gallery-item'>\n\t\t\t<dt class='gallery-icon portrait'>\n\t\t\t\t<a href='http:\/\/www.denkfried.de\/wp\/?attachment_id=28271'><img loading=\"lazy\" decoding=\"async\" width=\"150\" height=\"150\" src=\"http:\/\/www.denkfried.de\/wp\/wp-content\/uploads\/2012\/12\/Gie\u00dfen-Gedenkbuch-Burschenschaft-Ehrenbuch-Gefallene-150x150.jpg\" class=\"attachment-thumbnail size-thumbnail\" alt=\"\" \/><\/a>\n\t\t\t<\/dt><\/dl><dl class='gallery-item'>\n\t\t\t<dt class='gallery-icon landscape'>\n\t\t\t\t<a href='http:\/\/www.denkfried.de\/wp\/?attachment_id=28273'><img loading=\"lazy\" decoding=\"async\" width=\"150\" height=\"150\" src=\"http:\/\/www.denkfried.de\/wp\/wp-content\/uploads\/2012\/12\/Gie\u00dfen-Gedenkbuch-Burschenschaft-Ehrenbuch-Gefallene-3-150x150.jpg\" class=\"attachment-thumbnail size-thumbnail\" alt=\"\" \/><\/a>\n\t\t\t<\/dt><\/dl><br style=\"clear: both\" \/>\n\t\t<\/div>\n\n<p><strong>Beilage<\/strong> (beiligender Zettel):<br \/>\nDen n\u00e4chsten Angeh\u00f6rigen seiner in den beiden Weltkriegen gefallenen Bundesbr\u00fcder \u00fcberreicht dieses Ehrenbuch der Altherrenverband der Gie\u00dfener Burschenschaft Germania<\/p>\n<p><strong>Vorwort<\/strong>:<\/p>\n<p>Der Gedanke an ein Ehrenbuch f\u00fcr unsere gefallenen Bundesbr\u00fcder ist schon im ersten Weltkrieg aufgetaucht. Bereits 1917 hat Wilhelm Berger mit einer Sammlung von Nachrichten und Erinnerungen begonnen. Seine Aufrufe, zu einer &#8222;Kriegerchronik&#8220; beizutragen, wurden zwar begr\u00fc\u00dft, aber er fand zu wenig Helfer, und so kam nichts zustande. Nun ist es endlich gelungen, mit Hilfe zahlreicher Mitarbeiter, teils Bundesbr\u00fcdern, teils Verwandten der Toten, in fast dreij\u00e4hriger Arbeit dieses EHRENBUCH zusammenzustellen.<\/p>\n<p>&nbsp;<\/p>\n","protected":false},"excerpt":{"rendered":"<p>&nbsp; Stadt Gie\u00dfen Ehrenbuch der Giessener Burschenschaft Germania Das Buch erschien 1964 und ist im Auftrag des altherrenverbandes mit Hilfe zahlreicher Mitarbeiter zusammengestellt\u00a0 und wurde von Wilhelm Georg Heckmann herausgegeben. Beitrag von Thomas Potsdamer-Ehrenmale.de Beilage (beiligender Zettel): Den n\u00e4chsten Angeh\u00f6rigen &hellip; <a href=\"http:\/\/www.denkfried.de\/wp\/?page_id=28228\">Weiterlesen <span class=\"meta-nav\">&rarr;<\/span><\/a><\/p>\n","protected":false},"author":9,"featured_media":0,"parent":28222,"menu_order":0,"comment_status":"closed","ping_status":"open","template":"","meta":{"footnotes":""},"class_list":["post-28228","page","type-page","status-publish","hentry"],"_links":{"self":[{"href":"http:\/\/www.denkfried.de\/wp\/index.php?rest_route=\/wp\/v2\/pages\/28228","targetHints":{"allow":["GET"]}}],"collection":[{"href":"http:\/\/www.denkfried.de\/wp\/index.php?rest_route=\/wp\/v2\/pages"}],"about":[{"href":"http:\/\/www.denkfried.de\/wp\/index.php?rest_route=\/wp\/v2\/types\/page"}],"author":[{"embeddable":true,"href":"http:\/\/www.denkfried.de\/wp\/index.php?rest_route=\/wp\/v2\/users\/9"}],"replies":[{"embeddable":true,"href":"http:\/\/www.denkfried.de\/wp\/index.php?rest_route=%2Fwp%2Fv2%2Fcomments&post=28228"}],"version-history":[{"count":9,"href":"http:\/\/www.denkfried.de\/wp\/index.php?rest_route=\/wp\/v2\/pages\/28228\/revisions"}],"predecessor-version":[{"id":28230,"href":"http:\/\/www.denkfried.de\/wp\/index.php?rest_route=\/wp\/v2\/pages\/28228\/revisions\/28230"}],"up":[{"embeddable":true,"href":"http:\/\/www.denkfried.de\/wp\/index.php?rest_route=\/wp\/v2\/pages\/28222"}],"wp:attachment":[{"href":"http:\/\/www.denkfried.de\/wp\/index.php?rest_route=%2Fwp%2Fv2%2Fmedia&parent=28228"}],"curies":[{"name":"wp","href":"https:\/\/api.w.org\/{rel}","templated":true}]}}