{"id":28222,"date":"2012-12-21T18:43:18","date_gmt":"2012-12-21T17:43:18","guid":{"rendered":"http:\/\/www.denkfried.de\/wp\/?page_id=28222"},"modified":"2012-12-23T22:21:17","modified_gmt":"2012-12-23T21:21:17","slug":"stadt-giesen","status":"publish","type":"page","link":"http:\/\/www.denkfried.de\/wp\/?page_id=28222","title":{"rendered":"Stadt Gie\u00dfen"},"content":{"rendered":"<p>&nbsp;<\/p>\n<p><strong>35390 Stadt Gie\u00dfen<\/strong><\/p>\n<p>Adresse der Stadtverwaltung: Berliner Platz 1, 35390 Gie\u00dfen<\/p>\n<p>In Gie\u00dfen ruhen Insgesamt <strong>1328 Kriegsopfer<\/strong> auf 4 Friedh\u00f6fe.<\/p>\n<ul>\n<li>Ehrenbuch der Giessener Burschenschaft Alemania<\/li>\n<li><a href=\"http:\/\/www.denkfried.de\/wp\/?page_id=28228\">Ehrenbuch der Giessener Burschenschaft Germania<\/a><\/li>\n<li><a href=\"http:\/\/www.denkfried.de\/wp\/?page_id=28669\">Gie\u00dfen &#8211; Denkm\u00e4ler<\/a><\/li>\n<li><a href=\"http:\/\/www.denkfried.de\/wp\/?page_id=28348\">Gie\u00dfen &#8211; Gedenktafeln<\/a><\/li>\n<\/ul>\n<p><strong>Stadtgliederung<\/strong><\/p>\n<ul>\n<li>Wieseck<\/li>\n<li>R\u00f6dgen<\/li>\n<li>Schiffenberg<\/li>\n<li>Kleinlinden<\/li>\n<li>Allendorf<\/li>\n<li>L\u00fctzellinden<\/li>\n<\/ul>\n<p><strong>Luftangriffe auf Giessen<\/strong><\/p>\n<p>Durch zwei Luftangriffe der britischen Luftwaffe am 2. und (vor allem) 6. Dezember 1944 im Rahmen der Area Bombing Directive wurde nahezu der gesamte historische Stadtkern Gie\u00dfens durch einen Feuersturm vernichtet, hunderte Zivilisten fanden den Tod. Die Bahnanlagen und die zahlreichen Milit\u00e4reinrichtungen blieben dagegen weitgehend intakt. In den folgenden Monaten starben viele weitere Menschen durch Tieffliegerangriffe. Am 28. M\u00e4rz 1945 beendete der Einzug der US-amerikanischen Armee den Krieg f\u00fcr die zerst\u00f6rte Stadt. Die Stadt war zu 67\u00a0% zerst\u00f6rt, die Innenstadt zu 90\u00a0%. Trotz dieser hohen Zerst\u00f6rungsrate h\u00e4tte es f\u00fcr Gie\u00dfen noch schlimmer kommen k\u00f6nnen. Ein nicht unerheblicher Teil der Bombenlast des zweiten Luftangriffes wurde versehentlich \u00fcber dem Bergwerkswald abgeworfen, wo die Folgen noch heute deutlich zu sehen sind. (Wikipedia)<\/p>\n","protected":false},"excerpt":{"rendered":"<p>&nbsp; 35390 Stadt Gie\u00dfen Adresse der Stadtverwaltung: Berliner Platz 1, 35390 Gie\u00dfen In Gie\u00dfen ruhen Insgesamt 1328 Kriegsopfer auf 4 Friedh\u00f6fe. Ehrenbuch der Giessener Burschenschaft Alemania Ehrenbuch der Giessener Burschenschaft Germania Gie\u00dfen &#8211; Denkm\u00e4ler Gie\u00dfen &#8211; Gedenktafeln Stadtgliederung Wieseck R\u00f6dgen &hellip; <a href=\"http:\/\/www.denkfried.de\/wp\/?page_id=28222\">Weiterlesen <span class=\"meta-nav\">&rarr;<\/span><\/a><\/p>\n","protected":false},"author":9,"featured_media":0,"parent":28211,"menu_order":0,"comment_status":"closed","ping_status":"open","template":"","meta":{"footnotes":""},"class_list":["post-28222","page","type-page","status-publish","hentry"],"_links":{"self":[{"href":"http:\/\/www.denkfried.de\/wp\/index.php?rest_route=\/wp\/v2\/pages\/28222","targetHints":{"allow":["GET"]}}],"collection":[{"href":"http:\/\/www.denkfried.de\/wp\/index.php?rest_route=\/wp\/v2\/pages"}],"about":[{"href":"http:\/\/www.denkfried.de\/wp\/index.php?rest_route=\/wp\/v2\/types\/page"}],"author":[{"embeddable":true,"href":"http:\/\/www.denkfried.de\/wp\/index.php?rest_route=\/wp\/v2\/users\/9"}],"replies":[{"embeddable":true,"href":"http:\/\/www.denkfried.de\/wp\/index.php?rest_route=%2Fwp%2Fv2%2Fcomments&post=28222"}],"version-history":[{"count":13,"href":"http:\/\/www.denkfried.de\/wp\/index.php?rest_route=\/wp\/v2\/pages\/28222\/revisions"}],"predecessor-version":[{"id":28675,"href":"http:\/\/www.denkfried.de\/wp\/index.php?rest_route=\/wp\/v2\/pages\/28222\/revisions\/28675"}],"up":[{"embeddable":true,"href":"http:\/\/www.denkfried.de\/wp\/index.php?rest_route=\/wp\/v2\/pages\/28211"}],"wp:attachment":[{"href":"http:\/\/www.denkfried.de\/wp\/index.php?rest_route=%2Fwp%2Fv2%2Fmedia&parent=28222"}],"curies":[{"name":"wp","href":"https:\/\/api.w.org\/{rel}","templated":true}]}}