{"id":28211,"date":"2012-12-21T18:32:14","date_gmt":"2012-12-21T17:32:14","guid":{"rendered":"http:\/\/www.denkfried.de\/wp\/?page_id=28211"},"modified":"2012-12-21T18:49:39","modified_gmt":"2012-12-21T17:49:39","slug":"landkreis-giesen","status":"publish","type":"page","link":"http:\/\/www.denkfried.de\/wp\/?page_id=28211","title":{"rendered":"LK Gie\u00dfen"},"content":{"rendered":"<p>&nbsp;<\/p>\n<p>Landkreis Gie\u00dfen<\/p>\n<p>&nbsp;<\/p>\n<p><strong>St\u00e4dte<\/strong><\/p>\n<ul>\n<li>Allendorf (Lumda)<\/li>\n<li><a href=\"http:\/\/www.denkfried.de\/wp\/?page_id=28222\">Gie\u00dfen<\/a>, Universit\u00e4tsstadt, Stadt mit Sonderstatus und Kreisstadt<\/li>\n<li>Gr\u00fcnberg<\/li>\n<li>Hungen<\/li>\n<li>Laubach<\/li>\n<li>Lich<\/li>\n<li>Linden [Sitz: Leihgestern]<\/li>\n<li>Lollar<\/li>\n<li>Pohlheim [Sitz: Watzenborn-Steinberg]<\/li>\n<li>Staufenberg<\/li>\n<\/ul>\n<p><strong>Gemeinden<\/strong><\/p>\n<ul>\n<li>Biebertal [Sitz: Rodheim-Bieber]<\/li>\n<li>Buseck [Sitz: Gro\u00dfen-Buseck]<\/li>\n<li>Fernwald [Sitz: Steinbach]<\/li>\n<li>Heuchelheim<\/li>\n<li>Langg\u00f6ns [Sitz: Lang-G\u00f6ns]<\/li>\n<li>Rabenau [Sitz: Londorf]<\/li>\n<li>Reiskirchen<\/li>\n<li>Wettenberg [Sitz: Krofdorf-Gleiberg]<\/li>\n<\/ul>\n<p>&nbsp;<\/p>\n","protected":false},"excerpt":{"rendered":"<p>&nbsp; Landkreis Gie\u00dfen &nbsp; St\u00e4dte Allendorf (Lumda) Gie\u00dfen, Universit\u00e4tsstadt, Stadt mit Sonderstatus und Kreisstadt Gr\u00fcnberg Hungen Laubach Lich Linden [Sitz: Leihgestern] Lollar Pohlheim [Sitz: Watzenborn-Steinberg] Staufenberg Gemeinden Biebertal [Sitz: Rodheim-Bieber] Buseck [Sitz: Gro\u00dfen-Buseck] Fernwald [Sitz: Steinbach] Heuchelheim Langg\u00f6ns [Sitz: Lang-G\u00f6ns] &hellip; <a href=\"http:\/\/www.denkfried.de\/wp\/?page_id=28211\">Weiterlesen <span class=\"meta-nav\">&rarr;<\/span><\/a><\/p>\n","protected":false},"author":9,"featured_media":0,"parent":383,"menu_order":0,"comment_status":"closed","ping_status":"open","template":"","meta":{"footnotes":""},"class_list":["post-28211","page","type-page","status-publish","hentry"],"_links":{"self":[{"href":"http:\/\/www.denkfried.de\/wp\/index.php?rest_route=\/wp\/v2\/pages\/28211","targetHints":{"allow":["GET"]}}],"collection":[{"href":"http:\/\/www.denkfried.de\/wp\/index.php?rest_route=\/wp\/v2\/pages"}],"about":[{"href":"http:\/\/www.denkfried.de\/wp\/index.php?rest_route=\/wp\/v2\/types\/page"}],"author":[{"embeddable":true,"href":"http:\/\/www.denkfried.de\/wp\/index.php?rest_route=\/wp\/v2\/users\/9"}],"replies":[{"embeddable":true,"href":"http:\/\/www.denkfried.de\/wp\/index.php?rest_route=%2Fwp%2Fv2%2Fcomments&post=28211"}],"version-history":[{"count":8,"href":"http:\/\/www.denkfried.de\/wp\/index.php?rest_route=\/wp\/v2\/pages\/28211\/revisions"}],"predecessor-version":[{"id":28227,"href":"http:\/\/www.denkfried.de\/wp\/index.php?rest_route=\/wp\/v2\/pages\/28211\/revisions\/28227"}],"up":[{"embeddable":true,"href":"http:\/\/www.denkfried.de\/wp\/index.php?rest_route=\/wp\/v2\/pages\/383"}],"wp:attachment":[{"href":"http:\/\/www.denkfried.de\/wp\/index.php?rest_route=%2Fwp%2Fv2%2Fmedia&parent=28211"}],"curies":[{"name":"wp","href":"https:\/\/api.w.org\/{rel}","templated":true}]}}