{"id":281,"date":"2011-04-02T15:11:31","date_gmt":"2011-04-02T13:11:31","guid":{"rendered":"http:\/\/www.bilderstapel.de\/test\/wp\/?page_id=281"},"modified":"2011-04-08T22:14:30","modified_gmt":"2011-04-08T20:14:30","slug":"estland","status":"publish","type":"page","link":"http:\/\/www.denkfried.de\/wp\/?page_id=281","title":{"rendered":"Estland"},"content":{"rendered":"<p>&nbsp;<\/p>\n<p>Hauptstadt: Tallin<\/p>\n<p>Kriegsgr\u00e4berabkommen: 26.10.1996<\/p>\n<p>Die  Anzahl der Toten erheben nicht den Anspruch auf Richtigkeit und  Vollst\u00e4ndigkeit. Durch zwischenzeitliche Bergungen k\u00f6nnen sich die  Zahlen st\u00e4ndig \u00e4ndern.<\/p>\n<p><a href=\"http:\/\/www.denkfried.de\/wp\/?page_id=1244\">J\u00f6hvi<\/a> (Jewe)<br \/>\nKuressaare (Arensburg)\u00a0 \u00a0 \u00a0 2.WK &#8211;\u00a0 3.500 Tote<br \/>\nNarva\u00a0 \u00a0 \u00a0 \u00a0 \u00a0 \u00a0 \u00a0 \u00a0 \u00a0 \u00a0 \u00a0 \u00a0 \u00a0 \u00a0 \u00a0 \u00a0 \u00a0 \u00a0 \u00a0 2.WK &#8211;\u00a0 9.467 Tote\u00a0\u00a0 \u00a0 \u00a0 \u00a0 \u00a0 \u00a0 29.08.1999<br \/>\nP\u00e4rnu (Pernau)\u00a0 \u00a0 \u00a0 \u00a0 \u00a0 \u00a0 \u00a0 \u00a0 \u00a0 \u00a0\u00a0 2.WK &#8211;\u00a0 \u00a04.213 Tote\u00a0 \u00a0 \u00a0 \u00a0 \u00a0 \u00a0 \u00a0 \u00a0 \u00a0 1.WK &#8211; 23 Tote<br \/>\nRakvere (Wesenberg)\u00a0 \u00a0 \u00a0 \u00a0\u00a0 2.WK &#8211;\u00a0 \u00a01.568 Tote<br \/>\nTallinn-Maarjam\u00e4e (Reval)\u00a0 \u00a0 \u00a0 \u00a0 \u00a0 \u00a0 2.WK &#8211;\u00a0 \u00a0 2.386 Tote\u00a0 \u00a0 \u00a0 \u00a0 \u00a0 \u00a0 \u00a0 \u00a0Einweihung:\u00a0 12.09.1998<br \/>\nTartu (Dorpat)\u00a0 \u00a0 \u00a0 \u00a0 \u00a0 \u00a0 \u00a0 \u00a0 \u00a0 \u00a0 \u00a0 \u00a0 \u00a0 \u00a02.WK &#8211;\u00a0 \u00a0 2.052 Tote<br \/>\n<a href=\"http:\/\/www.denkfried.de\/wp\/?page_id=1247\">Toila<\/a><br \/>\nViljandi (Fellin)\u00a0 \u00a0 \u00a0 \u00a0 \u00a0 \u00a0 \u00a0 \u00a0 \u00a0 \u00a0 \u00a0 \u00a0 \u00a0 \u00a02.WK &#8211;\u00a0 \u00a0 \u00a0 \u00a0770 Tote<\/p>\n<p>Kriegsgefangenenfriedh\u00f6fe<\/p>\n<p>Ahtme<br \/>\nKohtla-J\u00e4rve<br \/>\nKukruse<br \/>\nLavassaare\u00a0 \u00a0 \u00a0 \u00a0 \u00a0 \u00a0 \u00a0 \u00a0 \u00a0 \u00a0 \u00a0 \u00a0 \u00a0 \u00a0 \u00a0 \u00a065 Tote<br \/>\nTallinn-Pirita (Reval)\u00a0 \u00a0 \u00a0 \u00a0 \u00a0 \u00a0 \u00a0 \u00a0 \u00a0 251 Tote<br \/>\nValga (Walk)\u00a0 \u00a0 \u00a0 \u00a0 \u00a0 \u00a0 \u00a0 \u00a0 \u00a0 \u00a0 \u00a0 \u00a0 \u00a0 \u00a0 244 Tote<\/p>\n<p>&nbsp;<\/p>\n<p>&nbsp;<\/p>\n<p>&nbsp;<\/p>\n","protected":false},"excerpt":{"rendered":"<p>&nbsp; Hauptstadt: Tallin Kriegsgr\u00e4berabkommen: 26.10.1996 Die Anzahl der Toten erheben nicht den Anspruch auf Richtigkeit und Vollst\u00e4ndigkeit. Durch zwischenzeitliche Bergungen k\u00f6nnen sich die Zahlen st\u00e4ndig \u00e4ndern. J\u00f6hvi (Jewe) Kuressaare (Arensburg)\u00a0 \u00a0 \u00a0 2.WK &#8211;\u00a0 3.500 Tote Narva\u00a0 \u00a0 \u00a0 \u00a0 &hellip; <a href=\"http:\/\/www.denkfried.de\/wp\/?page_id=281\">Weiterlesen <span class=\"meta-nav\">&rarr;<\/span><\/a><\/p>\n","protected":false},"author":2,"featured_media":0,"parent":122,"menu_order":8,"comment_status":"open","ping_status":"open","template":"","meta":{"footnotes":""},"class_list":["post-281","page","type-page","status-publish","hentry"],"_links":{"self":[{"href":"http:\/\/www.denkfried.de\/wp\/index.php?rest_route=\/wp\/v2\/pages\/281","targetHints":{"allow":["GET"]}}],"collection":[{"href":"http:\/\/www.denkfried.de\/wp\/index.php?rest_route=\/wp\/v2\/pages"}],"about":[{"href":"http:\/\/www.denkfried.de\/wp\/index.php?rest_route=\/wp\/v2\/types\/page"}],"author":[{"embeddable":true,"href":"http:\/\/www.denkfried.de\/wp\/index.php?rest_route=\/wp\/v2\/users\/2"}],"replies":[{"embeddable":true,"href":"http:\/\/www.denkfried.de\/wp\/index.php?rest_route=%2Fwp%2Fv2%2Fcomments&post=281"}],"version-history":[{"count":5,"href":"http:\/\/www.denkfried.de\/wp\/index.php?rest_route=\/wp\/v2\/pages\/281\/revisions"}],"predecessor-version":[{"id":1453,"href":"http:\/\/www.denkfried.de\/wp\/index.php?rest_route=\/wp\/v2\/pages\/281\/revisions\/1453"}],"up":[{"embeddable":true,"href":"http:\/\/www.denkfried.de\/wp\/index.php?rest_route=\/wp\/v2\/pages\/122"}],"wp:attachment":[{"href":"http:\/\/www.denkfried.de\/wp\/index.php?rest_route=%2Fwp%2Fv2%2Fmedia&parent=281"}],"curies":[{"name":"wp","href":"https:\/\/api.w.org\/{rel}","templated":true}]}}