{"id":28067,"date":"2012-12-15T13:14:07","date_gmt":"2012-12-15T12:14:07","guid":{"rendered":"http:\/\/www.denkfried.de\/wp\/?page_id=28067"},"modified":"2012-12-15T14:10:34","modified_gmt":"2012-12-15T13:10:34","slug":"kaltern-markt","status":"publish","type":"page","link":"http:\/\/www.denkfried.de\/wp\/?page_id=28067","title":{"rendered":"Kaltern-Markt"},"content":{"rendered":"<p>&nbsp;<\/p>\n<p><strong>Kaltern-Markt<\/strong><strong><br \/>\n<\/strong><\/p>\n<p>Beitrag von Thomas <a href=\"http:\/\/potsdamer-ehrenmale.de.tl\/Hauptseite.htm\">Potsdamer-Ehrenmale.de<\/a><\/p>\n<div id='gallery-1' class='gallery galleryid-28067 gallery-columns-3 gallery-size-thumbnail'><dl class='gallery-item'>\n\t\t\t<dt class='gallery-icon landscape'>\n\t\t\t\t<a href='http:\/\/www.denkfried.de\/wp\/?attachment_id=28073'><img loading=\"lazy\" decoding=\"async\" width=\"150\" height=\"150\" src=\"http:\/\/www.denkfried.de\/wp\/wp-content\/uploads\/2012\/12\/Kaltern-Denkmal-150x150.jpg\" class=\"attachment-thumbnail size-thumbnail\" alt=\"\" \/><\/a>\n\t\t\t<\/dt><\/dl><dl class='gallery-item'>\n\t\t\t<dt class='gallery-icon landscape'>\n\t\t\t\t<a href='http:\/\/www.denkfried.de\/wp\/?attachment_id=28074'><img loading=\"lazy\" decoding=\"async\" width=\"150\" height=\"150\" src=\"http:\/\/www.denkfried.de\/wp\/wp-content\/uploads\/2012\/12\/Kaltern-Gr\u00e4ber-150x150.jpg\" class=\"attachment-thumbnail size-thumbnail\" alt=\"\" \/><\/a>\n\t\t\t<\/dt><\/dl>\n\t\t\t<br style='clear: both' \/>\n\t\t<\/div>\n\n<p><strong>Denkmal 1914-1918<\/strong><\/p>\n<p>Ein Denkmal f\u00fcr die im ersten Weltkrieg Gefallenen des Ortes befinden sich wahrscheinlich an der Dorfkirche.<\/p>\n<p><strong>Kriegsgr\u00e4ber und Gedenkkapelle<\/strong><\/p>\n<p>Vor einer Gedenkkappelle befinden (befanden?) sich Kriegsgr\u00e4ber, seitlich des Weges zur Kapelle. Ob es sich um Kriegsgr\u00e4ber oder um die Symbolik handelt konnte ich nicht rausfinden. Erbaut wurde die Kapelle 1950, von Heiner Gschwendt. An der Kapelle sind einige Zeichnungen. Auf eine sind zwei Soldaten zu sehen, die gerade ein Gefallenen geborgen haben.<\/p>\n<p>&nbsp;<\/p>\n<p>Quelle Kapelle: <strong>Buch<\/strong> Die versteinerten Helden (Kriegerdenkm\u00e4ler in S\u00fcdtirol)<\/p>\n","protected":false},"excerpt":{"rendered":"<p>&nbsp; Kaltern-Markt Beitrag von Thomas Potsdamer-Ehrenmale.de Denkmal 1914-1918 Ein Denkmal f\u00fcr die im ersten Weltkrieg Gefallenen des Ortes befinden sich wahrscheinlich an der Dorfkirche. Kriegsgr\u00e4ber und Gedenkkapelle Vor einer Gedenkkappelle befinden (befanden?) sich Kriegsgr\u00e4ber, seitlich des Weges zur Kapelle. Ob &hellip; <a href=\"http:\/\/www.denkfried.de\/wp\/?page_id=28067\">Weiterlesen <span class=\"meta-nav\">&rarr;<\/span><\/a><\/p>\n","protected":false},"author":9,"featured_media":0,"parent":28062,"menu_order":0,"comment_status":"closed","ping_status":"open","template":"","meta":{"footnotes":""},"class_list":["post-28067","page","type-page","status-publish","hentry"],"_links":{"self":[{"href":"http:\/\/www.denkfried.de\/wp\/index.php?rest_route=\/wp\/v2\/pages\/28067","targetHints":{"allow":["GET"]}}],"collection":[{"href":"http:\/\/www.denkfried.de\/wp\/index.php?rest_route=\/wp\/v2\/pages"}],"about":[{"href":"http:\/\/www.denkfried.de\/wp\/index.php?rest_route=\/wp\/v2\/types\/page"}],"author":[{"embeddable":true,"href":"http:\/\/www.denkfried.de\/wp\/index.php?rest_route=\/wp\/v2\/users\/9"}],"replies":[{"embeddable":true,"href":"http:\/\/www.denkfried.de\/wp\/index.php?rest_route=%2Fwp%2Fv2%2Fcomments&post=28067"}],"version-history":[{"count":11,"href":"http:\/\/www.denkfried.de\/wp\/index.php?rest_route=\/wp\/v2\/pages\/28067\/revisions"}],"predecessor-version":[{"id":28081,"href":"http:\/\/www.denkfried.de\/wp\/index.php?rest_route=\/wp\/v2\/pages\/28067\/revisions\/28081"}],"up":[{"embeddable":true,"href":"http:\/\/www.denkfried.de\/wp\/index.php?rest_route=\/wp\/v2\/pages\/28062"}],"wp:attachment":[{"href":"http:\/\/www.denkfried.de\/wp\/index.php?rest_route=%2Fwp%2Fv2%2Fmedia&parent=28067"}],"curies":[{"name":"wp","href":"https:\/\/api.w.org\/{rel}","templated":true}]}}