{"id":28010,"date":"2012-12-14T21:54:37","date_gmt":"2012-12-14T20:54:37","guid":{"rendered":"http:\/\/www.denkfried.de\/wp\/?page_id=28010"},"modified":"2012-12-23T17:38:39","modified_gmt":"2012-12-23T16:38:39","slug":"eisacktal","status":"publish","type":"page","link":"http:\/\/www.denkfried.de\/wp\/?page_id=28010","title":{"rendered":"EISACKTAL"},"content":{"rendered":"<p>&nbsp;<\/p>\n<p>Bezirksgemeinschaft <strong>Eisacktal<\/strong><\/p>\n<p>Die Bezirksgemeinschaft umfasste urspr\u00fcnglich 19 Gemeinden des Eisacktals sowie einiger Seitent\u00e4ler.<\/p>\n<ul>\n<li><a href=\"http:\/\/www.denkfried.de\/wp\/?page_id=1494\">Brixen<\/a><\/li>\n<li><a href=\"http:\/\/www.denkfried.de\/wp\/?page_id=28558\">Barbian<\/a><\/li>\n<li><a href=\"http:\/\/www.denkfried.de\/wp\/?page_id=28096\">Feldthurns<\/a><\/li>\n<li>Klausen<\/li>\n<li>Lajen<\/li>\n<li>L\u00fcsen<\/li>\n<li>M\u00fchlbach<\/li>\n<li>Natz-Schabs<\/li>\n<li>Rodeneck<\/li>\n<li>Vahrn<\/li>\n<li>Villanders<\/li>\n<li>Villn\u00f6\u00df<\/li>\n<li>Waidbruck<\/li>\n<\/ul>\n<p>&nbsp;<\/p>\n","protected":false},"excerpt":{"rendered":"<p>&nbsp; Bezirksgemeinschaft Eisacktal Die Bezirksgemeinschaft umfasste urspr\u00fcnglich 19 Gemeinden des Eisacktals sowie einiger Seitent\u00e4ler. Brixen Barbian Feldthurns Klausen Lajen L\u00fcsen M\u00fchlbach Natz-Schabs Rodeneck Vahrn Villanders Villn\u00f6\u00df Waidbruck &nbsp;<\/p>\n","protected":false},"author":9,"featured_media":0,"parent":27976,"menu_order":0,"comment_status":"closed","ping_status":"open","template":"","meta":{"footnotes":""},"class_list":["post-28010","page","type-page","status-publish","hentry"],"_links":{"self":[{"href":"http:\/\/www.denkfried.de\/wp\/index.php?rest_route=\/wp\/v2\/pages\/28010","targetHints":{"allow":["GET"]}}],"collection":[{"href":"http:\/\/www.denkfried.de\/wp\/index.php?rest_route=\/wp\/v2\/pages"}],"about":[{"href":"http:\/\/www.denkfried.de\/wp\/index.php?rest_route=\/wp\/v2\/types\/page"}],"author":[{"embeddable":true,"href":"http:\/\/www.denkfried.de\/wp\/index.php?rest_route=\/wp\/v2\/users\/9"}],"replies":[{"embeddable":true,"href":"http:\/\/www.denkfried.de\/wp\/index.php?rest_route=%2Fwp%2Fv2%2Fcomments&post=28010"}],"version-history":[{"count":7,"href":"http:\/\/www.denkfried.de\/wp\/index.php?rest_route=\/wp\/v2\/pages\/28010\/revisions"}],"predecessor-version":[{"id":28562,"href":"http:\/\/www.denkfried.de\/wp\/index.php?rest_route=\/wp\/v2\/pages\/28010\/revisions\/28562"}],"up":[{"embeddable":true,"href":"http:\/\/www.denkfried.de\/wp\/index.php?rest_route=\/wp\/v2\/pages\/27976"}],"wp:attachment":[{"href":"http:\/\/www.denkfried.de\/wp\/index.php?rest_route=%2Fwp%2Fv2%2Fmedia&parent=28010"}],"curies":[{"name":"wp","href":"https:\/\/api.w.org\/{rel}","templated":true}]}}