{"id":28004,"date":"2012-12-14T21:50:12","date_gmt":"2012-12-14T20:50:12","guid":{"rendered":"http:\/\/www.denkfried.de\/wp\/?page_id=28004"},"modified":"2012-12-23T18:12:54","modified_gmt":"2012-12-23T17:12:54","slug":"salten-schlern","status":"publish","type":"page","link":"http:\/\/www.denkfried.de\/wp\/?page_id=28004","title":{"rendered":"SALTERN-SCHLERN"},"content":{"rendered":"<p>&nbsp;<\/p>\n<p>Bezirksgemeinschaft <strong>Salten-Schlern<\/strong><\/p>\n<p>Benannt ist die Bezirksgemeinschaft nach dem Berg Schlern und dem Salten, einem ausgedehnten Hochplateau am Tsch\u00f6gglberg zwischen Jenesien und M\u00f6lten.<\/p>\n<ul>\n<li><a href=\"http:\/\/www.denkfried.de\/wp\/?page_id=28037\">Deutschnofen<\/a><\/li>\n<li>Jenesien<\/li>\n<li>Karneid<\/li>\n<li><a href=\"http:\/\/www.denkfried.de\/wp\/?page_id=28018\">Kastelruth<\/a><\/li>\n<li>M\u00f6lten<\/li>\n<li>Ritten<\/li>\n<li>St. Christina in Gr\u00f6den<\/li>\n<li><a href=\"http:\/\/www.denkfried.de\/wp\/?page_id=28487\">St. Ulrich in Gr\u00f6den<\/a><\/li>\n<li>Sarntal<\/li>\n<li><a href=\"http:\/\/www.denkfried.de\/wp\/?page_id=28054\">Tiers<\/a><\/li>\n<li><a href=\"http:\/\/www.denkfried.de\/wp\/?page_id=28588\">V\u00f6ls am Schlern<\/a><\/li>\n<li>Welschnofen<\/li>\n<li>Wolkenstein in Gr\u00f6den<\/li>\n<\/ul>\n<p>&nbsp;<\/p>\n","protected":false},"excerpt":{"rendered":"<p>&nbsp; Bezirksgemeinschaft Salten-Schlern Benannt ist die Bezirksgemeinschaft nach dem Berg Schlern und dem Salten, einem ausgedehnten Hochplateau am Tsch\u00f6gglberg zwischen Jenesien und M\u00f6lten. Deutschnofen Jenesien Karneid Kastelruth M\u00f6lten Ritten St. Christina in Gr\u00f6den St. Ulrich in Gr\u00f6den Sarntal Tiers V\u00f6ls &hellip; <a href=\"http:\/\/www.denkfried.de\/wp\/?page_id=28004\">Weiterlesen <span class=\"meta-nav\">&rarr;<\/span><\/a><\/p>\n","protected":false},"author":9,"featured_media":0,"parent":27976,"menu_order":0,"comment_status":"closed","ping_status":"open","template":"","meta":{"footnotes":""},"class_list":["post-28004","page","type-page","status-publish","hentry"],"_links":{"self":[{"href":"http:\/\/www.denkfried.de\/wp\/index.php?rest_route=\/wp\/v2\/pages\/28004","targetHints":{"allow":["GET"]}}],"collection":[{"href":"http:\/\/www.denkfried.de\/wp\/index.php?rest_route=\/wp\/v2\/pages"}],"about":[{"href":"http:\/\/www.denkfried.de\/wp\/index.php?rest_route=\/wp\/v2\/types\/page"}],"author":[{"embeddable":true,"href":"http:\/\/www.denkfried.de\/wp\/index.php?rest_route=\/wp\/v2\/users\/9"}],"replies":[{"embeddable":true,"href":"http:\/\/www.denkfried.de\/wp\/index.php?rest_route=%2Fwp%2Fv2%2Fcomments&post=28004"}],"version-history":[{"count":10,"href":"http:\/\/www.denkfried.de\/wp\/index.php?rest_route=\/wp\/v2\/pages\/28004\/revisions"}],"predecessor-version":[{"id":28592,"href":"http:\/\/www.denkfried.de\/wp\/index.php?rest_route=\/wp\/v2\/pages\/28004\/revisions\/28592"}],"up":[{"embeddable":true,"href":"http:\/\/www.denkfried.de\/wp\/index.php?rest_route=\/wp\/v2\/pages\/27976"}],"wp:attachment":[{"href":"http:\/\/www.denkfried.de\/wp\/index.php?rest_route=%2Fwp%2Fv2%2Fmedia&parent=28004"}],"curies":[{"name":"wp","href":"https:\/\/api.w.org\/{rel}","templated":true}]}}