{"id":27998,"date":"2012-12-14T21:42:40","date_gmt":"2012-12-14T20:42:40","guid":{"rendered":"http:\/\/www.denkfried.de\/wp\/?page_id=27998"},"modified":"2012-12-23T18:38:22","modified_gmt":"2012-12-23T17:38:22","slug":"uberetsch-unterland","status":"publish","type":"page","link":"http:\/\/www.denkfried.de\/wp\/?page_id=27998","title":{"rendered":"\u00dcBERETSCH-UNTERLAND"},"content":{"rendered":"<p>&nbsp;<\/p>\n<p>Bezirksgemeinschaft <strong>\u00dcberetsch-Unterland<\/strong><\/p>\n<p>18 Gemeinden, die sich gr\u00f6\u00dftenteils im \u00dcberetsch und im Unterland im S\u00fcden von S\u00fcdtirol befinden.<\/p>\n<p>&nbsp;<\/p>\n<ul>\n<li>Aldein (Unterland)<\/li>\n<li>Altrei (Unterland)<\/li>\n<li>Andrian<\/li>\n<li>Auer (Unterland)<\/li>\n<li>Branzoll (Unterland)<\/li>\n<li><a href=\"http:\/\/www.denkfried.de\/wp\/?page_id=28610\">Eppan (\u00dcberetsch)<\/a><\/li>\n<li><a href=\"http:\/\/www.denkfried.de\/wp\/?page_id=28062\">Kaltern<\/a> (\u00dcberetsch)<\/li>\n<li>Kurtatsch (Unterland)<\/li>\n<li>Kurtinig (Unterland)<\/li>\n<li>Leifers (Unterland)<\/li>\n<li>Margreid (Unterland)<\/li>\n<li><a href=\"http:\/\/www.denkfried.de\/wp\/?page_id=28542\">Montan (Unterland)<\/a><\/li>\n<li>Neumarkt (Unterland)<\/li>\n<li>Pfatten (Unterland)<\/li>\n<li><a href=\"http:\/\/www.denkfried.de\/wp\/?page_id=28510\">Salurn (Unterland)<\/a><\/li>\n<li>Terlan<\/li>\n<li><a href=\"http:\/\/www.denkfried.de\/wp\/?page_id=28604\">Tramin (Unterland)<\/a><\/li>\n<li>\n<address>Truden (Unterland)<\/address>\n<\/li>\n<\/ul>\n<p>&nbsp;<\/p>\n","protected":false},"excerpt":{"rendered":"<p>&nbsp; Bezirksgemeinschaft \u00dcberetsch-Unterland 18 Gemeinden, die sich gr\u00f6\u00dftenteils im \u00dcberetsch und im Unterland im S\u00fcden von S\u00fcdtirol befinden. &nbsp; Aldein (Unterland) Altrei (Unterland) Andrian Auer (Unterland) Branzoll (Unterland) Eppan (\u00dcberetsch) Kaltern (\u00dcberetsch) Kurtatsch (Unterland) Kurtinig (Unterland) Leifers (Unterland) Margreid (Unterland) &hellip; <a href=\"http:\/\/www.denkfried.de\/wp\/?page_id=27998\">Weiterlesen <span class=\"meta-nav\">&rarr;<\/span><\/a><\/p>\n","protected":false},"author":9,"featured_media":0,"parent":27976,"menu_order":0,"comment_status":"closed","ping_status":"open","template":"","meta":{"footnotes":""},"class_list":["post-27998","page","type-page","status-publish","hentry"],"_links":{"self":[{"href":"http:\/\/www.denkfried.de\/wp\/index.php?rest_route=\/wp\/v2\/pages\/27998","targetHints":{"allow":["GET"]}}],"collection":[{"href":"http:\/\/www.denkfried.de\/wp\/index.php?rest_route=\/wp\/v2\/pages"}],"about":[{"href":"http:\/\/www.denkfried.de\/wp\/index.php?rest_route=\/wp\/v2\/types\/page"}],"author":[{"embeddable":true,"href":"http:\/\/www.denkfried.de\/wp\/index.php?rest_route=\/wp\/v2\/users\/9"}],"replies":[{"embeddable":true,"href":"http:\/\/www.denkfried.de\/wp\/index.php?rest_route=%2Fwp%2Fv2%2Fcomments&post=27998"}],"version-history":[{"count":11,"href":"http:\/\/www.denkfried.de\/wp\/index.php?rest_route=\/wp\/v2\/pages\/27998\/revisions"}],"predecessor-version":[{"id":28614,"href":"http:\/\/www.denkfried.de\/wp\/index.php?rest_route=\/wp\/v2\/pages\/27998\/revisions\/28614"}],"up":[{"embeddable":true,"href":"http:\/\/www.denkfried.de\/wp\/index.php?rest_route=\/wp\/v2\/pages\/27976"}],"wp:attachment":[{"href":"http:\/\/www.denkfried.de\/wp\/index.php?rest_route=%2Fwp%2Fv2%2Fmedia&parent=27998"}],"curies":[{"name":"wp","href":"https:\/\/api.w.org\/{rel}","templated":true}]}}