{"id":27976,"date":"2012-12-14T21:04:15","date_gmt":"2012-12-14T20:04:15","guid":{"rendered":"http:\/\/www.denkfried.de\/wp\/?page_id=27976"},"modified":"2012-12-22T11:32:33","modified_gmt":"2012-12-22T10:32:33","slug":"sudtirol","status":"publish","type":"page","link":"http:\/\/www.denkfried.de\/wp\/?page_id=27976","title":{"rendered":"Trentino-S\u00fcdtirol"},"content":{"rendered":"<p>&nbsp;<\/p>\n<p><strong>S\u00fcdtirol<\/strong> ist die n\u00f6rdlichste Provinz Italiens und bildet zusammen mit der Provinz Trient die autonome Region Trentino-S\u00fcdtirol.<\/p>\n<p><strong>Die Landeshauptstadt S\u00fcdtirols ist Bozen.<\/strong><\/p>\n<p>Knapp siebzig Prozent der Bev\u00f6lkerung S\u00fcdtirols sind deutschsprachig, \u00fcber ein Viertel hat Italienisch als Muttersprache, und zwischen vier und f\u00fcnf Prozent der Landesbev\u00f6lkerung, haupts\u00e4chlich im Dolomitengebiet, sprechen Ladinisch.<\/p>\n<p>Es gibt 116 Gemeinden, die in acht Bezirksgemeinschaften aufgeteilt sind.<\/p>\n<p><a href=\"http:\/\/www.denkfried.de\/wp\/?page_id=28256\"><\/p>\n<ul>\n<li>Gedenkbuch S\u00fcdtirol &#8222;Die versteinerten Helden<\/li>\n<\/ul>\n<p><\/a><\/p>\n<p><strong>Bezirksgemeinschaften<\/strong><\/p>\n<ul>\n<li><a href=\"http:\/\/www.denkfried.de\/wp\/?page_id=1491\">Bozen<\/a><\/li>\n<li><a href=\"http:\/\/www.denkfried.de\/wp\/?page_id=27982\">Burggrafenamt<\/a><\/li>\n<li><a href=\"http:\/\/www.denkfried.de\/wp\/?page_id=27998\">\u00dcberetsch-Unterland<\/a><\/li>\n<li><a href=\"http:\/\/www.denkfried.de\/wp\/?page_id=28004\">Salten-Schlern<\/a><\/li>\n<li><a href=\"http:\/\/www.denkfried.de\/wp\/?page_id=28010\">Eisacktal<\/a><\/li>\n<li><a href=\"http:\/\/www.denkfried.de\/wp\/?page_id=28128\">Pustertal<\/a><\/li>\n<li><a href=\"http:\/\/www.denkfried.de\/wp\/?page_id=28173\">Vinschgau<\/a><\/li>\n<li><a href=\"http:\/\/www.denkfried.de\/wp\/?page_id=28178\">Wipptal<\/a><\/li>\n<\/ul>\n<p>&nbsp;<\/p>\n<p>&nbsp;<\/p>\n<p>&nbsp;<\/p>\n<p>&nbsp;<\/p>\n","protected":false},"excerpt":{"rendered":"<p>&nbsp; S\u00fcdtirol ist die n\u00f6rdlichste Provinz Italiens und bildet zusammen mit der Provinz Trient die autonome Region Trentino-S\u00fcdtirol. Die Landeshauptstadt S\u00fcdtirols ist Bozen. Knapp siebzig Prozent der Bev\u00f6lkerung S\u00fcdtirols sind deutschsprachig, \u00fcber ein Viertel hat Italienisch als Muttersprache, und zwischen &hellip; <a href=\"http:\/\/www.denkfried.de\/wp\/?page_id=27976\">Weiterlesen <span class=\"meta-nav\">&rarr;<\/span><\/a><\/p>\n","protected":false},"author":9,"featured_media":0,"parent":299,"menu_order":0,"comment_status":"closed","ping_status":"open","template":"","meta":{"footnotes":""},"class_list":["post-27976","page","type-page","status-publish","hentry"],"_links":{"self":[{"href":"http:\/\/www.denkfried.de\/wp\/index.php?rest_route=\/wp\/v2\/pages\/27976","targetHints":{"allow":["GET"]}}],"collection":[{"href":"http:\/\/www.denkfried.de\/wp\/index.php?rest_route=\/wp\/v2\/pages"}],"about":[{"href":"http:\/\/www.denkfried.de\/wp\/index.php?rest_route=\/wp\/v2\/types\/page"}],"author":[{"embeddable":true,"href":"http:\/\/www.denkfried.de\/wp\/index.php?rest_route=\/wp\/v2\/users\/9"}],"replies":[{"embeddable":true,"href":"http:\/\/www.denkfried.de\/wp\/index.php?rest_route=%2Fwp%2Fv2%2Fcomments&post=27976"}],"version-history":[{"count":18,"href":"http:\/\/www.denkfried.de\/wp\/index.php?rest_route=\/wp\/v2\/pages\/27976\/revisions"}],"predecessor-version":[{"id":28266,"href":"http:\/\/www.denkfried.de\/wp\/index.php?rest_route=\/wp\/v2\/pages\/27976\/revisions\/28266"}],"up":[{"embeddable":true,"href":"http:\/\/www.denkfried.de\/wp\/index.php?rest_route=\/wp\/v2\/pages\/299"}],"wp:attachment":[{"href":"http:\/\/www.denkfried.de\/wp\/index.php?rest_route=%2Fwp%2Fv2%2Fmedia&parent=27976"}],"curies":[{"name":"wp","href":"https:\/\/api.w.org\/{rel}","templated":true}]}}