{"id":27966,"date":"2012-12-14T19:00:32","date_gmt":"2012-12-14T18:00:32","guid":{"rendered":"http:\/\/www.denkfried.de\/wp\/?page_id=27966"},"modified":"2012-12-14T19:22:48","modified_gmt":"2012-12-14T18:22:48","slug":"bobruisk","status":"publish","type":"page","link":"http:\/\/www.denkfried.de\/wp\/?page_id=27966","title":{"rendered":"Bobruisk"},"content":{"rendered":"<p>&nbsp;<\/p>\n<p><strong>Babrujsk<\/strong> bzw. Bobruisk ist eine Stadt in Wei\u00dfrussland an der Bjaresina in der Woblast Mahiljou.<\/p>\n<p>Foto und Bericht von Thomas <a href=\"http:\/\/potsdamer-ehrenmale.de.tl\/Hauptseite.htm\">Potsdamer-Ehrenmale.de<\/a><\/p>\n<p><a href=\"http:\/\/www.denkfried.de\/wp\/?attachment_id=27971\" rel=\"attachment wp-att-27971\"><img loading=\"lazy\" decoding=\"async\" class=\"alignnone size-medium wp-image-27971\" title=\"Bubruisk Kriegsgrab\" src=\"http:\/\/www.denkfried.de\/wp\/wp-content\/uploads\/2012\/12\/Bubruisk-Kriegsgrab-192x300.jpg\" alt=\"\" width=\"192\" height=\"300\" srcset=\"http:\/\/www.denkfried.de\/wp\/wp-content\/uploads\/2012\/12\/Bubruisk-Kriegsgrab-192x300.jpg 192w, http:\/\/www.denkfried.de\/wp\/wp-content\/uploads\/2012\/12\/Bubruisk-Kriegsgrab.jpg 411w\" sizes=\"auto, (max-width: 192px) 100vw, 192px\" \/><\/a><\/p>\n<p>Ein Foto der Kriegsgr\u00e4berst\u00e4tte in Bobruisk, hier ist ein Einzelgrab zu erkennen.<br \/>\nEin Holzkreuz mit namenstafel, davor ein Stahlhelm. Auf der R\u00fcckseite des Fotos ist mit Handschrift &#8222;ein Fliegergrab&#8220; angegeben.<\/p>\n<p>&nbsp;<\/p>\n<p><strong>Zum Ort:<\/strong><\/p>\n<p>Im Zweiten Weltkrieg geriet die Stadt von 1941 bis 1944 unter deutsche Besatzung, von der Roten Armee wurde sie w\u00e4hrend der als Operation Bagration bezeichneten Sommeroffensive am 29. Juni 1944 zur\u00fcckgewonnen. Sp\u00e4ter bestand in der Stadt das Kriegsgefangenenlager <em>56<\/em> f\u00fcr deutsche Kriegsgefangene des Zweiten Weltkriegs. Schwer Erkrankte wurden im Kriegsgefangenenhospital <em>2043<\/em> versorgt. (Wikipedia)<\/p>\n<p>&nbsp;<\/p>\n","protected":false},"excerpt":{"rendered":"<p>&nbsp; Babrujsk bzw. Bobruisk ist eine Stadt in Wei\u00dfrussland an der Bjaresina in der Woblast Mahiljou. Foto und Bericht von Thomas Potsdamer-Ehrenmale.de Ein Foto der Kriegsgr\u00e4berst\u00e4tte in Bobruisk, hier ist ein Einzelgrab zu erkennen. Ein Holzkreuz mit namenstafel, davor ein &hellip; <a href=\"http:\/\/www.denkfried.de\/wp\/?page_id=27966\">Weiterlesen <span class=\"meta-nav\">&rarr;<\/span><\/a><\/p>\n","protected":false},"author":9,"featured_media":0,"parent":364,"menu_order":0,"comment_status":"closed","ping_status":"open","template":"","meta":{"footnotes":""},"class_list":["post-27966","page","type-page","status-publish","hentry"],"_links":{"self":[{"href":"http:\/\/www.denkfried.de\/wp\/index.php?rest_route=\/wp\/v2\/pages\/27966","targetHints":{"allow":["GET"]}}],"collection":[{"href":"http:\/\/www.denkfried.de\/wp\/index.php?rest_route=\/wp\/v2\/pages"}],"about":[{"href":"http:\/\/www.denkfried.de\/wp\/index.php?rest_route=\/wp\/v2\/types\/page"}],"author":[{"embeddable":true,"href":"http:\/\/www.denkfried.de\/wp\/index.php?rest_route=\/wp\/v2\/users\/9"}],"replies":[{"embeddable":true,"href":"http:\/\/www.denkfried.de\/wp\/index.php?rest_route=%2Fwp%2Fv2%2Fcomments&post=27966"}],"version-history":[{"count":6,"href":"http:\/\/www.denkfried.de\/wp\/index.php?rest_route=\/wp\/v2\/pages\/27966\/revisions"}],"predecessor-version":[{"id":27968,"href":"http:\/\/www.denkfried.de\/wp\/index.php?rest_route=\/wp\/v2\/pages\/27966\/revisions\/27968"}],"up":[{"embeddable":true,"href":"http:\/\/www.denkfried.de\/wp\/index.php?rest_route=\/wp\/v2\/pages\/364"}],"wp:attachment":[{"href":"http:\/\/www.denkfried.de\/wp\/index.php?rest_route=%2Fwp%2Fv2%2Fmedia&parent=27966"}],"curies":[{"name":"wp","href":"https:\/\/api.w.org\/{rel}","templated":true}]}}