{"id":27951,"date":"2012-12-14T18:04:10","date_gmt":"2012-12-14T17:04:10","guid":{"rendered":"http:\/\/www.denkfried.de\/wp\/?page_id=27951"},"modified":"2012-12-14T18:44:12","modified_gmt":"2012-12-14T17:44:12","slug":"bzura","status":"publish","type":"page","link":"http:\/\/www.denkfried.de\/wp\/?page_id=27951","title":{"rendered":"Bzura"},"content":{"rendered":"<p>&nbsp;<\/p>\n<p><strong>Bzura<\/strong> ein Nebenfluss der Weichsel in Zentral Polen in der n\u00e4he Kutno<\/p>\n<p>Bekannt ist der Fluss aus der Schlacht zu Kriegsbeginn, vom Polenfeldzug vom 9. November bis 19. November 1939.<\/p>\n<p>Beitrag und Bild von Thomas <a href=\"http:\/\/potsdamer-ehrenmale.de.tl\/Hauptseite.htm\">Potsdamer Ehrenmale.de<\/a><\/p>\n<p><a href=\"http:\/\/www.denkfried.de\/wp\/?attachment_id=27963\" rel=\"attachment wp-att-27963\"><img loading=\"lazy\" decoding=\"async\" class=\"alignnone size-medium wp-image-27963\" title=\"Bzura Polen KGST\" src=\"http:\/\/www.denkfried.de\/wp\/wp-content\/uploads\/2012\/12\/Schlacht-bei-Bzura-Polen-Nov.-1939-300x213.jpg\" alt=\"\" width=\"300\" height=\"213\" srcset=\"http:\/\/www.denkfried.de\/wp\/wp-content\/uploads\/2012\/12\/Schlacht-bei-Bzura-Polen-Nov.-1939-300x213.jpg 300w, http:\/\/www.denkfried.de\/wp\/wp-content\/uploads\/2012\/12\/Schlacht-bei-Bzura-Polen-Nov.-1939.jpg 640w\" sizes=\"auto, (max-width: 300px) 100vw, 300px\" \/><\/a><\/p>\n<p>Auf dem Foto ist eine Kriegsgr\u00e4berst\u00e4tte f\u00fcr 16 gefallene deutsche Soldaten, der 5. Kompanie MG Bataillion 66. Auf der R\u00fcckseite des Fotos ist Handschriftlich angegeben das die 16 Toten am 18. und 19. November gefallen sind. In der Mitte, wurde eine Gedenktafel angebracht. Die gefallenen sind in Einzelgr\u00e4ber begraben und mit je einem Holzkreuz versehen, oben ist ein Eisernes Kreuz darunter der letzte Dienstgrad und Name.<\/p>\n<p>&nbsp;<\/p>\n<p>&nbsp;<\/p>\n","protected":false},"excerpt":{"rendered":"<p>&nbsp; Bzura ein Nebenfluss der Weichsel in Zentral Polen in der n\u00e4he Kutno Bekannt ist der Fluss aus der Schlacht zu Kriegsbeginn, vom Polenfeldzug vom 9. November bis 19. November 1939. Beitrag und Bild von Thomas Potsdamer Ehrenmale.de Auf dem &hellip; <a href=\"http:\/\/www.denkfried.de\/wp\/?page_id=27951\">Weiterlesen <span class=\"meta-nav\">&rarr;<\/span><\/a><\/p>\n","protected":false},"author":9,"featured_media":0,"parent":331,"menu_order":0,"comment_status":"closed","ping_status":"open","template":"","meta":{"footnotes":""},"class_list":["post-27951","page","type-page","status-publish","hentry"],"_links":{"self":[{"href":"http:\/\/www.denkfried.de\/wp\/index.php?rest_route=\/wp\/v2\/pages\/27951","targetHints":{"allow":["GET"]}}],"collection":[{"href":"http:\/\/www.denkfried.de\/wp\/index.php?rest_route=\/wp\/v2\/pages"}],"about":[{"href":"http:\/\/www.denkfried.de\/wp\/index.php?rest_route=\/wp\/v2\/types\/page"}],"author":[{"embeddable":true,"href":"http:\/\/www.denkfried.de\/wp\/index.php?rest_route=\/wp\/v2\/users\/9"}],"replies":[{"embeddable":true,"href":"http:\/\/www.denkfried.de\/wp\/index.php?rest_route=%2Fwp%2Fv2%2Fcomments&post=27951"}],"version-history":[{"count":10,"href":"http:\/\/www.denkfried.de\/wp\/index.php?rest_route=\/wp\/v2\/pages\/27951\/revisions"}],"predecessor-version":[{"id":27964,"href":"http:\/\/www.denkfried.de\/wp\/index.php?rest_route=\/wp\/v2\/pages\/27951\/revisions\/27964"}],"up":[{"embeddable":true,"href":"http:\/\/www.denkfried.de\/wp\/index.php?rest_route=\/wp\/v2\/pages\/331"}],"wp:attachment":[{"href":"http:\/\/www.denkfried.de\/wp\/index.php?rest_route=%2Fwp%2Fv2%2Fmedia&parent=27951"}],"curies":[{"name":"wp","href":"https:\/\/api.w.org\/{rel}","templated":true}]}}