{"id":27817,"date":"2012-12-08T13:56:09","date_gmt":"2012-12-08T12:56:09","guid":{"rendered":"http:\/\/www.denkfried.de\/wp\/?page_id=27817"},"modified":"2012-12-08T17:33:14","modified_gmt":"2012-12-08T16:33:14","slug":"mittelfranken","status":"publish","type":"page","link":"http:\/\/www.denkfried.de\/wp\/?page_id=27817","title":{"rendered":"Regierungsbezirk Mittelfranken"},"content":{"rendered":"<p>&nbsp;<\/p>\n<p><strong>Regierungsbezirk Mittelfranken<\/strong> im Bundesland Bayern<\/p>\n<p>Hauptstadt Ansbach<\/p>\n<p>&nbsp;<\/p>\n<h3><strong>Kreisfreie St\u00e4dte<\/strong><\/h3>\n<ul>\n<li><a href=\"http:\/\/www.denkfried.de\/wp\/?page_id=3587\">Ansbach<\/a><\/li>\n<li><a href=\"http:\/\/www.denkfried.de\/wp\/?page_id=3571\">Erlangen<\/a><\/li>\n<li><a href=\"http:\/\/www.denkfried.de\/wp\/?page_id=3699\">F\u00fcrth<\/a><\/li>\n<li><a href=\"http:\/\/www.denkfried.de\/wp\/?page_id=3590\">N\u00fcrnberg<\/a><\/li>\n<li><a href=\"http:\/\/www.denkfried.de\/wp\/?page_id=3645\">Schwabach<\/a><\/li>\n<\/ul>\n<h3><strong>Landkreise<\/strong><\/h3>\n<ul>\n<li><a href=\"http:\/\/www.denkfried.de\/wp\/?page_id=3466\">Landkreis Ansbach<\/a><\/li>\n<li><a href=\"http:\/\/www.denkfried.de\/wp\/?page_id=3508\">Landkreis Erlangen-H\u00f6chstadt<\/a><\/li>\n<li><a href=\"http:\/\/www.denkfried.de\/wp\/?page_id=3512\">Landkreis F\u00fcrth<\/a><\/li>\n<li><a href=\"http:\/\/www.denkfried.de\/wp\/?page_id=3524\">Landkreis Neustadt an der Aisch-Bad Windsheim<\/a><\/li>\n<li><a href=\"http:\/\/www.denkfried.de\/wp\/?page_id=3539\">Landkreis N\u00fcrnberger Land<\/a><\/li>\n<li><a href=\"http:\/\/www.denkfried.de\/wp\/?page_id=3542\">Landkreis Roth<\/a><\/li>\n<li><a href=\"http:\/\/www.denkfried.de\/wp\/?page_id=3547\">Landkreis Wei\u00dfenburg-Gunzenhausen<\/a><\/li>\n<\/ul>\n<p>&nbsp;<\/p>\n","protected":false},"excerpt":{"rendered":"<p>&nbsp; Regierungsbezirk Mittelfranken im Bundesland Bayern Hauptstadt Ansbach &nbsp; Kreisfreie St\u00e4dte Ansbach Erlangen F\u00fcrth N\u00fcrnberg Schwabach Landkreise Landkreis Ansbach Landkreis Erlangen-H\u00f6chstadt Landkreis F\u00fcrth Landkreis Neustadt an der Aisch-Bad Windsheim Landkreis N\u00fcrnberger Land Landkreis Roth Landkreis Wei\u00dfenburg-Gunzenhausen &nbsp;<\/p>\n","protected":false},"author":9,"featured_media":0,"parent":199,"menu_order":0,"comment_status":"closed","ping_status":"open","template":"","meta":{"footnotes":""},"class_list":["post-27817","page","type-page","status-publish","hentry"],"_links":{"self":[{"href":"http:\/\/www.denkfried.de\/wp\/index.php?rest_route=\/wp\/v2\/pages\/27817","targetHints":{"allow":["GET"]}}],"collection":[{"href":"http:\/\/www.denkfried.de\/wp\/index.php?rest_route=\/wp\/v2\/pages"}],"about":[{"href":"http:\/\/www.denkfried.de\/wp\/index.php?rest_route=\/wp\/v2\/types\/page"}],"author":[{"embeddable":true,"href":"http:\/\/www.denkfried.de\/wp\/index.php?rest_route=\/wp\/v2\/users\/9"}],"replies":[{"embeddable":true,"href":"http:\/\/www.denkfried.de\/wp\/index.php?rest_route=%2Fwp%2Fv2%2Fcomments&post=27817"}],"version-history":[{"count":16,"href":"http:\/\/www.denkfried.de\/wp\/index.php?rest_route=\/wp\/v2\/pages\/27817\/revisions"}],"predecessor-version":[{"id":27947,"href":"http:\/\/www.denkfried.de\/wp\/index.php?rest_route=\/wp\/v2\/pages\/27817\/revisions\/27947"}],"up":[{"embeddable":true,"href":"http:\/\/www.denkfried.de\/wp\/index.php?rest_route=\/wp\/v2\/pages\/199"}],"wp:attachment":[{"href":"http:\/\/www.denkfried.de\/wp\/index.php?rest_route=%2Fwp%2Fv2%2Fmedia&parent=27817"}],"curies":[{"name":"wp","href":"https:\/\/api.w.org\/{rel}","templated":true}]}}