{"id":278,"date":"2011-04-02T15:10:35","date_gmt":"2011-04-02T13:10:35","guid":{"rendered":"http:\/\/www.bilderstapel.de\/test\/wp\/?page_id=278"},"modified":"2013-09-27T18:01:31","modified_gmt":"2013-09-27T16:01:31","slug":"englandgrosbritannien","status":"publish","type":"page","link":"http:\/\/www.denkfried.de\/wp\/?page_id=278","title":{"rendered":"England\/Gro\u00dfbritannien"},"content":{"rendered":"<p>&nbsp;<\/p>\n<p><strong>Gro\u00dfbritannien<\/strong><\/p>\n<p>Kriegsgr\u00e4berabkommen: 16.10.1959<\/p>\n<p>Die Anzahl der Toten erheben nicht den Anspruch auf Richtigkeit und Vollst\u00e4ndigkeit. Durch zwischenzeitliche Bergungen k\u00f6nnen sich die Zahlen st\u00e4ndig \u00e4ndern.<\/p>\n<p>Cannock-Chase\/Staffordshire\u00a0 \u00a0 \u00a0 \u00a0 \u00a01.WK: 2143\u00a0 \u00a0 \u00a0 \u00a0 \u00a0 \u00a0 \u00a0 \u00a0 \u00a02.WK:\u00a0 \u00a0 \u00a02.797<br \/>\nSt.Peter Port \/Insel Guernsey\u00a0 \u00a0 \u00a0 \u00a0 \u00a0 \u00a0 \u00a0 \u00a0 \u00a0 \u00a0 \u00a0 \u00a0 \u00a0 \u00a0 \u00a0 \u00a0 \u00a0 \u00a0 \u00a0 \u00a0 \u00a0 \u00a0 \u00a0 \u00a0 \u00a0 \u00a0 \u00a0 \u00a0 \u00a0111<\/p>\n<p>&nbsp;<\/p>\n<ul>\n<li><a href=\"http:\/\/www.denkfried.de\/wp\/?page_id=1241\">Lyness<\/a><\/li>\n<li><a href=\"http:\/\/www.denkfried.de\/wp\/?page_id=32754\">Thornaby-on-Tees<\/a><\/li>\n<\/ul>\n<p>&nbsp;<\/p>\n","protected":false},"excerpt":{"rendered":"<p>&nbsp; Gro\u00dfbritannien Kriegsgr\u00e4berabkommen: 16.10.1959 Die Anzahl der Toten erheben nicht den Anspruch auf Richtigkeit und Vollst\u00e4ndigkeit. Durch zwischenzeitliche Bergungen k\u00f6nnen sich die Zahlen st\u00e4ndig \u00e4ndern. Cannock-Chase\/Staffordshire\u00a0 \u00a0 \u00a0 \u00a0 \u00a01.WK: 2143\u00a0 \u00a0 \u00a0 \u00a0 \u00a0 \u00a0 \u00a0 \u00a0 \u00a02.WK:\u00a0 \u00a0 &hellip; <a href=\"http:\/\/www.denkfried.de\/wp\/?page_id=278\">Weiterlesen <span class=\"meta-nav\">&rarr;<\/span><\/a><\/p>\n","protected":false},"author":2,"featured_media":0,"parent":122,"menu_order":7,"comment_status":"open","ping_status":"open","template":"","meta":{"footnotes":""},"class_list":["post-278","page","type-page","status-publish","hentry"],"_links":{"self":[{"href":"http:\/\/www.denkfried.de\/wp\/index.php?rest_route=\/wp\/v2\/pages\/278","targetHints":{"allow":["GET"]}}],"collection":[{"href":"http:\/\/www.denkfried.de\/wp\/index.php?rest_route=\/wp\/v2\/pages"}],"about":[{"href":"http:\/\/www.denkfried.de\/wp\/index.php?rest_route=\/wp\/v2\/types\/page"}],"author":[{"embeddable":true,"href":"http:\/\/www.denkfried.de\/wp\/index.php?rest_route=\/wp\/v2\/users\/2"}],"replies":[{"embeddable":true,"href":"http:\/\/www.denkfried.de\/wp\/index.php?rest_route=%2Fwp%2Fv2%2Fcomments&post=278"}],"version-history":[{"count":7,"href":"http:\/\/www.denkfried.de\/wp\/index.php?rest_route=\/wp\/v2\/pages\/278\/revisions"}],"predecessor-version":[{"id":32761,"href":"http:\/\/www.denkfried.de\/wp\/index.php?rest_route=\/wp\/v2\/pages\/278\/revisions\/32761"}],"up":[{"embeddable":true,"href":"http:\/\/www.denkfried.de\/wp\/index.php?rest_route=\/wp\/v2\/pages\/122"}],"wp:attachment":[{"href":"http:\/\/www.denkfried.de\/wp\/index.php?rest_route=%2Fwp%2Fv2%2Fmedia&parent=278"}],"curies":[{"name":"wp","href":"https:\/\/api.w.org\/{rel}","templated":true}]}}