{"id":27785,"date":"2012-12-08T12:38:16","date_gmt":"2012-12-08T11:38:16","guid":{"rendered":"http:\/\/www.denkfried.de\/wp\/?page_id=27785"},"modified":"2012-12-08T12:56:56","modified_gmt":"2012-12-08T11:56:56","slug":"landkreis-rosenheim","status":"publish","type":"page","link":"http:\/\/www.denkfried.de\/wp\/?page_id=27785","title":{"rendered":"Landkreis Rosenheim"},"content":{"rendered":"<p>&nbsp;<\/p>\n<p><strong>Landkreis Rosenheim in Oberbayern<\/strong><\/p>\n<p><strong>\u00a0S\u00e4dte<\/strong><\/p>\n<ul>\n<li>Bad Aibling<\/li>\n<li>Kolbermoor<\/li>\n<li>Wasserburg a.Inn<\/li>\n<\/ul>\n<p><strong>Gemeinden<\/strong><\/p>\n<ul>\n<li>Albaching<\/li>\n<li>Amerang<\/li>\n<li>Aschau i.Chiemgau<\/li>\n<li>Babensham<\/li>\n<li>Bad Feilnbach<\/li>\n<li>Bernau a. Chiemsee<\/li>\n<li>Brannenburg<\/li>\n<li>Breitbrunn a.Chiemsee<\/li>\n<li><a href=\"http:\/\/www.denkfried.de\/wp\/?page_id=27791\">Chiemsee<\/a><\/li>\n<li>Edling<\/li>\n<li>Eggst\u00e4tt<\/li>\n<li>Eiselfing<\/li>\n<li>Feldkirchen-Westerham<\/li>\n<li>Flintsbach a.Inn<\/li>\n<li>Frasdorf<\/li>\n<li>Griesst\u00e4tt<\/li>\n<li>Gro\u00dfkarolinenfeld<\/li>\n<li>Gstadt a.Chiemsee<\/li>\n<li>Halfing<\/li>\n<li>H\u00f6slwang<\/li>\n<li>Kiefersfelden<\/li>\n<li>Nu\u00dfdorf a. Inn<\/li>\n<li>Oberaudorf<\/li>\n<li>Pfaffing<\/li>\n<li>Prutting<\/li>\n<li>Ramerberg<\/li>\n<li>Raubling<\/li>\n<li>Riedering<\/li>\n<li>Rimsting<\/li>\n<li>Rohrdorf<\/li>\n<li>Rott a.Inn<\/li>\n<li>Samerberg<\/li>\n<li>Schechen<\/li>\n<li>Schonstett<\/li>\n<li>S\u00f6chtenau<\/li>\n<li>Soyen<\/li>\n<li>Stephanskirchen<\/li>\n<li>Tuntenhausen<\/li>\n<li>Vogtareuth<\/li>\n<\/ul>\n","protected":false},"excerpt":{"rendered":"<p>&nbsp; Landkreis Rosenheim in Oberbayern \u00a0S\u00e4dte Bad Aibling Kolbermoor Wasserburg a.Inn Gemeinden Albaching Amerang Aschau i.Chiemgau Babensham Bad Feilnbach Bernau a. Chiemsee Brannenburg Breitbrunn a.Chiemsee Chiemsee Edling Eggst\u00e4tt Eiselfing Feldkirchen-Westerham Flintsbach a.Inn Frasdorf Griesst\u00e4tt Gro\u00dfkarolinenfeld Gstadt a.Chiemsee Halfing H\u00f6slwang Kiefersfelden &hellip; <a href=\"http:\/\/www.denkfried.de\/wp\/?page_id=27785\">Weiterlesen <span class=\"meta-nav\">&rarr;<\/span><\/a><\/p>\n","protected":false},"author":9,"featured_media":0,"parent":27780,"menu_order":0,"comment_status":"closed","ping_status":"open","template":"","meta":{"footnotes":""},"class_list":["post-27785","page","type-page","status-publish","hentry"],"_links":{"self":[{"href":"http:\/\/www.denkfried.de\/wp\/index.php?rest_route=\/wp\/v2\/pages\/27785","targetHints":{"allow":["GET"]}}],"collection":[{"href":"http:\/\/www.denkfried.de\/wp\/index.php?rest_route=\/wp\/v2\/pages"}],"about":[{"href":"http:\/\/www.denkfried.de\/wp\/index.php?rest_route=\/wp\/v2\/types\/page"}],"author":[{"embeddable":true,"href":"http:\/\/www.denkfried.de\/wp\/index.php?rest_route=\/wp\/v2\/users\/9"}],"replies":[{"embeddable":true,"href":"http:\/\/www.denkfried.de\/wp\/index.php?rest_route=%2Fwp%2Fv2%2Fcomments&post=27785"}],"version-history":[{"count":5,"href":"http:\/\/www.denkfried.de\/wp\/index.php?rest_route=\/wp\/v2\/pages\/27785\/revisions"}],"predecessor-version":[{"id":27803,"href":"http:\/\/www.denkfried.de\/wp\/index.php?rest_route=\/wp\/v2\/pages\/27785\/revisions\/27803"}],"up":[{"embeddable":true,"href":"http:\/\/www.denkfried.de\/wp\/index.php?rest_route=\/wp\/v2\/pages\/27780"}],"wp:attachment":[{"href":"http:\/\/www.denkfried.de\/wp\/index.php?rest_route=%2Fwp%2Fv2%2Fmedia&parent=27785"}],"curies":[{"name":"wp","href":"https:\/\/api.w.org\/{rel}","templated":true}]}}