{"id":27694,"date":"2012-12-07T21:31:09","date_gmt":"2012-12-07T20:31:09","guid":{"rendered":"http:\/\/www.denkfried.de\/wp\/?page_id=27694"},"modified":"2012-12-07T21:34:56","modified_gmt":"2012-12-07T20:34:56","slug":"liny-devant-dun","status":"publish","type":"page","link":"http:\/\/www.denkfried.de\/wp\/?page_id=27694","title":{"rendered":"Liny-devant-Dun"},"content":{"rendered":"<p>&nbsp;<\/p>\n<p>55110 <strong>Liny-devant-Dun<\/strong> im D\u00e9partement Meuse<\/p>\n<p>Beitrag von Thomas <a href=\"http:\/\/potsdamer-ehrenmale.de.tl\/Hauptseite.htm\">Potsdamer-Ehrenmale.de<\/a><\/p>\n<p><a href=\"http:\/\/www.denkfried.de\/wp\/?attachment_id=27699\" rel=\"attachment wp-att-27699\"><img loading=\"lazy\" decoding=\"async\" class=\"alignnone size-medium wp-image-27699\" title=\"Kriegsgr\u00e4berst\u00e4tte Liny devant Dun\" src=\"http:\/\/www.denkfried.de\/wp\/wp-content\/uploads\/2012\/12\/Kriegsgr\u00e4berst\u00e4tte-Liny-devant-Dun-300x204.jpg\" alt=\"\" width=\"300\" height=\"204\" srcset=\"http:\/\/www.denkfried.de\/wp\/wp-content\/uploads\/2012\/12\/Kriegsgr\u00e4berst\u00e4tte-Liny-devant-Dun-300x204.jpg 300w, http:\/\/www.denkfried.de\/wp\/wp-content\/uploads\/2012\/12\/Kriegsgr\u00e4berst\u00e4tte-Liny-devant-Dun.jpg 640w\" sizes=\"auto, (max-width: 300px) 100vw, 300px\" \/><\/a><\/p>\n<p><strong>Kriegsgr\u00e4berst\u00e4tte 1914-1918<\/strong><\/p>\n<p>Der Friedhof Liny devant Dun befindet sich 3,5 km s\u00fcdl.<br \/>\nvon Dun sur Meuse. Hier ruhen 524 Deutsche gefallene in Einzelgr\u00e4bern.<\/p>\n<p>&nbsp;<\/p>\n<p>Quelle: Ehrenbuch der Stadt Karlsruhe<\/p>\n","protected":false},"excerpt":{"rendered":"<p>&nbsp; 55110 Liny-devant-Dun im D\u00e9partement Meuse Beitrag von Thomas Potsdamer-Ehrenmale.de Kriegsgr\u00e4berst\u00e4tte 1914-1918 Der Friedhof Liny devant Dun befindet sich 3,5 km s\u00fcdl. von Dun sur Meuse. Hier ruhen 524 Deutsche gefallene in Einzelgr\u00e4bern. &nbsp; Quelle: Ehrenbuch der Stadt Karlsruhe<\/p>\n","protected":false},"author":9,"featured_media":0,"parent":8262,"menu_order":0,"comment_status":"closed","ping_status":"open","template":"","meta":{"footnotes":""},"class_list":["post-27694","page","type-page","status-publish","hentry"],"_links":{"self":[{"href":"http:\/\/www.denkfried.de\/wp\/index.php?rest_route=\/wp\/v2\/pages\/27694","targetHints":{"allow":["GET"]}}],"collection":[{"href":"http:\/\/www.denkfried.de\/wp\/index.php?rest_route=\/wp\/v2\/pages"}],"about":[{"href":"http:\/\/www.denkfried.de\/wp\/index.php?rest_route=\/wp\/v2\/types\/page"}],"author":[{"embeddable":true,"href":"http:\/\/www.denkfried.de\/wp\/index.php?rest_route=\/wp\/v2\/users\/9"}],"replies":[{"embeddable":true,"href":"http:\/\/www.denkfried.de\/wp\/index.php?rest_route=%2Fwp%2Fv2%2Fcomments&post=27694"}],"version-history":[{"count":5,"href":"http:\/\/www.denkfried.de\/wp\/index.php?rest_route=\/wp\/v2\/pages\/27694\/revisions"}],"predecessor-version":[{"id":27700,"href":"http:\/\/www.denkfried.de\/wp\/index.php?rest_route=\/wp\/v2\/pages\/27694\/revisions\/27700"}],"up":[{"embeddable":true,"href":"http:\/\/www.denkfried.de\/wp\/index.php?rest_route=\/wp\/v2\/pages\/8262"}],"wp:attachment":[{"href":"http:\/\/www.denkfried.de\/wp\/index.php?rest_route=%2Fwp%2Fv2%2Fmedia&parent=27694"}],"curies":[{"name":"wp","href":"https:\/\/api.w.org\/{rel}","templated":true}]}}