{"id":2760,"date":"2011-04-12T22:14:14","date_gmt":"2011-04-12T20:14:14","guid":{"rendered":"http:\/\/www.denkfried.de\/wp\/?page_id=2760"},"modified":"2012-12-26T17:48:07","modified_gmt":"2012-12-26T16:48:07","slug":"lk-waldshut","status":"publish","type":"page","link":"http:\/\/www.denkfried.de\/wp\/?page_id=2760","title":{"rendered":"LK WALDSHUT"},"content":{"rendered":"<p><a href=\"http:\/\/www.denkfried.de\/wp\/?attachment_id=2761\" rel=\"attachment wp-att-2761\"><img loading=\"lazy\" decoding=\"async\" class=\"alignleft size-full wp-image-2761\" title=\"Wappen-LK Waldshut\" alt=\"\" src=\"http:\/\/www.denkfried.de\/wp\/wp-content\/uploads\/2011\/04\/Wappen-LK-Waldshut.png\" width=\"50\" height=\"52\" \/><\/a><\/p>\n<p>&nbsp;<\/p>\n<p>Verwaltungssitz:\u00a0 \u00a0<strong>79761 Waldshut-Tiengen<\/strong> , Kaiserstra\u00dfe 110<\/p>\n<p>**********************************************************<\/p>\n<p><a href=\"http:\/\/www.denkfried.de\/wp\/?page_id=28919\">79837 St. Blasien &#8211; Kriegsgr\u00e4berst\u00e4tte<\/a><\/p>\n<p>79774 Albbruck\u00a0\u00a0\u00a0\u00a0\u00a0\u00a0\u00a0\u00a0\u00a0\u00a0\u00a0\u00a0\u00a0\u00a0\u00a0\u00a0\u00a0\u00a0\u00a0\u00a0\u00a0\u00a0\u00a0\u00a0\u00a0\u00a0\u00a0 2 KGST\u00a0 mit 41 Toten<\/p>\n<p>79713 Bad S\u00e4ckingen\u00a0\u00a0\u00a0\u00a0\u00a0\u00a0\u00a0\u00a0\u00a0\u00a0\u00a0\u00a0\u00a0\u00a0\u00a0\u00a0\u00a0\u00a0 1 KGST\u00a0 mit 8 Toten<\/p>\n<p>79872 Bernau\u00a0\u00a0\u00a0\u00a0\u00a0\u00a0\u00a0\u00a0\u00a0\u00a0\u00a0\u00a0\u00a0\u00a0\u00a0\u00a0\u00a0\u00a0\u00a0\u00a0\u00a0\u00a0\u00a0\u00a0\u00a0\u00a0\u00a0\u00a0\u00a0\u00a0 1 KGST\u00a0 mit 13 Toten (1.+2.WK)<\/p>\n<p>79844-79848 Bonndorf\u00a0\u00a0\u00a0\u00a0\u00a0\u00a0\u00a0\u00a0\u00a0\u00a0\u00a0\u00a0\u00a0 2 KGST\u00a0 mit 7 Toten<\/p>\n<p>&nbsp;<\/p>\n<p>&nbsp;<\/p>\n","protected":false},"excerpt":{"rendered":"<p>&nbsp; Verwaltungssitz:\u00a0 \u00a079761 Waldshut-Tiengen , Kaiserstra\u00dfe 110 ********************************************************** 79837 St. Blasien &#8211; Kriegsgr\u00e4berst\u00e4tte 79774 Albbruck\u00a0\u00a0\u00a0\u00a0\u00a0\u00a0\u00a0\u00a0\u00a0\u00a0\u00a0\u00a0\u00a0\u00a0\u00a0\u00a0\u00a0\u00a0\u00a0\u00a0\u00a0\u00a0\u00a0\u00a0\u00a0\u00a0\u00a0 2 KGST\u00a0 mit 41 Toten 79713 Bad S\u00e4ckingen\u00a0\u00a0\u00a0\u00a0\u00a0\u00a0\u00a0\u00a0\u00a0\u00a0\u00a0\u00a0\u00a0\u00a0\u00a0\u00a0\u00a0\u00a0 1 KGST\u00a0 mit 8 Toten 79872 Bernau\u00a0\u00a0\u00a0\u00a0\u00a0\u00a0\u00a0\u00a0\u00a0\u00a0\u00a0\u00a0\u00a0\u00a0\u00a0\u00a0\u00a0\u00a0\u00a0\u00a0\u00a0\u00a0\u00a0\u00a0\u00a0\u00a0\u00a0\u00a0\u00a0\u00a0 1 KGST\u00a0 mit 13 Toten (1.+2.WK) 79844-79848 Bonndorf\u00a0\u00a0\u00a0\u00a0\u00a0\u00a0\u00a0\u00a0\u00a0\u00a0\u00a0\u00a0\u00a0 2 KGST\u00a0 &hellip; <a href=\"http:\/\/www.denkfried.de\/wp\/?page_id=2760\">Weiterlesen <span class=\"meta-nav\">&rarr;<\/span><\/a><\/p>\n","protected":false},"author":2,"featured_media":0,"parent":367,"menu_order":35,"comment_status":"closed","ping_status":"open","template":"","meta":{"footnotes":""},"class_list":["post-2760","page","type-page","status-publish","hentry"],"_links":{"self":[{"href":"http:\/\/www.denkfried.de\/wp\/index.php?rest_route=\/wp\/v2\/pages\/2760","targetHints":{"allow":["GET"]}}],"collection":[{"href":"http:\/\/www.denkfried.de\/wp\/index.php?rest_route=\/wp\/v2\/pages"}],"about":[{"href":"http:\/\/www.denkfried.de\/wp\/index.php?rest_route=\/wp\/v2\/types\/page"}],"author":[{"embeddable":true,"href":"http:\/\/www.denkfried.de\/wp\/index.php?rest_route=\/wp\/v2\/users\/2"}],"replies":[{"embeddable":true,"href":"http:\/\/www.denkfried.de\/wp\/index.php?rest_route=%2Fwp%2Fv2%2Fcomments&post=2760"}],"version-history":[{"count":17,"href":"http:\/\/www.denkfried.de\/wp\/index.php?rest_route=\/wp\/v2\/pages\/2760\/revisions"}],"predecessor-version":[{"id":28934,"href":"http:\/\/www.denkfried.de\/wp\/index.php?rest_route=\/wp\/v2\/pages\/2760\/revisions\/28934"}],"up":[{"embeddable":true,"href":"http:\/\/www.denkfried.de\/wp\/index.php?rest_route=\/wp\/v2\/pages\/367"}],"wp:attachment":[{"href":"http:\/\/www.denkfried.de\/wp\/index.php?rest_route=%2Fwp%2Fv2%2Fmedia&parent=2760"}],"curies":[{"name":"wp","href":"https:\/\/api.w.org\/{rel}","templated":true}]}}