{"id":27585,"date":"2012-12-05T20:35:14","date_gmt":"2012-12-05T19:35:14","guid":{"rendered":"http:\/\/www.denkfried.de\/wp\/?page_id=27585"},"modified":"2012-12-07T19:02:27","modified_gmt":"2012-12-07T18:02:27","slug":"oechlitz","status":"publish","type":"page","link":"http:\/\/www.denkfried.de\/wp\/?page_id=27585","title":{"rendered":"Oechlitz"},"content":{"rendered":"<p>&nbsp;<\/p>\n<p><strong>06268 Oechlitz<\/strong> im Saalekreis<\/p>\n<p>Beitrag von Thomas <a href=\"http:\/\/potsdamer-ehrenmale.de.tl\/Hauptseite.htm\">Potsdamer-Ehrenmale.de<\/a><br \/>\nBilder von S.H. 2012<\/p>\n<p><strong>Denkmalanlage<\/strong><\/p>\n<div id='gallery-1' class='gallery galleryid-27585 gallery-columns-3 gallery-size-thumbnail'><dl class='gallery-item'>\n\t\t\t<dt class='gallery-icon landscape'>\n\t\t\t\t<a href='http:\/\/www.denkfried.de\/wp\/?attachment_id=27597'><img loading=\"lazy\" decoding=\"async\" width=\"150\" height=\"150\" src=\"http:\/\/www.denkfried.de\/wp\/wp-content\/uploads\/2012\/12\/Oechlitz-11-150x150.jpg\" class=\"attachment-thumbnail size-thumbnail\" alt=\"\" \/><\/a>\n\t\t\t<\/dt><\/dl><dl class='gallery-item'>\n\t\t\t<dt class='gallery-icon portrait'>\n\t\t\t\t<a href='http:\/\/www.denkfried.de\/wp\/?attachment_id=27596'><img loading=\"lazy\" decoding=\"async\" width=\"150\" height=\"150\" src=\"http:\/\/www.denkfried.de\/wp\/wp-content\/uploads\/2012\/12\/Oechlitz-10-150x150.jpg\" class=\"attachment-thumbnail size-thumbnail\" alt=\"\" \/><\/a>\n\t\t\t<\/dt><\/dl><dl class='gallery-item'>\n\t\t\t<dt class='gallery-icon portrait'>\n\t\t\t\t<a href='http:\/\/www.denkfried.de\/wp\/?attachment_id=27595'><img loading=\"lazy\" decoding=\"async\" width=\"150\" height=\"150\" src=\"http:\/\/www.denkfried.de\/wp\/wp-content\/uploads\/2012\/12\/Oechlitz-7-150x150.jpg\" class=\"attachment-thumbnail size-thumbnail\" alt=\"\" \/><\/a>\n\t\t\t<\/dt><\/dl><br style=\"clear: both\" \/><dl class='gallery-item'>\n\t\t\t<dt class='gallery-icon portrait'>\n\t\t\t\t<a href='http:\/\/www.denkfried.de\/wp\/?attachment_id=27594'><img loading=\"lazy\" decoding=\"async\" width=\"150\" height=\"150\" src=\"http:\/\/www.denkfried.de\/wp\/wp-content\/uploads\/2012\/12\/Oechlitz-9-150x150.jpg\" class=\"attachment-thumbnail size-thumbnail\" alt=\"\" \/><\/a>\n\t\t\t<\/dt><\/dl><dl class='gallery-item'>\n\t\t\t<dt class='gallery-icon portrait'>\n\t\t\t\t<a href='http:\/\/www.denkfried.de\/wp\/?attachment_id=27593'><img loading=\"lazy\" decoding=\"async\" width=\"150\" height=\"150\" src=\"http:\/\/www.denkfried.de\/wp\/wp-content\/uploads\/2012\/12\/Oechlitz-5-150x150.jpg\" class=\"attachment-thumbnail size-thumbnail\" alt=\"\" \/><\/a>\n\t\t\t<\/dt><\/dl><dl class='gallery-item'>\n\t\t\t<dt class='gallery-icon portrait'>\n\t\t\t\t<a href='http:\/\/www.denkfried.de\/wp\/?attachment_id=27592'><img loading=\"lazy\" decoding=\"async\" width=\"150\" height=\"150\" src=\"http:\/\/www.denkfried.de\/wp\/wp-content\/uploads\/2012\/12\/Oechlitz-2-150x150.jpg\" class=\"attachment-thumbnail size-thumbnail\" alt=\"\" \/><\/a>\n\t\t\t<\/dt><\/dl><br style=\"clear: both\" \/><dl class='gallery-item'>\n\t\t\t<dt class='gallery-icon landscape'>\n\t\t\t\t<a href='http:\/\/www.denkfried.de\/wp\/?attachment_id=27591'><img loading=\"lazy\" decoding=\"async\" width=\"150\" height=\"150\" src=\"http:\/\/www.denkfried.de\/wp\/wp-content\/uploads\/2012\/12\/Oechlitz-4-150x150.jpg\" class=\"attachment-thumbnail size-thumbnail\" alt=\"\" \/><\/a>\n\t\t\t<\/dt><\/dl><dl class='gallery-item'>\n\t\t\t<dt class='gallery-icon landscape'>\n\t\t\t\t<a href='http:\/\/www.denkfried.de\/wp\/?attachment_id=27590'><img loading=\"lazy\" decoding=\"async\" width=\"150\" height=\"150\" src=\"http:\/\/www.denkfried.de\/wp\/wp-content\/uploads\/2012\/12\/Oechlitz-6-150x150.jpg\" class=\"attachment-thumbnail size-thumbnail\" alt=\"\" \/><\/a>\n\t\t\t<\/dt><\/dl><dl class='gallery-item'>\n\t\t\t<dt class='gallery-icon portrait'>\n\t\t\t\t<a href='http:\/\/www.denkfried.de\/wp\/?attachment_id=27598'><img loading=\"lazy\" decoding=\"async\" width=\"150\" height=\"150\" src=\"http:\/\/www.denkfried.de\/wp\/wp-content\/uploads\/2012\/12\/Oechlitz-14-150x150.jpg\" class=\"attachment-thumbnail size-thumbnail\" alt=\"\" \/><\/a>\n\t\t\t<\/dt><\/dl><br style=\"clear: both\" \/>\n\t\t<\/div>\n\n<p><strong>Gedenkstein 1870-1871<\/strong><\/p>\n<p>Auf\u00a0 den Gedenkstein ist ein preu\u00dfischer Adler mit folgender Inschrift: <strong>Soli Deo Gloria<\/strong> was \u00fcbersetzt hei\u00dft <strong>\u201edem alleinigen Gott die Ehre\u201c<\/strong>. Seitlich sit folgendes Angegeben:<\/p>\n<address>Mit Gott f\u00fcr K\u00f6nig und Vaterland starben von hier im gloreichem Kriege 1870-71<\/address>\n<address>1. B\u00e4ckermeister Wilhelm Ronneburg als F\u00fcselier der 6. Comp. des 36. Infanterie-Regiment.<\/address>\n<address>Derselbe fiel am 18. August 1870 in der Schlacht auf Gravelotte.<\/address>\n<address>\u00a0<\/address>\n<address>2. Heinrich &#8230;. als J\u00e4ger im Magd. Bataillon Nr. 4<\/address>\n<p>\u00a0Errichtet vom Kriegerverein Oechlitz am 9. September 1872<\/p>\n<p><strong>Denkmal 1914-1918<\/strong><\/p>\n<p>Das Denkmal f\u00fcr 23 Gefallenen des Ersten Weltkrieges, befindet sich vor einer Eiche. Oben ist eine Rundung, darin ein Eisernes Kreuz. Darunter sind die Namen aufgef\u00fchrt, darunter ist ein helm eingemeiselt. Seitlich der Namen sind Eichenbl\u00e4tter abgebildet. Am Denkmal sind folgende Inschriftenzu lesen:<\/p>\n<address style=\"text-align: center;\">\u00a0<em><strong>Vergiss mein Volk die Treuen Toten nicht!<\/strong><\/em><\/address>\n<address style=\"text-align: center;\"><em><strong>F\u00fcr ihr Vaterland starben den <\/strong><\/em><\/address>\n<address style=\"text-align: center;\"><em><strong>Heldentod im Weltkrieg 1914-18<\/strong><\/em><\/address>\n<address style=\"text-align: center;\">\u00a0<\/address>\n<address style=\"text-align: center;\"><em><strong>In Liebe u. Dankbarkeit ihren tapferen S\u00f6hnen<\/strong><\/em><\/address>\n<address style=\"text-align: center;\"><em><strong>Die Gemeinde Oechlitz<\/strong><\/em><\/address>\n<p>&nbsp;<\/p>\n<p><strong>Denkmal 1939-1945<\/strong><\/p>\n<p>An einer gemauerten Wand, wurde eine Tafel angebracht. Hierdrauf sind 24 Gefallene, 20 Vermi\u00dfte sowie 2 Opfer stalinistischer Verfolgung niedergeschrieben. Folgende Inschrift befindet sich auf der Tafel:<\/p>\n<address style=\"text-align: center;\">\u00a0<em><strong>Die Gemeidne Oechlitz gedenkt ihrer Toten und Vermi\u00dften<\/strong><\/em><br \/>\n<em><strong>des II. Weltkrieges 1939 &#8211; 1945<\/strong><\/em><\/address>\n<address style=\"text-align: center;\">\u00a0<\/address>\n<address style=\"text-align: center;\"><em><strong>Wir gedenken auch der Opfer stalinistischer Verfolgung<\/strong><\/em><\/address>\n<address style=\"text-align: center;\">\u00a0<\/address>\n<p>&nbsp;<\/p>\n<p>Die Namen werden in die Datenbanken eingepflegt.<\/p>\n<address style=\"text-align: center;\">\u00a0<\/address>\n<p>&nbsp;<\/p>\n","protected":false},"excerpt":{"rendered":"<p>&nbsp; 06268 Oechlitz im Saalekreis Beitrag von Thomas Potsdamer-Ehrenmale.de Bilder von S.H. 2012 Denkmalanlage Gedenkstein 1870-1871 Auf\u00a0 den Gedenkstein ist ein preu\u00dfischer Adler mit folgender Inschrift: Soli Deo Gloria was \u00fcbersetzt hei\u00dft \u201edem alleinigen Gott die Ehre\u201c. Seitlich sit folgendes &hellip; <a href=\"http:\/\/www.denkfried.de\/wp\/?page_id=27585\">Weiterlesen <span class=\"meta-nav\">&rarr;<\/span><\/a><\/p>\n","protected":false},"author":9,"featured_media":0,"parent":27539,"menu_order":0,"comment_status":"closed","ping_status":"open","template":"","meta":{"footnotes":""},"class_list":["post-27585","page","type-page","status-publish","hentry"],"_links":{"self":[{"href":"http:\/\/www.denkfried.de\/wp\/index.php?rest_route=\/wp\/v2\/pages\/27585","targetHints":{"allow":["GET"]}}],"collection":[{"href":"http:\/\/www.denkfried.de\/wp\/index.php?rest_route=\/wp\/v2\/pages"}],"about":[{"href":"http:\/\/www.denkfried.de\/wp\/index.php?rest_route=\/wp\/v2\/types\/page"}],"author":[{"embeddable":true,"href":"http:\/\/www.denkfried.de\/wp\/index.php?rest_route=\/wp\/v2\/users\/9"}],"replies":[{"embeddable":true,"href":"http:\/\/www.denkfried.de\/wp\/index.php?rest_route=%2Fwp%2Fv2%2Fcomments&post=27585"}],"version-history":[{"count":19,"href":"http:\/\/www.denkfried.de\/wp\/index.php?rest_route=\/wp\/v2\/pages\/27585\/revisions"}],"predecessor-version":[{"id":27681,"href":"http:\/\/www.denkfried.de\/wp\/index.php?rest_route=\/wp\/v2\/pages\/27585\/revisions\/27681"}],"up":[{"embeddable":true,"href":"http:\/\/www.denkfried.de\/wp\/index.php?rest_route=\/wp\/v2\/pages\/27539"}],"wp:attachment":[{"href":"http:\/\/www.denkfried.de\/wp\/index.php?rest_route=%2Fwp%2Fv2%2Fmedia&parent=27585"}],"curies":[{"name":"wp","href":"https:\/\/api.w.org\/{rel}","templated":true}]}}