{"id":27544,"date":"2012-12-04T23:33:08","date_gmt":"2012-12-04T22:33:08","guid":{"rendered":"http:\/\/www.denkfried.de\/wp\/?page_id=27544"},"modified":"2012-12-07T18:22:13","modified_gmt":"2012-12-07T17:22:13","slug":"langeneichstadt","status":"publish","type":"page","link":"http:\/\/www.denkfried.de\/wp\/?page_id=27544","title":{"rendered":"Langeneichst\u00e4dt"},"content":{"rendered":"<p>&nbsp;<\/p>\n<p><strong>06268 Langeneichst\u00e4dt<\/strong><\/p>\n<p>Der Ort besteht aus Niedereichst\u00e4dt und Obereichst\u00e4dt, anfangs nur Eichst\u00e4dt.<\/p>\n<p>Beitrag von Thomas <a href=\"http:\/\/potsdamer-ehrenmale.de.tl\/Hauptseite.htm\">Potsdamer-Ehrenmale.de<\/a><br \/>\nBilder von S.H. 2012<\/p>\n<div id='gallery-1' class='gallery galleryid-27544 gallery-columns-4 gallery-size-thumbnail'><dl class='gallery-item'>\n\t\t\t<dt class='gallery-icon portrait'>\n\t\t\t\t<a href='http:\/\/www.denkfried.de\/wp\/?attachment_id=27579'><img loading=\"lazy\" decoding=\"async\" width=\"150\" height=\"150\" src=\"http:\/\/www.denkfried.de\/wp\/wp-content\/uploads\/2012\/12\/Ehrenmal-Obereichst\u00e4dt-2-150x150.jpg\" class=\"attachment-thumbnail size-thumbnail\" alt=\"\" aria-describedby=\"gallery-1-27579\" \/><\/a>\n\t\t\t<\/dt>\n\t\t\t\t<dd class='wp-caption-text gallery-caption' id='gallery-1-27579'>\n\t\t\t\tDenkmal 1914-1918\n\t\t\t\t<\/dd><\/dl><dl class='gallery-item'>\n\t\t\t<dt class='gallery-icon portrait'>\n\t\t\t\t<a href='http:\/\/www.denkfried.de\/wp\/?attachment_id=27580'><img loading=\"lazy\" decoding=\"async\" width=\"150\" height=\"150\" src=\"http:\/\/www.denkfried.de\/wp\/wp-content\/uploads\/2012\/12\/Ehrenmal-Obereichst\u00e4dt-3-150x150.jpg\" class=\"attachment-thumbnail size-thumbnail\" alt=\"\" aria-describedby=\"gallery-1-27580\" \/><\/a>\n\t\t\t<\/dt>\n\t\t\t\t<dd class='wp-caption-text gallery-caption' id='gallery-1-27580'>\n\t\t\t\tDenkmal 1914-1918\n\t\t\t\t<\/dd><\/dl><dl class='gallery-item'>\n\t\t\t<dt class='gallery-icon landscape'>\n\t\t\t\t<a href='http:\/\/www.denkfried.de\/wp\/?attachment_id=27578'><img loading=\"lazy\" decoding=\"async\" width=\"150\" height=\"150\" src=\"http:\/\/www.denkfried.de\/wp\/wp-content\/uploads\/2012\/12\/Ehrenmal-Obereichst\u00e4dt-4-150x150.jpg\" class=\"attachment-thumbnail size-thumbnail\" alt=\"\" aria-describedby=\"gallery-1-27578\" \/><\/a>\n\t\t\t<\/dt>\n\t\t\t\t<dd class='wp-caption-text gallery-caption' id='gallery-1-27578'>\n\t\t\t\tDenkmal 1914-1918\n\t\t\t\t<\/dd><\/dl><dl class='gallery-item'>\n\t\t\t<dt class='gallery-icon landscape'>\n\t\t\t\t<a href='http:\/\/www.denkfried.de\/wp\/?attachment_id=27576'><img loading=\"lazy\" decoding=\"async\" width=\"150\" height=\"150\" src=\"http:\/\/www.denkfried.de\/wp\/wp-content\/uploads\/2012\/12\/Langeneichst\u00e4dt-2-150x150.jpg\" class=\"attachment-thumbnail size-thumbnail\" alt=\"\" aria-describedby=\"gallery-1-27576\" \/><\/a>\n\t\t\t<\/dt>\n\t\t\t\t<dd class='wp-caption-text gallery-caption' id='gallery-1-27576'>\n\t\t\t\tDenkmal 1939-1945\n\t\t\t\t<\/dd><\/dl><br style=\"clear: both\" \/>\n\t\t<\/div>\n\n<p><strong>Denkmal 1866, 1870-71<\/strong><\/p>\n<p>Zu Ehren der Krieger des Preu\u00dfisch-\u00d6sterreichischen Krieges 1866 und des Deutsch-Franz\u00f6sischen Krieges 1870-1871, wurde neben der Schule in Niedereichst\u00e4dt 1882 ein Denkmal errichtet. Das Denkmal erinnert an die Schlacht in K\u00f6nigsgr\u00e4tz 03.07.1866 und die schlacht bei Mars la Tour am 16.08.1870<\/p>\n<p><strong>Denkmal 1914-1918<\/strong><\/p>\n<p>Das Denkmal f\u00fcr die Gefallenen des ersten Weltkrieges, wurde 1922 eingeweiht. Die Namen wurden im denkmal eingearbeitet, sp\u00e4ter wurden Tafel angebracht. Da die Inschrift durch die Witterung st\u00e4rk besch\u00e4digt ist. Folgende inschrift ist mit angegeben:<\/p>\n<address style=\"text-align: center;\"><em><strong>Die treuen Toten ehrt dankbar die Heimat<\/strong><\/em><\/address>\n<address style=\"text-align: center;\"><em><strong>Gemeinde Obereichst\u00e4dt 1914-1918<\/strong><\/em><\/address>\n<address style=\"text-align: center;\">\u00a0<\/address>\n<address style=\"text-align: center;\"><em><strong>Niemand hat gr\u00f6\u00dfere Liebe denn die,<\/strong><\/em><\/address>\n<address style=\"text-align: center;\"><em><strong>da\u00df er sein Leben l\u00e4\u00dft f\u00fcr seine Freunde<\/strong><\/em><\/address>\n<address style=\"text-align: center;\">\u00a0<\/address>\n<p><strong>Gedenktafel 1914-1918<\/strong><\/p>\n<p>Mit der Einweihung des Denkmals wurde gleichzeitig eine Namenstafel in der St. Nikolai Kirche aufgehangen.<\/p>\n<p><strong>Denkmal 1939-1945<\/strong><\/p>\n<p>Im Dreieck wurde am 01.05.1951 f\u00fcr die Toten des zweiten Weltkrieges ein Denkmal errichtet. \u00dcber den Namenstafeln ist folgende Inschrift:<\/p>\n<address style=\"text-align: center;\"><em><strong>Die Gemeinde Langeneichst\u00e4dt<\/strong><\/em><\/address>\n<address style=\"text-align: center;\"><em><strong>gedenkt ihrer Toten und Vermi\u00dften des<\/strong><\/em><\/address>\n<address style=\"text-align: center;\"><em><strong>2. Weltkrieges 1939-1945<\/strong><\/em><\/address>\n<address style=\"text-align: center;\"><em><strong>Die Opfer mahnen zum Frieden<\/strong><\/em><\/address>\n<p>&nbsp;<\/p>\n<p>Quellen: Informationenen zu den Denkm\u00e4lern <a href=\"http:\/\/www.gemeinde-langeneichstaedt.de\/index.php\">Gemeinde-Langeneischstaedt.de<\/a><\/p>\n<p>&nbsp;<\/p>\n","protected":false},"excerpt":{"rendered":"<p>&nbsp; 06268 Langeneichst\u00e4dt Der Ort besteht aus Niedereichst\u00e4dt und Obereichst\u00e4dt, anfangs nur Eichst\u00e4dt. Beitrag von Thomas Potsdamer-Ehrenmale.de Bilder von S.H. 2012 Denkmal 1866, 1870-71 Zu Ehren der Krieger des Preu\u00dfisch-\u00d6sterreichischen Krieges 1866 und des Deutsch-Franz\u00f6sischen Krieges 1870-1871, wurde neben der &hellip; <a href=\"http:\/\/www.denkfried.de\/wp\/?page_id=27544\">Weiterlesen <span class=\"meta-nav\">&rarr;<\/span><\/a><\/p>\n","protected":false},"author":9,"featured_media":0,"parent":27539,"menu_order":0,"comment_status":"closed","ping_status":"open","template":"","meta":{"footnotes":""},"class_list":["post-27544","page","type-page","status-publish","hentry"],"_links":{"self":[{"href":"http:\/\/www.denkfried.de\/wp\/index.php?rest_route=\/wp\/v2\/pages\/27544","targetHints":{"allow":["GET"]}}],"collection":[{"href":"http:\/\/www.denkfried.de\/wp\/index.php?rest_route=\/wp\/v2\/pages"}],"about":[{"href":"http:\/\/www.denkfried.de\/wp\/index.php?rest_route=\/wp\/v2\/types\/page"}],"author":[{"embeddable":true,"href":"http:\/\/www.denkfried.de\/wp\/index.php?rest_route=\/wp\/v2\/users\/9"}],"replies":[{"embeddable":true,"href":"http:\/\/www.denkfried.de\/wp\/index.php?rest_route=%2Fwp%2Fv2%2Fcomments&post=27544"}],"version-history":[{"count":21,"href":"http:\/\/www.denkfried.de\/wp\/index.php?rest_route=\/wp\/v2\/pages\/27544\/revisions"}],"predecessor-version":[{"id":27546,"href":"http:\/\/www.denkfried.de\/wp\/index.php?rest_route=\/wp\/v2\/pages\/27544\/revisions\/27546"}],"up":[{"embeddable":true,"href":"http:\/\/www.denkfried.de\/wp\/index.php?rest_route=\/wp\/v2\/pages\/27539"}],"wp:attachment":[{"href":"http:\/\/www.denkfried.de\/wp\/index.php?rest_route=%2Fwp%2Fv2%2Fmedia&parent=27544"}],"curies":[{"name":"wp","href":"https:\/\/api.w.org\/{rel}","templated":true}]}}