{"id":27539,"date":"2012-12-04T23:26:06","date_gmt":"2012-12-04T22:26:06","guid":{"rendered":"http:\/\/www.denkfried.de\/wp\/?page_id=27539"},"modified":"2012-12-05T20:43:32","modified_gmt":"2012-12-05T19:43:32","slug":"mucheln-geiselstadt","status":"publish","type":"page","link":"http:\/\/www.denkfried.de\/wp\/?page_id=27539","title":{"rendered":"M\u00fccheln (Geiselstadt)"},"content":{"rendered":"<p>&nbsp;<\/p>\n<p>Gemeinde M\u00fccheln (Geiselst\u00e4dt) im Saalekreis<\/p>\n<p>&nbsp;<\/p>\n<p><strong>Stadtgliederung<\/strong><\/p>\n<ul>\n<li>Branderoda<\/li>\n<li>Gr\u00f6st<\/li>\n<li><a href=\"http:\/\/www.denkfried.de\/wp\/?page_id=27544\">Langeneichst\u00e4dt<\/a><\/li>\n<li>M\u00fccheln<\/li>\n<li><a href=\"http:\/\/www.denkfried.de\/wp\/?page_id=27585\">Oechlitz<\/a><\/li>\n<li>W\u00fcnsch<\/li>\n<\/ul>\n<p>&nbsp;<\/p>\n","protected":false},"excerpt":{"rendered":"<p>&nbsp; Gemeinde M\u00fccheln (Geiselst\u00e4dt) im Saalekreis &nbsp; Stadtgliederung Branderoda Gr\u00f6st Langeneichst\u00e4dt M\u00fccheln Oechlitz W\u00fcnsch &nbsp;<\/p>\n","protected":false},"author":9,"featured_media":0,"parent":6018,"menu_order":0,"comment_status":"closed","ping_status":"open","template":"","meta":{"footnotes":""},"class_list":["post-27539","page","type-page","status-publish","hentry"],"_links":{"self":[{"href":"http:\/\/www.denkfried.de\/wp\/index.php?rest_route=\/wp\/v2\/pages\/27539","targetHints":{"allow":["GET"]}}],"collection":[{"href":"http:\/\/www.denkfried.de\/wp\/index.php?rest_route=\/wp\/v2\/pages"}],"about":[{"href":"http:\/\/www.denkfried.de\/wp\/index.php?rest_route=\/wp\/v2\/types\/page"}],"author":[{"embeddable":true,"href":"http:\/\/www.denkfried.de\/wp\/index.php?rest_route=\/wp\/v2\/users\/9"}],"replies":[{"embeddable":true,"href":"http:\/\/www.denkfried.de\/wp\/index.php?rest_route=%2Fwp%2Fv2%2Fcomments&post=27539"}],"version-history":[{"count":5,"href":"http:\/\/www.denkfried.de\/wp\/index.php?rest_route=\/wp\/v2\/pages\/27539\/revisions"}],"predecessor-version":[{"id":27600,"href":"http:\/\/www.denkfried.de\/wp\/index.php?rest_route=\/wp\/v2\/pages\/27539\/revisions\/27600"}],"up":[{"embeddable":true,"href":"http:\/\/www.denkfried.de\/wp\/index.php?rest_route=\/wp\/v2\/pages\/6018"}],"wp:attachment":[{"href":"http:\/\/www.denkfried.de\/wp\/index.php?rest_route=%2Fwp%2Fv2%2Fmedia&parent=27539"}],"curies":[{"name":"wp","href":"https:\/\/api.w.org\/{rel}","templated":true}]}}