{"id":27523,"date":"2012-12-03T22:43:21","date_gmt":"2012-12-03T21:43:21","guid":{"rendered":"http:\/\/www.denkfried.de\/wp\/?page_id=27523"},"modified":"2012-12-03T22:43:21","modified_gmt":"2012-12-03T21:43:21","slug":"deg","status":"publish","type":"page","link":"http:\/\/www.denkfried.de\/wp\/?page_id=27523","title":{"rendered":"D\u00c9G"},"content":{"rendered":"<p>&nbsp;<\/p>\n<p><span style=\"text-decoration: underline;\"><strong>8135 D\u00e9g<\/strong><\/span><\/p>\n<p>Komitat Fej\u00e9r<\/p>\n<p>D\u00e9g liegt ca.20 km \u00f6stlich der Nordspitze des Balatons.<\/p>\n<p><span style=\"text-decoration: underline;\"><strong>Denkmal\/Grabst\u00e4tte<\/strong><\/span><\/p>\n<p>In der N\u00e4he des Steines liegen die ihren Verwundungen erlegenen Soldaten der letzten deutschen Offensive &#8222;Fr\u00fchlingserwachen&#8220; im M\u00e4rz 1945. Im nahe liegenden Schlo\u00df befand sich derzeit der Hauptverbandsplatz.<\/p>\n<p>Die Soldaten ruhen bis heute hier, da man eine Umbettung nach Veszprem d\u00f6rflicherseits ablehnte. Immer am ersten Wochenende im Juni findet hier eine sehr feierliche Gedenkveranstaltung statt.<\/p>\n<p>Text und Foto: J.Sch\u00f6nfelder<\/p>\n<p><a href=\"http:\/\/www.denkfried.de\/wp\/?attachment_id=27524\" rel=\"attachment wp-att-27524\"><img loading=\"lazy\" decoding=\"async\" class=\"aligncenter size-medium wp-image-27524\" title=\"Deg\" src=\"http:\/\/www.denkfried.de\/wp\/wp-content\/uploads\/2012\/12\/Deg-300x220.jpg\" alt=\"\" width=\"300\" height=\"220\" srcset=\"http:\/\/www.denkfried.de\/wp\/wp-content\/uploads\/2012\/12\/Deg-300x220.jpg 300w, http:\/\/www.denkfried.de\/wp\/wp-content\/uploads\/2012\/12\/Deg.jpg 647w\" sizes=\"auto, (max-width: 300px) 100vw, 300px\" \/><\/a><\/p>\n<p>&nbsp;<\/p>\n","protected":false},"excerpt":{"rendered":"<p>&nbsp; 8135 D\u00e9g Komitat Fej\u00e9r D\u00e9g liegt ca.20 km \u00f6stlich der Nordspitze des Balatons. Denkmal\/Grabst\u00e4tte In der N\u00e4he des Steines liegen die ihren Verwundungen erlegenen Soldaten der letzten deutschen Offensive &#8222;Fr\u00fchlingserwachen&#8220; im M\u00e4rz 1945. Im nahe liegenden Schlo\u00df befand sich &hellip; <a href=\"http:\/\/www.denkfried.de\/wp\/?page_id=27523\">Weiterlesen <span class=\"meta-nav\">&rarr;<\/span><\/a><\/p>\n","protected":false},"author":2,"featured_media":0,"parent":361,"menu_order":0,"comment_status":"closed","ping_status":"open","template":"","meta":{"footnotes":""},"class_list":["post-27523","page","type-page","status-publish","hentry"],"_links":{"self":[{"href":"http:\/\/www.denkfried.de\/wp\/index.php?rest_route=\/wp\/v2\/pages\/27523","targetHints":{"allow":["GET"]}}],"collection":[{"href":"http:\/\/www.denkfried.de\/wp\/index.php?rest_route=\/wp\/v2\/pages"}],"about":[{"href":"http:\/\/www.denkfried.de\/wp\/index.php?rest_route=\/wp\/v2\/types\/page"}],"author":[{"embeddable":true,"href":"http:\/\/www.denkfried.de\/wp\/index.php?rest_route=\/wp\/v2\/users\/2"}],"replies":[{"embeddable":true,"href":"http:\/\/www.denkfried.de\/wp\/index.php?rest_route=%2Fwp%2Fv2%2Fcomments&post=27523"}],"version-history":[{"count":3,"href":"http:\/\/www.denkfried.de\/wp\/index.php?rest_route=\/wp\/v2\/pages\/27523\/revisions"}],"predecessor-version":[{"id":27527,"href":"http:\/\/www.denkfried.de\/wp\/index.php?rest_route=\/wp\/v2\/pages\/27523\/revisions\/27527"}],"up":[{"embeddable":true,"href":"http:\/\/www.denkfried.de\/wp\/index.php?rest_route=\/wp\/v2\/pages\/361"}],"wp:attachment":[{"href":"http:\/\/www.denkfried.de\/wp\/index.php?rest_route=%2Fwp%2Fv2%2Fmedia&parent=27523"}],"curies":[{"name":"wp","href":"https:\/\/api.w.org\/{rel}","templated":true}]}}