{"id":27439,"date":"2012-11-30T00:07:25","date_gmt":"2012-11-29T23:07:25","guid":{"rendered":"http:\/\/www.denkfried.de\/wp\/?page_id=27439"},"modified":"2013-04-30T21:41:00","modified_gmt":"2013-04-30T19:41:00","slug":"jaseniwzijawzeniwzi","status":"publish","type":"page","link":"http:\/\/www.denkfried.de\/wp\/?page_id=27439","title":{"rendered":"JASENIWZI\/Jawzeniwzi"},"content":{"rendered":"<p><span style=\"text-decoration: underline;\"><strong>Jawzeniwzi<\/strong><\/span><\/p>\n<p>Rayon, Oblast Lwow<\/p>\n<p>&nbsp;<\/p>\n<p>Gepflegter Friedhof mit etwa 600 Grabkreuzen und1000 Bestatteten. \u00dcberwiegend Galitschina ( ukrainische Angeh\u00f6rige der SS-Division &#8222;Galizien&#8220;) aber auch etwa 95 deutsche Wehrmachtsangeh\u00f6rige (teilweise namentlich bekannt)<\/p>\n<p>Die Anlage wird durch ukrainischen Traditionsverband der Galitschina mit Geldern von Veteranen aus Kanada und den USA finanziert.<\/p>\n<p>Die Namen werden in die Datenbank eingetragen.<\/p>\n<p>Foto und Text von J\u00f6rg M\u00fcller<\/p>\n<p>&nbsp;<\/p>\n<p><a href=\"http:\/\/www.denkfried.de\/wp\/?attachment_id=29019\" rel=\"attachment wp-att-29019\"><img loading=\"lazy\" decoding=\"async\" class=\"aligncenter size-medium wp-image-29019\" alt=\"Jawzeniwzi1198\" src=\"http:\/\/www.denkfried.de\/wp\/wp-content\/uploads\/2012\/11\/Jawzeniwzi1198-300x199.jpg\" width=\"300\" height=\"199\" srcset=\"http:\/\/www.denkfried.de\/wp\/wp-content\/uploads\/2012\/11\/Jawzeniwzi1198-300x199.jpg 300w, http:\/\/www.denkfried.de\/wp\/wp-content\/uploads\/2012\/11\/Jawzeniwzi1198.jpg 709w\" sizes=\"auto, (max-width: 300px) 100vw, 300px\" \/><\/a><\/p>\n","protected":false},"excerpt":{"rendered":"<p>Jawzeniwzi Rayon, Oblast Lwow &nbsp; Gepflegter Friedhof mit etwa 600 Grabkreuzen und1000 Bestatteten. \u00dcberwiegend Galitschina ( ukrainische Angeh\u00f6rige der SS-Division &#8222;Galizien&#8220;) aber auch etwa 95 deutsche Wehrmachtsangeh\u00f6rige (teilweise namentlich bekannt) Die Anlage wird durch ukrainischen Traditionsverband der Galitschina mit Geldern &hellip; <a href=\"http:\/\/www.denkfried.de\/wp\/?page_id=27439\">Weiterlesen <span class=\"meta-nav\">&rarr;<\/span><\/a><\/p>\n","protected":false},"author":2,"featured_media":0,"parent":358,"menu_order":0,"comment_status":"closed","ping_status":"open","template":"","meta":{"footnotes":""},"class_list":["post-27439","page","type-page","status-publish","hentry"],"_links":{"self":[{"href":"http:\/\/www.denkfried.de\/wp\/index.php?rest_route=\/wp\/v2\/pages\/27439","targetHints":{"allow":["GET"]}}],"collection":[{"href":"http:\/\/www.denkfried.de\/wp\/index.php?rest_route=\/wp\/v2\/pages"}],"about":[{"href":"http:\/\/www.denkfried.de\/wp\/index.php?rest_route=\/wp\/v2\/types\/page"}],"author":[{"embeddable":true,"href":"http:\/\/www.denkfried.de\/wp\/index.php?rest_route=\/wp\/v2\/users\/2"}],"replies":[{"embeddable":true,"href":"http:\/\/www.denkfried.de\/wp\/index.php?rest_route=%2Fwp%2Fv2%2Fcomments&post=27439"}],"version-history":[{"count":6,"href":"http:\/\/www.denkfried.de\/wp\/index.php?rest_route=\/wp\/v2\/pages\/27439\/revisions"}],"predecessor-version":[{"id":29018,"href":"http:\/\/www.denkfried.de\/wp\/index.php?rest_route=\/wp\/v2\/pages\/27439\/revisions\/29018"}],"up":[{"embeddable":true,"href":"http:\/\/www.denkfried.de\/wp\/index.php?rest_route=\/wp\/v2\/pages\/358"}],"wp:attachment":[{"href":"http:\/\/www.denkfried.de\/wp\/index.php?rest_route=%2Fwp%2Fv2%2Fmedia&parent=27439"}],"curies":[{"name":"wp","href":"https:\/\/api.w.org\/{rel}","templated":true}]}}