{"id":27422,"date":"2012-11-29T21:58:17","date_gmt":"2012-11-29T20:58:17","guid":{"rendered":"http:\/\/www.denkfried.de\/wp\/?page_id=27422"},"modified":"2015-10-04T23:31:48","modified_gmt":"2015-10-04T21:31:48","slug":"skaistkalne","status":"publish","type":"page","link":"http:\/\/www.denkfried.de\/wp\/?page_id=27422","title":{"rendered":"Skaistkalne"},"content":{"rendered":"<p><strong>Skaistkalne<\/strong> \/ Sch\u00f6nberg, ein kleiner Ort im Kreis Bauska. Der Friedhof liegt unweit vom dem Neuen Zivielfriedhof rechts, im Kiefernwald.<\/p>\n<p>Beitrag von Thomas <a href=\"http:\/\/potsdamer-ehrenmale.de.tl\/Hauptseite.htm\">Potsdamer-Ehrenmale.de<\/a><\/p>\n<div id='gallery-1' class='gallery galleryid-27422 gallery-columns-3 gallery-size-thumbnail'><dl class='gallery-item'>\n\t\t\t<dt class='gallery-icon landscape'>\n\t\t\t\t<a href='http:\/\/www.denkfried.de\/wp\/?attachment_id=27433'><img loading=\"lazy\" decoding=\"async\" width=\"150\" height=\"150\" src=\"http:\/\/www.denkfried.de\/wp\/wp-content\/uploads\/2012\/11\/Kriegsgr\u00e4berst\u00e4tte-sch\u00f6nberg-150x150.jpg\" class=\"attachment-thumbnail size-thumbnail\" alt=\"\" aria-describedby=\"gallery-1-27433\" \/><\/a>\n\t\t\t<\/dt>\n\t\t\t\t<dd class='wp-caption-text gallery-caption' id='gallery-1-27433'>\n\t\t\t\t1916\n\t\t\t\t<\/dd><\/dl><dl class='gallery-item'>\n\t\t\t<dt class='gallery-icon portrait'>\n\t\t\t\t<a href='http:\/\/www.denkfried.de\/wp\/?attachment_id=35653'><img loading=\"lazy\" decoding=\"async\" width=\"150\" height=\"150\" src=\"http:\/\/www.denkfried.de\/wp\/wp-content\/uploads\/2012\/11\/Denkmal-1930-Lettland-150x150.png\" class=\"attachment-thumbnail size-thumbnail\" alt=\"\" aria-describedby=\"gallery-1-35653\" \/><\/a>\n\t\t\t<\/dt>\n\t\t\t\t<dd class='wp-caption-text gallery-caption' id='gallery-1-35653'>\n\t\t\t\t1930\n\t\t\t\t<\/dd><\/dl><dl class='gallery-item'>\n\t\t\t<dt class='gallery-icon landscape'>\n\t\t\t\t<a href='http:\/\/www.denkfried.de\/wp\/?attachment_id=35654'><img loading=\"lazy\" decoding=\"async\" width=\"150\" height=\"150\" src=\"http:\/\/www.denkfried.de\/wp\/wp-content\/uploads\/2012\/11\/Denkmal-1930-Lettland-2-150x150.png\" class=\"attachment-thumbnail size-thumbnail\" alt=\"\" aria-describedby=\"gallery-1-35654\" \/><\/a>\n\t\t\t<\/dt>\n\t\t\t\t<dd class='wp-caption-text gallery-caption' id='gallery-1-35654'>\n\t\t\t\t1930\n\t\t\t\t<\/dd><\/dl><br style=\"clear: both\" \/><dl class='gallery-item'>\n\t\t\t<dt class='gallery-icon landscape'>\n\t\t\t\t<a href='http:\/\/www.denkfried.de\/wp\/?attachment_id=35656'><img loading=\"lazy\" decoding=\"async\" width=\"150\" height=\"150\" src=\"http:\/\/www.denkfried.de\/wp\/wp-content\/uploads\/2012\/11\/1990-2-150x150.png\" class=\"attachment-thumbnail size-thumbnail\" alt=\"\" aria-describedby=\"gallery-1-35656\" \/><\/a>\n\t\t\t<\/dt>\n\t\t\t\t<dd class='wp-caption-text gallery-caption' id='gallery-1-35656'>\n\t\t\t\t1990\n\t\t\t\t<\/dd><\/dl><dl class='gallery-item'>\n\t\t\t<dt class='gallery-icon landscape'>\n\t\t\t\t<a href='http:\/\/www.denkfried.de\/wp\/?attachment_id=35657'><img loading=\"lazy\" decoding=\"async\" width=\"150\" height=\"150\" src=\"http:\/\/www.denkfried.de\/wp\/wp-content\/uploads\/2012\/11\/1990-4-150x150.png\" class=\"attachment-thumbnail size-thumbnail\" alt=\"\" aria-describedby=\"gallery-1-35657\" \/><\/a>\n\t\t\t<\/dt>\n\t\t\t\t<dd class='wp-caption-text gallery-caption' id='gallery-1-35657'>\n\t\t\t\t1990\n\t\t\t\t<\/dd><\/dl><dl class='gallery-item'>\n\t\t\t<dt class='gallery-icon landscape'>\n\t\t\t\t<a href='http:\/\/www.denkfried.de\/wp\/?attachment_id=35658'><img loading=\"lazy\" decoding=\"async\" width=\"150\" height=\"150\" src=\"http:\/\/www.denkfried.de\/wp\/wp-content\/uploads\/2012\/11\/1990-150x150.png\" class=\"attachment-thumbnail size-thumbnail\" alt=\"\" aria-describedby=\"gallery-1-35658\" \/><\/a>\n\t\t\t<\/dt>\n\t\t\t\t<dd class='wp-caption-text gallery-caption' id='gallery-1-35658'>\n\t\t\t\t1990\n\t\t\t\t<\/dd><\/dl><br style=\"clear: both\" \/><dl class='gallery-item'>\n\t\t\t<dt class='gallery-icon portrait'>\n\t\t\t\t<a href='http:\/\/www.denkfried.de\/wp\/?attachment_id=35663'><img loading=\"lazy\" decoding=\"async\" width=\"150\" height=\"150\" src=\"http:\/\/www.denkfried.de\/wp\/wp-content\/uploads\/2012\/11\/Lettland-2014-1-150x150.png\" class=\"attachment-thumbnail size-thumbnail\" alt=\"\" aria-describedby=\"gallery-1-35663\" \/><\/a>\n\t\t\t<\/dt>\n\t\t\t\t<dd class='wp-caption-text gallery-caption' id='gallery-1-35663'>\n\t\t\t\tAnfang 2014\n\t\t\t\t<\/dd><\/dl><dl class='gallery-item'>\n\t\t\t<dt class='gallery-icon landscape'>\n\t\t\t\t<a href='http:\/\/www.denkfried.de\/wp\/?attachment_id=35664'><img loading=\"lazy\" decoding=\"async\" width=\"150\" height=\"150\" src=\"http:\/\/www.denkfried.de\/wp\/wp-content\/uploads\/2012\/11\/Lettland-2014-4-150x150.png\" class=\"attachment-thumbnail size-thumbnail\" alt=\"\" aria-describedby=\"gallery-1-35664\" \/><\/a>\n\t\t\t<\/dt>\n\t\t\t\t<dd class='wp-caption-text gallery-caption' id='gallery-1-35664'>\n\t\t\t\tAnfang 2014\n\t\t\t\t<\/dd><\/dl><dl class='gallery-item'>\n\t\t\t<dt class='gallery-icon landscape'>\n\t\t\t\t<a href='http:\/\/www.denkfried.de\/wp\/?attachment_id=35665'><img loading=\"lazy\" decoding=\"async\" width=\"150\" height=\"150\" src=\"http:\/\/www.denkfried.de\/wp\/wp-content\/uploads\/2012\/11\/Lettland-2014-5-150x150.png\" class=\"attachment-thumbnail size-thumbnail\" alt=\"\" aria-describedby=\"gallery-1-35665\" \/><\/a>\n\t\t\t<\/dt>\n\t\t\t\t<dd class='wp-caption-text gallery-caption' id='gallery-1-35665'>\n\t\t\t\tAnfang 2014\n\t\t\t\t<\/dd><\/dl><br style=\"clear: both\" \/>\n\t\t<\/div>\n\n<p>Friedhof Sch\u00f6nberg, 65 km s\u00fcd\u00f6stl. von Jelgava (Mitau). Angelegt im Jahre 1915 vom 1. Bad.-Leibdragoner-Regiment Nr. 20, von denen hier viele Gefallenen ruhen. Die Aufnahme ist aus dem Jahr 1916. Die Tannenpflanzung um das Gr\u00e4berfeld ist abges\u00e4gt worden. Ein Typartiges gemauertes Eingangstor mit 2 geschmiedeten Eisenfl\u00fcgeln ist erhalten geblieben. Auf dem Gr\u00e4berfeld gibt es 23 Einzelgr\u00e4ber und 6 Massengr\u00e4ber mit 50 Betonkreuzen. (Es fehlen Kreuze Nr. 17., 24. es gibt 2 Kreuze mit der Nr. 26.) In der Mitte des Gr\u00e4berfeldes dem Eingang gegen\u00fcber steht ein Denkmal &#8211; eine aus Kalkstein gemauerte Rotonde. Im oberen Kreis der Rotonde im Beton hat es eine reliefen Text gegeben, der heute nicht mehr zu entziffern ist. Nach dem 2. Weltkrieg ist das Denkmal zerst\u00f6rt (gesprengt?) worden. Es gibt jetzt nur eine Stein- und Betonhaufen. Auf diesem w\u00e4chst eine Eiche, gepflanzt ung. 1930. Auf dem Friedhof ruhen 41 deutsche und 35 russische Heeresangeh\u00f6rige in 23 Einzel und 2 Massengr\u00e4bern. Die Bestatteten sind in der Zeit von August 1915 bis zum September 1917 gefallen, nur 1 Russe ist im August 1917 und 2 unbekannte deutsche Soldaten aus d. Eis. Div. sind 1919 gestorben.<\/p>\n<p><strong>Aktuelles:<\/strong><\/p>\n<p>Jetzt im Jahr 2014, genau 100 Jahre nach beginn des ersten Weltkrieges. Ein Arbeitseinsatz der Bundeswehr, hierbei soll die Kriegsgr\u00e4berst\u00e4tte wieder in Ordnung gebracht werden. Einige Bilder von Anfang 2014 zeigen den Zustand, hier ist zusehen das der Einsatz notwendig ist.<\/p>\n<p>Quelle: Ehrenbuch der Stadt Karlsruhe und BW<\/p>\n<p>Die weitern Bilder sind von der Bundeswehr zur Verf\u00fcgung gestellt worden.<\/p>\n<p><em>Nachtrag: In der Zeitschrift Kriegsgr\u00e4berf\u00fcrsorge Heft 4 April 1939 hab ich folgenden Bericht gefunden:<\/em><\/p>\n<p><em>&#8222;Die von einer dichten Tannenhecke eingefriedete Ehrenst\u00e4tte ist sch\u00f6n im Walde gelegen. Als Eingang dient eine zweifl\u00fcgelige eiserne Pforte. dort ruhen 41 deutsche und 35 russische Heeresangeh\u00f6rige in 23 Einzel-und 2 Kameradengr\u00e4bern. Jede Grabstelle ist durch ein beschriftetes Betonkreuz gekennzeichnet. Ein Hochkreuz und ein aus Kalkstein gemauertes tempelartiges Denkmal sind dem allgemeinen Andenken der gefallenen Helden gewidmet.&#8220;<\/em><\/p>\n","protected":false},"excerpt":{"rendered":"<p>Skaistkalne \/ Sch\u00f6nberg, ein kleiner Ort im Kreis Bauska. Der Friedhof liegt unweit vom dem Neuen Zivielfriedhof rechts, im Kiefernwald. Beitrag von Thomas Potsdamer-Ehrenmale.de Friedhof Sch\u00f6nberg, 65 km s\u00fcd\u00f6stl. von Jelgava (Mitau). Angelegt im Jahre 1915 vom 1. Bad.-Leibdragoner-Regiment Nr. &hellip; <a href=\"http:\/\/www.denkfried.de\/wp\/?page_id=27422\">Weiterlesen <span class=\"meta-nav\">&rarr;<\/span><\/a><\/p>\n","protected":false},"author":9,"featured_media":0,"parent":304,"menu_order":0,"comment_status":"closed","ping_status":"open","template":"","meta":{"footnotes":""},"class_list":["post-27422","page","type-page","status-publish","hentry"],"_links":{"self":[{"href":"http:\/\/www.denkfried.de\/wp\/index.php?rest_route=\/wp\/v2\/pages\/27422","targetHints":{"allow":["GET"]}}],"collection":[{"href":"http:\/\/www.denkfried.de\/wp\/index.php?rest_route=\/wp\/v2\/pages"}],"about":[{"href":"http:\/\/www.denkfried.de\/wp\/index.php?rest_route=\/wp\/v2\/types\/page"}],"author":[{"embeddable":true,"href":"http:\/\/www.denkfried.de\/wp\/index.php?rest_route=\/wp\/v2\/users\/9"}],"replies":[{"embeddable":true,"href":"http:\/\/www.denkfried.de\/wp\/index.php?rest_route=%2Fwp%2Fv2%2Fcomments&post=27422"}],"version-history":[{"count":25,"href":"http:\/\/www.denkfried.de\/wp\/index.php?rest_route=\/wp\/v2\/pages\/27422\/revisions"}],"predecessor-version":[{"id":39188,"href":"http:\/\/www.denkfried.de\/wp\/index.php?rest_route=\/wp\/v2\/pages\/27422\/revisions\/39188"}],"up":[{"embeddable":true,"href":"http:\/\/www.denkfried.de\/wp\/index.php?rest_route=\/wp\/v2\/pages\/304"}],"wp:attachment":[{"href":"http:\/\/www.denkfried.de\/wp\/index.php?rest_route=%2Fwp%2Fv2%2Fmedia&parent=27422"}],"curies":[{"name":"wp","href":"https:\/\/api.w.org\/{rel}","templated":true}]}}