{"id":27412,"date":"2012-11-29T21:30:43","date_gmt":"2012-11-29T20:30:43","guid":{"rendered":"http:\/\/www.denkfried.de\/wp\/?page_id=27412"},"modified":"2017-10-03T21:29:56","modified_gmt":"2017-10-03T19:29:56","slug":"pomosha","status":"publish","type":"page","link":"http:\/\/www.denkfried.de\/wp\/?page_id=27412","title":{"rendered":"Pomosha"},"content":{"rendered":"<p>&nbsp;<\/p>\n<p><strong>Pomosha<\/strong><\/p>\n<p>Beitrag von Thomas <a href=\"http:\/\/potsdamer-ehrenmale.de.tl\/Hauptseite.htm\">Potsdamer-Ehrenmale.de<\/a><\/p>\n<p><a href=\"http:\/\/www.denkfried.de\/wp\/?attachment_id=27418\" rel=\"attachment wp-att-27418\"><img loading=\"lazy\" decoding=\"async\" class=\"alignnone size-medium wp-image-27418\" title=\"Kriegsgr\u00e4berst\u00e4tte Pomosha\" src=\"http:\/\/www.denkfried.de\/wp\/wp-content\/uploads\/2012\/11\/Kriegsgr\u00e4berst\u00e4tte-Pomosha-300x158.jpg\" alt=\"\" width=\"300\" height=\"158\" srcset=\"http:\/\/www.denkfried.de\/wp\/wp-content\/uploads\/2012\/11\/Kriegsgr\u00e4berst\u00e4tte-Pomosha-300x158.jpg 300w, http:\/\/www.denkfried.de\/wp\/wp-content\/uploads\/2012\/11\/Kriegsgr\u00e4berst\u00e4tte-Pomosha.jpg 640w\" sizes=\"auto, (max-width: 300px) 100vw, 300px\" \/><\/a><\/p>\n<p><strong>Kriegsgr\u00e4berst\u00e4tte 1914-1918<\/strong><\/p>\n<p>Friedhof bei Pomosha ehem. Ru\u00dfland, ca. 90 km \u00f6stl. von Wilna.<br \/>\nHier ruhen viele Gefallenen der 75. Reserve-Division.<br \/>\nDie Aufnahme ist vom April 1916.<\/p>\n<p>&nbsp;<\/p>\n<p>Quelle:\u00a0\u00a0 Ehrenbuch der Stadt Karlsruhe 1914 &#8211; 1918<\/p>\n<p>(Abbildung 6: Friedhof beiPomosha (Ru\u00dfland), 90 km \u00f6stl. Wilna. Hier cuhen viele Gefallene der 75. Res.Division. Jetzt Sammelfriedhof. Aufnahme vom April 1916, enthalten in dem Buch: \u201eMit der 75. Res.Division vom Heuberg zum Naroczsee&#8220;.)<\/p>\n","protected":false},"excerpt":{"rendered":"<p>&nbsp; Pomosha Beitrag von Thomas Potsdamer-Ehrenmale.de Kriegsgr\u00e4berst\u00e4tte 1914-1918 Friedhof bei Pomosha ehem. Ru\u00dfland, ca. 90 km \u00f6stl. von Wilna. Hier ruhen viele Gefallenen der 75. Reserve-Division. Die Aufnahme ist vom April 1916. &nbsp; Quelle:\u00a0\u00a0 Ehrenbuch der Stadt Karlsruhe 1914 &#8211; &hellip; <a href=\"http:\/\/www.denkfried.de\/wp\/?page_id=27412\">Weiterlesen <span class=\"meta-nav\">&rarr;<\/span><\/a><\/p>\n","protected":false},"author":9,"featured_media":0,"parent":364,"menu_order":0,"comment_status":"closed","ping_status":"open","template":"","meta":{"footnotes":""},"class_list":["post-27412","page","type-page","status-publish","hentry"],"_links":{"self":[{"href":"http:\/\/www.denkfried.de\/wp\/index.php?rest_route=\/wp\/v2\/pages\/27412","targetHints":{"allow":["GET"]}}],"collection":[{"href":"http:\/\/www.denkfried.de\/wp\/index.php?rest_route=\/wp\/v2\/pages"}],"about":[{"href":"http:\/\/www.denkfried.de\/wp\/index.php?rest_route=\/wp\/v2\/types\/page"}],"author":[{"embeddable":true,"href":"http:\/\/www.denkfried.de\/wp\/index.php?rest_route=\/wp\/v2\/users\/9"}],"replies":[{"embeddable":true,"href":"http:\/\/www.denkfried.de\/wp\/index.php?rest_route=%2Fwp%2Fv2%2Fcomments&post=27412"}],"version-history":[{"count":8,"href":"http:\/\/www.denkfried.de\/wp\/index.php?rest_route=\/wp\/v2\/pages\/27412\/revisions"}],"predecessor-version":[{"id":41469,"href":"http:\/\/www.denkfried.de\/wp\/index.php?rest_route=\/wp\/v2\/pages\/27412\/revisions\/41469"}],"up":[{"embeddable":true,"href":"http:\/\/www.denkfried.de\/wp\/index.php?rest_route=\/wp\/v2\/pages\/364"}],"wp:attachment":[{"href":"http:\/\/www.denkfried.de\/wp\/index.php?rest_route=%2Fwp%2Fv2%2Fmedia&parent=27412"}],"curies":[{"name":"wp","href":"https:\/\/api.w.org\/{rel}","templated":true}]}}