{"id":27311,"date":"2012-11-28T20:57:11","date_gmt":"2012-11-28T19:57:11","guid":{"rendered":"http:\/\/www.denkfried.de\/wp\/?page_id=27311"},"modified":"2012-11-29T19:34:41","modified_gmt":"2012-11-29T18:34:41","slug":"saverne","status":"publish","type":"page","link":"http:\/\/www.denkfried.de\/wp\/?page_id=27311","title":{"rendered":"Saverne"},"content":{"rendered":"<p>&nbsp;<\/p>\n<p><strong>Saverne<\/strong> zu Deutsch Zabern<\/p>\n<p>Beitrag von Thomas <a href=\"http:\/\/potsdamer-ehrenmale.de.tl\/Hauptseite.htm\">Potsdamer-Ehrenmale.de<\/a><\/p>\n<div id='gallery-1' class='gallery galleryid-27311 gallery-columns-2 gallery-size-thumbnail'><dl class='gallery-item'>\n\t\t\t<dt class='gallery-icon landscape'>\n\t\t\t\t<a href='http:\/\/www.denkfried.de\/wp\/?attachment_id=27313'><img loading=\"lazy\" decoding=\"async\" width=\"150\" height=\"150\" src=\"http:\/\/www.denkfried.de\/wp\/wp-content\/uploads\/2012\/11\/Kriegsgr\u00e4berst\u00e4tte-Zabern-150x150.jpg\" class=\"attachment-thumbnail size-thumbnail\" alt=\"\" \/><\/a>\n\t\t\t<\/dt><\/dl><dl class='gallery-item'>\n\t\t\t<dt class='gallery-icon portrait'>\n\t\t\t\t<a href='http:\/\/www.denkfried.de\/wp\/?attachment_id=27347'><img loading=\"lazy\" decoding=\"async\" width=\"150\" height=\"150\" src=\"http:\/\/www.denkfried.de\/wp\/wp-content\/uploads\/2012\/11\/Saverne-Denkmal_J.Kappenberg2006-150x150.jpg\" class=\"attachment-thumbnail size-thumbnail\" alt=\"\" \/><\/a>\n\t\t\t<\/dt><\/dl><br style=\"clear: both\" \/>\n\t\t<\/div>\n\n<p><strong>Kriegsgr\u00e4berst\u00e4tte 1914-1918<br \/>\n<\/strong><\/p>\n<p>In Saverne, 35 km nordwestl. Stra\u00dfburg wurde eine Kriegsgr\u00e4berst\u00e4tte wurde f\u00fcr 310 deutsche Soldaten errichtet. Was heute mit der Anlage ist konnte noch nicht dokumentiert werden.<\/p>\n<p><strong>Denkmal<\/strong><\/p>\n<p>Ein denkmal f\u00fcr die Weltkriege und den franz\u00f6sischen Kolonialkriege wurde hier aufgestellt.<\/p>\n<p>&nbsp;<\/p>\n<p>Quelle: Denkmal von Juergen Kappenberg\/2006<br \/>\nBild der Kriegsgr\u00e4berst\u00e4tte ist dem Ehrenbuch der Stadt Karlsruhe entnommen.<\/p>\n<p>&nbsp;<\/p>\n","protected":false},"excerpt":{"rendered":"<p>&nbsp; Saverne zu Deutsch Zabern Beitrag von Thomas Potsdamer-Ehrenmale.de Kriegsgr\u00e4berst\u00e4tte 1914-1918 In Saverne, 35 km nordwestl. Stra\u00dfburg wurde eine Kriegsgr\u00e4berst\u00e4tte wurde f\u00fcr 310 deutsche Soldaten errichtet. Was heute mit der Anlage ist konnte noch nicht dokumentiert werden. Denkmal Ein denkmal &hellip; <a href=\"http:\/\/www.denkfried.de\/wp\/?page_id=27311\">Weiterlesen <span class=\"meta-nav\">&rarr;<\/span><\/a><\/p>\n","protected":false},"author":9,"featured_media":0,"parent":8215,"menu_order":0,"comment_status":"closed","ping_status":"open","template":"","meta":{"footnotes":""},"class_list":["post-27311","page","type-page","status-publish","hentry"],"_links":{"self":[{"href":"http:\/\/www.denkfried.de\/wp\/index.php?rest_route=\/wp\/v2\/pages\/27311","targetHints":{"allow":["GET"]}}],"collection":[{"href":"http:\/\/www.denkfried.de\/wp\/index.php?rest_route=\/wp\/v2\/pages"}],"about":[{"href":"http:\/\/www.denkfried.de\/wp\/index.php?rest_route=\/wp\/v2\/types\/page"}],"author":[{"embeddable":true,"href":"http:\/\/www.denkfried.de\/wp\/index.php?rest_route=\/wp\/v2\/users\/9"}],"replies":[{"embeddable":true,"href":"http:\/\/www.denkfried.de\/wp\/index.php?rest_route=%2Fwp%2Fv2%2Fcomments&post=27311"}],"version-history":[{"count":8,"href":"http:\/\/www.denkfried.de\/wp\/index.php?rest_route=\/wp\/v2\/pages\/27311\/revisions"}],"predecessor-version":[{"id":27349,"href":"http:\/\/www.denkfried.de\/wp\/index.php?rest_route=\/wp\/v2\/pages\/27311\/revisions\/27349"}],"up":[{"embeddable":true,"href":"http:\/\/www.denkfried.de\/wp\/index.php?rest_route=\/wp\/v2\/pages\/8215"}],"wp:attachment":[{"href":"http:\/\/www.denkfried.de\/wp\/index.php?rest_route=%2Fwp%2Fv2%2Fmedia&parent=27311"}],"curies":[{"name":"wp","href":"https:\/\/api.w.org\/{rel}","templated":true}]}}