{"id":27274,"date":"2012-11-27T23:40:25","date_gmt":"2012-11-27T22:40:25","guid":{"rendered":"http:\/\/www.denkfried.de\/wp\/?page_id=27274"},"modified":"2012-11-28T00:16:08","modified_gmt":"2012-11-27T23:16:08","slug":"iseghem","status":"publish","type":"page","link":"http:\/\/www.denkfried.de\/wp\/?page_id=27274","title":{"rendered":"Iseghem"},"content":{"rendered":"<p>&nbsp;<\/p>\n<p><strong>Iseghem<\/strong> in Westflandern<\/p>\n<p>Bericht und Bilder von Thomas <a href=\"http:\/\/potsdamer-ehrenmale.de.tl\/Hauptseite.htm\">Potsdamer-Ehrenmale.de<\/a><\/p>\n<p>Der Friedhof, 7 km s\u00fcd\u00f6stl. Roulers nord\u00f6stl. Ypern.<br \/>\nHier ruhen deutsche Gefallene in 2405 Einzelgr\u00e4bern.<\/p>\n<p><a href=\"http:\/\/www.denkfried.de\/wp\/?attachment_id=27283\" rel=\"attachment wp-att-27283\"><img loading=\"lazy\" decoding=\"async\" class=\"wp-image-27283 aligncenter\" title=\"Kriegsgr\u00e4berst\u00e4tte Iseghem\" src=\"http:\/\/www.denkfried.de\/wp\/wp-content\/uploads\/2012\/11\/Kriegsgr\u00e4berst\u00e4tte-Iseghem-2-300x143.jpg\" alt=\"\" width=\"300\" height=\"143\" srcset=\"http:\/\/www.denkfried.de\/wp\/wp-content\/uploads\/2012\/11\/Kriegsgr\u00e4berst\u00e4tte-Iseghem-2-300x143.jpg 300w, http:\/\/www.denkfried.de\/wp\/wp-content\/uploads\/2012\/11\/Kriegsgr\u00e4berst\u00e4tte-Iseghem-2.jpg 640w\" sizes=\"auto, (max-width: 300px) 100vw, 300px\" \/><\/a><\/p>\n<p>Quelle: Ehrenbuch der Stadt Karlsruhe<\/p>\n","protected":false},"excerpt":{"rendered":"<p>&nbsp; Iseghem in Westflandern Bericht und Bilder von Thomas Potsdamer-Ehrenmale.de Der Friedhof, 7 km s\u00fcd\u00f6stl. Roulers nord\u00f6stl. Ypern. Hier ruhen deutsche Gefallene in 2405 Einzelgr\u00e4bern. Quelle: Ehrenbuch der Stadt Karlsruhe<\/p>\n","protected":false},"author":9,"featured_media":0,"parent":264,"menu_order":0,"comment_status":"closed","ping_status":"open","template":"","meta":{"footnotes":""},"class_list":["post-27274","page","type-page","status-publish","hentry"],"_links":{"self":[{"href":"http:\/\/www.denkfried.de\/wp\/index.php?rest_route=\/wp\/v2\/pages\/27274","targetHints":{"allow":["GET"]}}],"collection":[{"href":"http:\/\/www.denkfried.de\/wp\/index.php?rest_route=\/wp\/v2\/pages"}],"about":[{"href":"http:\/\/www.denkfried.de\/wp\/index.php?rest_route=\/wp\/v2\/types\/page"}],"author":[{"embeddable":true,"href":"http:\/\/www.denkfried.de\/wp\/index.php?rest_route=\/wp\/v2\/users\/9"}],"replies":[{"embeddable":true,"href":"http:\/\/www.denkfried.de\/wp\/index.php?rest_route=%2Fwp%2Fv2%2Fcomments&post=27274"}],"version-history":[{"count":5,"href":"http:\/\/www.denkfried.de\/wp\/index.php?rest_route=\/wp\/v2\/pages\/27274\/revisions"}],"predecessor-version":[{"id":27284,"href":"http:\/\/www.denkfried.de\/wp\/index.php?rest_route=\/wp\/v2\/pages\/27274\/revisions\/27284"}],"up":[{"embeddable":true,"href":"http:\/\/www.denkfried.de\/wp\/index.php?rest_route=\/wp\/v2\/pages\/264"}],"wp:attachment":[{"href":"http:\/\/www.denkfried.de\/wp\/index.php?rest_route=%2Fwp%2Fv2%2Fmedia&parent=27274"}],"curies":[{"name":"wp","href":"https:\/\/api.w.org\/{rel}","templated":true}]}}