{"id":27229,"date":"2012-11-27T22:04:09","date_gmt":"2012-11-27T21:04:09","guid":{"rendered":"http:\/\/www.denkfried.de\/wp\/?page_id=27229"},"modified":"2012-11-30T20:58:20","modified_gmt":"2012-11-30T19:58:20","slug":"deutsche-kgst","status":"publish","type":"page","link":"http:\/\/www.denkfried.de\/wp\/?page_id=27229","title":{"rendered":"Deutsche KGST"},"content":{"rendered":"<p>&nbsp;<\/p>\n<p><strong>Laon<\/strong> Deutsche Kriegsgr\u00e4berst\u00e4tte 1914-18<\/p>\n<p>Bericht und Bilder von Thomas <a href=\"http:\/\/potsdamer-ehrenmale.de.tl\/Hauptseite.htm\">Potsdamer-Ehrenmale.de<\/a><\/p>\n<div id='gallery-1' class='gallery galleryid-27229 gallery-columns-3 gallery-size-thumbnail'><dl class='gallery-item'>\n\t\t\t<dt class='gallery-icon landscape'>\n\t\t\t\t<a href='http:\/\/www.denkfried.de\/wp\/?attachment_id=27457'><img loading=\"lazy\" decoding=\"async\" width=\"150\" height=\"150\" src=\"http:\/\/www.denkfried.de\/wp\/wp-content\/uploads\/2012\/11\/Kriegsgr\u00e4ber-Laon-150x150.jpg\" class=\"attachment-thumbnail size-thumbnail\" alt=\"\" \/><\/a>\n\t\t\t<\/dt><\/dl><dl class='gallery-item'>\n\t\t\t<dt class='gallery-icon landscape'>\n\t\t\t\t<a href='http:\/\/www.denkfried.de\/wp\/?attachment_id=27458'><img loading=\"lazy\" decoding=\"async\" width=\"150\" height=\"150\" src=\"http:\/\/www.denkfried.de\/wp\/wp-content\/uploads\/2012\/11\/Kriegsgr\u00e4berst\u00e4tte-Laon-150x150.jpg\" class=\"attachment-thumbnail size-thumbnail\" alt=\"\" \/><\/a>\n\t\t\t<\/dt><\/dl><dl class='gallery-item'>\n\t\t\t<dt class='gallery-icon landscape'>\n\t\t\t\t<a href='http:\/\/www.denkfried.de\/wp\/?attachment_id=27459'><img loading=\"lazy\" decoding=\"async\" width=\"150\" height=\"150\" src=\"http:\/\/www.denkfried.de\/wp\/wp-content\/uploads\/2012\/11\/Kriegsgr\u00e4berst\u00e4tte-Laon-2-150x150.jpg\" class=\"attachment-thumbnail size-thumbnail\" alt=\"\" \/><\/a>\n\t\t\t<\/dt><\/dl><br style=\"clear: both\" \/>\n\t\t<\/div>\n\n<p><strong>Kriegsgr\u00e4berst\u00e4tte 1914-1918<\/strong><\/p>\n<p>Angelegt im Jahre 1915 vom Karlsruher Architkten Zippelius, damals auch als freiwilliger Krankenpfleger t\u00e4tig. Ein Bild zeigt den Hauptweg mit dem Weihedenkmal. Auf einem weiteren sind Reihengr\u00e4ber uns Massengr\u00e4ber zu sehen. In einem reisebericht von Karl Johv in der &#8222;Pyramide&#8220; vom 3. November 1929 schreibt er \u00fcber den schlechten zustand der Kriegerst\u00e4tte. &#8222;Der herrliche Friedhof ist bis auf 2 wenige Zentimeter hohe S\u00e4ulenst\u00fcmpfe mit der Jahreszahl 1918 v\u00f6llig verschwunden. Zertretener Rasen und dazwischen aufquirlender sand sind die \u00dcberreste des sch\u00f6nen liebevollen Werkes, an dem gerade das badische Land so t\u00e4tig anteil hatte&#8220;.<\/p>\n<p>&nbsp;<\/p>\n<p>Quelle: Ehrenbuch der Stadt Karlsruhe<\/p>\n","protected":false},"excerpt":{"rendered":"<p>&nbsp; Laon Deutsche Kriegsgr\u00e4berst\u00e4tte 1914-18 Bericht und Bilder von Thomas Potsdamer-Ehrenmale.de Kriegsgr\u00e4berst\u00e4tte 1914-1918 Angelegt im Jahre 1915 vom Karlsruher Architkten Zippelius, damals auch als freiwilliger Krankenpfleger t\u00e4tig. Ein Bild zeigt den Hauptweg mit dem Weihedenkmal. Auf einem weiteren sind Reihengr\u00e4ber &hellip; <a href=\"http:\/\/www.denkfried.de\/wp\/?page_id=27229\">Weiterlesen <span class=\"meta-nav\">&rarr;<\/span><\/a><\/p>\n","protected":false},"author":9,"featured_media":0,"parent":27224,"menu_order":0,"comment_status":"closed","ping_status":"open","template":"","meta":{"footnotes":""},"class_list":["post-27229","page","type-page","status-publish","hentry"],"_links":{"self":[{"href":"http:\/\/www.denkfried.de\/wp\/index.php?rest_route=\/wp\/v2\/pages\/27229","targetHints":{"allow":["GET"]}}],"collection":[{"href":"http:\/\/www.denkfried.de\/wp\/index.php?rest_route=\/wp\/v2\/pages"}],"about":[{"href":"http:\/\/www.denkfried.de\/wp\/index.php?rest_route=\/wp\/v2\/types\/page"}],"author":[{"embeddable":true,"href":"http:\/\/www.denkfried.de\/wp\/index.php?rest_route=\/wp\/v2\/users\/9"}],"replies":[{"embeddable":true,"href":"http:\/\/www.denkfried.de\/wp\/index.php?rest_route=%2Fwp%2Fv2%2Fcomments&post=27229"}],"version-history":[{"count":8,"href":"http:\/\/www.denkfried.de\/wp\/index.php?rest_route=\/wp\/v2\/pages\/27229\/revisions"}],"predecessor-version":[{"id":27460,"href":"http:\/\/www.denkfried.de\/wp\/index.php?rest_route=\/wp\/v2\/pages\/27229\/revisions\/27460"}],"up":[{"embeddable":true,"href":"http:\/\/www.denkfried.de\/wp\/index.php?rest_route=\/wp\/v2\/pages\/27224"}],"wp:attachment":[{"href":"http:\/\/www.denkfried.de\/wp\/index.php?rest_route=%2Fwp%2Fv2%2Fmedia&parent=27229"}],"curies":[{"name":"wp","href":"https:\/\/api.w.org\/{rel}","templated":true}]}}