{"id":27203,"date":"2012-11-25T18:04:42","date_gmt":"2012-11-25T17:04:42","guid":{"rendered":"http:\/\/www.denkfried.de\/wp\/?page_id=27203"},"modified":"2013-05-28T18:19:03","modified_gmt":"2013-05-28T16:19:03","slug":"saale-orla-kreis","status":"publish","type":"page","link":"http:\/\/www.denkfried.de\/wp\/?page_id=27203","title":{"rendered":"Saale-Orla-Kreis"},"content":{"rendered":"<p>&nbsp;<\/p>\n<p><strong>Saale-Orla-Kreis<\/strong><\/p>\n<p>&nbsp;<\/p>\n<ul>\n<li><a href=\"http:\/\/www.denkfried.de\/wp\/?page_id=27209\">Bad Lobenstein<\/a><\/li>\n<li>Gefell<\/li>\n<li>Hirschberg<\/li>\n<li>Neustadt an der Orla<\/li>\n<li>P\u00f6\u00dfneck<\/li>\n<li>Ranis<\/li>\n<li><a href=\"http:\/\/www.denkfried.de\/wp\/?page_id=30620\">Saalburg-Ebersdorf<\/a><\/li>\n<li>Schleiz<\/li>\n<li>Tanna<\/li>\n<li>Triptis<\/li>\n<li>Wurzbach<\/li>\n<li>Ziegenr\u00fcck<\/li>\n<\/ul>\n<p>&nbsp;<\/p>\n<p>&nbsp;<\/p>\n","protected":false},"excerpt":{"rendered":"<p>&nbsp; Saale-Orla-Kreis &nbsp; Bad Lobenstein Gefell Hirschberg Neustadt an der Orla P\u00f6\u00dfneck Ranis Saalburg-Ebersdorf Schleiz Tanna Triptis Wurzbach Ziegenr\u00fcck &nbsp; &nbsp;<\/p>\n","protected":false},"author":9,"featured_media":0,"parent":408,"menu_order":0,"comment_status":"closed","ping_status":"open","template":"","meta":{"footnotes":""},"class_list":["post-27203","page","type-page","status-publish","hentry"],"_links":{"self":[{"href":"http:\/\/www.denkfried.de\/wp\/index.php?rest_route=\/wp\/v2\/pages\/27203","targetHints":{"allow":["GET"]}}],"collection":[{"href":"http:\/\/www.denkfried.de\/wp\/index.php?rest_route=\/wp\/v2\/pages"}],"about":[{"href":"http:\/\/www.denkfried.de\/wp\/index.php?rest_route=\/wp\/v2\/types\/page"}],"author":[{"embeddable":true,"href":"http:\/\/www.denkfried.de\/wp\/index.php?rest_route=\/wp\/v2\/users\/9"}],"replies":[{"embeddable":true,"href":"http:\/\/www.denkfried.de\/wp\/index.php?rest_route=%2Fwp%2Fv2%2Fcomments&post=27203"}],"version-history":[{"count":5,"href":"http:\/\/www.denkfried.de\/wp\/index.php?rest_route=\/wp\/v2\/pages\/27203\/revisions"}],"predecessor-version":[{"id":30625,"href":"http:\/\/www.denkfried.de\/wp\/index.php?rest_route=\/wp\/v2\/pages\/27203\/revisions\/30625"}],"up":[{"embeddable":true,"href":"http:\/\/www.denkfried.de\/wp\/index.php?rest_route=\/wp\/v2\/pages\/408"}],"wp:attachment":[{"href":"http:\/\/www.denkfried.de\/wp\/index.php?rest_route=%2Fwp%2Fv2%2Fmedia&parent=27203"}],"curies":[{"name":"wp","href":"https:\/\/api.w.org\/{rel}","templated":true}]}}