{"id":27088,"date":"2012-11-21T15:01:17","date_gmt":"2012-11-21T14:01:17","guid":{"rendered":"http:\/\/www.denkfried.de\/wp\/?page_id=27088"},"modified":"2012-12-08T17:16:19","modified_gmt":"2012-12-08T16:16:19","slug":"lk-dillingen-a-d-donau","status":"publish","type":"page","link":"http:\/\/www.denkfried.de\/wp\/?page_id=27088","title":{"rendered":"LK DILLINGEN a.d.DONAU"},"content":{"rendered":"<p>&nbsp;<\/p>\n<p>Verwaltungssitz:\u00a0 <strong>89407 Dillingen a.d.Donau<\/strong>, Gro\u00dfe Allee 24<\/p>\n<p>****************************************************************<\/p>\n<p><strong>St\u00e4dte<\/strong><\/p>\n<ul>\n<li>Dillingen an der Donau, Gro\u00dfe Kreisstadt<\/li>\n<li>Gundelfingen an der Donau<\/li>\n<li>H\u00f6chst\u00e4dt an der Donau<\/li>\n<li>Lauingen (Donau)<\/li>\n<li>Wertingen<\/li>\n<\/ul>\n<p><strong>M\u00e4rkte<\/strong><\/p>\n<ul>\n<li>Aislingen<\/li>\n<li>Bissingen<\/li>\n<li>Wittislingen<\/li>\n<\/ul>\n<p><strong>Gemeinden<\/strong><\/p>\n<ul>\n<li>Bachhagel<\/li>\n<li>B\u00e4chingen an der Brenz<\/li>\n<li>Binswangen<\/li>\n<li>Blindheim<\/li>\n<li>Buttenwiesen<\/li>\n<li>Finningen<\/li>\n<li>Gl\u00f6tt<\/li>\n<li>Haunsheim<\/li>\n<li>Holzheim<\/li>\n<li><a href=\"http:\/\/www.denkfried.de\/wp\/?page_id=27092\">Holzheim &#8211; OT\u00a0 Eppisburg<\/a><\/li>\n<li>Laugna<\/li>\n<li>Lutzingen<\/li>\n<li>Medlingen<\/li>\n<li>M\u00f6dingen<\/li>\n<li>Schwenningen<\/li>\n<li>Syrgenstein<\/li>\n<li>Villenbach<\/li>\n<li>Ziertheim<\/li>\n<li>Z\u00f6schingen<\/li>\n<li>Zusamaltheim<\/li>\n<\/ul>\n<p>&nbsp;<\/p>\n","protected":false},"excerpt":{"rendered":"<p>&nbsp; Verwaltungssitz:\u00a0 89407 Dillingen a.d.Donau, Gro\u00dfe Allee 24 **************************************************************** St\u00e4dte Dillingen an der Donau, Gro\u00dfe Kreisstadt Gundelfingen an der Donau H\u00f6chst\u00e4dt an der Donau Lauingen (Donau) Wertingen M\u00e4rkte Aislingen Bissingen Wittislingen Gemeinden Bachhagel B\u00e4chingen an der Brenz Binswangen Blindheim Buttenwiesen &hellip; <a href=\"http:\/\/www.denkfried.de\/wp\/?page_id=27088\">Weiterlesen <span class=\"meta-nav\">&rarr;<\/span><\/a><\/p>\n","protected":false},"author":2,"featured_media":0,"parent":27824,"menu_order":0,"comment_status":"closed","ping_status":"open","template":"","meta":{"footnotes":""},"class_list":["post-27088","page","type-page","status-publish","hentry"],"_links":{"self":[{"href":"http:\/\/www.denkfried.de\/wp\/index.php?rest_route=\/wp\/v2\/pages\/27088","targetHints":{"allow":["GET"]}}],"collection":[{"href":"http:\/\/www.denkfried.de\/wp\/index.php?rest_route=\/wp\/v2\/pages"}],"about":[{"href":"http:\/\/www.denkfried.de\/wp\/index.php?rest_route=\/wp\/v2\/types\/page"}],"author":[{"embeddable":true,"href":"http:\/\/www.denkfried.de\/wp\/index.php?rest_route=\/wp\/v2\/users\/2"}],"replies":[{"embeddable":true,"href":"http:\/\/www.denkfried.de\/wp\/index.php?rest_route=%2Fwp%2Fv2%2Fcomments&post=27088"}],"version-history":[{"count":8,"href":"http:\/\/www.denkfried.de\/wp\/index.php?rest_route=\/wp\/v2\/pages\/27088\/revisions"}],"predecessor-version":[{"id":27936,"href":"http:\/\/www.denkfried.de\/wp\/index.php?rest_route=\/wp\/v2\/pages\/27088\/revisions\/27936"}],"up":[{"embeddable":true,"href":"http:\/\/www.denkfried.de\/wp\/index.php?rest_route=\/wp\/v2\/pages\/27824"}],"wp:attachment":[{"href":"http:\/\/www.denkfried.de\/wp\/index.php?rest_route=%2Fwp%2Fv2%2Fmedia&parent=27088"}],"curies":[{"name":"wp","href":"https:\/\/api.w.org\/{rel}","templated":true}]}}