{"id":27063,"date":"2012-11-20T18:38:40","date_gmt":"2012-11-20T17:38:40","guid":{"rendered":"http:\/\/www.denkfried.de\/wp\/?page_id=27063"},"modified":"2015-12-28T21:10:51","modified_gmt":"2015-12-28T20:10:51","slug":"kopenick-laurentiuskirche","status":"publish","type":"page","link":"http:\/\/www.denkfried.de\/wp\/?page_id=27063","title":{"rendered":"K\u00f6penick Laurentiuskirche"},"content":{"rendered":"<p>&nbsp;<\/p>\n<p><strong>Berlin-K\u00f6penick<\/strong> Kirche der Evang. Laurentiusgemeinde<\/p>\n<p>Bericht von Thomas\u00a0<a href=\"http:\/\/g-bb.jimdo.com\/\">Gefallenendenkm\u00e4ler Berlin\/Brandenburg<\/a><br \/>\nDie Bilder wurden von <a href=\"http:\/\/www.flickr.com\/photos\/11358011@N04\/\">GenBerlin<\/a> zu Verf\u00fcgung gestellt.<\/p>\n<div id='gallery-1' class='gallery galleryid-27063 gallery-columns-3 gallery-size-thumbnail'><dl class='gallery-item'>\n\t\t\t<dt class='gallery-icon landscape'>\n\t\t\t\t<a href='http:\/\/www.denkfried.de\/wp\/?attachment_id=27068'><img loading=\"lazy\" decoding=\"async\" width=\"150\" height=\"150\" src=\"http:\/\/www.denkfried.de\/wp\/wp-content\/uploads\/2012\/11\/BerlinK\u00f6penickEhrentafelBild-150x150.jpg\" class=\"attachment-thumbnail size-thumbnail\" alt=\"\" \/><\/a>\n\t\t\t<\/dt><\/dl><dl class='gallery-item'>\n\t\t\t<dt class='gallery-icon portrait'>\n\t\t\t\t<a href='http:\/\/www.denkfried.de\/wp\/?attachment_id=27069'><img loading=\"lazy\" decoding=\"async\" width=\"150\" height=\"150\" src=\"http:\/\/www.denkfried.de\/wp\/wp-content\/uploads\/2012\/11\/BerlinK\u00f6penickEhrentafelBild1-150x150.jpg\" class=\"attachment-thumbnail size-thumbnail\" alt=\"\" \/><\/a>\n\t\t\t<\/dt><\/dl><dl class='gallery-item'>\n\t\t\t<dt class='gallery-icon portrait'>\n\t\t\t\t<a href='http:\/\/www.denkfried.de\/wp\/?attachment_id=27070'><img loading=\"lazy\" decoding=\"async\" width=\"150\" height=\"150\" src=\"http:\/\/www.denkfried.de\/wp\/wp-content\/uploads\/2012\/11\/BerlinK\u00f6penickEhrentafelBild2-150x150.jpg\" class=\"attachment-thumbnail size-thumbnail\" alt=\"\" \/><\/a>\n\t\t\t<\/dt><\/dl><br style=\"clear: both\" \/>\n\t\t<\/div>\n\n<p>In der Stadtkirche waren einst mehr Tafeln im Eingangsbereich aufgeh\u00e4ngt. Hier zu erkennen an den Jahren der Gefallenen, hier aufgef\u00fchrt 1917 und 1918. Sowie die &#8222;Hauptafel&#8220; mit folgender Inschrift:<\/p>\n<address style=\"text-align: center;\"><strong>\u00a0<em><span style=\"font-size: medium;\">Die St. Laurentius-Gemeinde weiht diese Gedenktafeln<\/span><\/em><\/strong><\/address>\n<address style=\"text-align: center;\"><strong><em><span style=\"font-size: medium;\">ihren im Weltkriege 1914-1918 gefallenen Helden.<\/span><\/em><\/strong><\/address>\n<address style=\"text-align: center;\">\u00a0<\/address>\n<address style=\"text-align: center;\"><em><strong><span style=\"font-size: medium;\">In Erz gegraben, h\u00e4lt\u2019s f\u00fcr Zeit. Ins Herz, f\u00fcr Zeit und Ewigkeit.<\/span><\/strong><\/em><\/address>\n<address style=\"text-align: center;\"><em><strong><span style=\"font-size: medium;\">So lasst, was in der Zeit gescheh\u2019n, Euch ewig durch die Herzen gehn.<\/span><\/strong><\/em><\/address>\n<address style=\"text-align: center;\">\u00a0<\/address>\n<p style=\"text-align: left;\">Die Namenstafel tr\u00e4gt \u00fcber den Namen folgenen Inschrift:<\/p>\n<address style=\"text-align: center;\"><em><strong><span style=\"font-size: medium;\">Vom Opfer lebt das Leben, in Opfern zeugt sich\u2019s fort.<\/span><\/strong><\/em><\/address>\n<address style=\"text-align: center;\">\u00a0<\/address>\n<p>\u00a0In der Kirche sind keine Tafeln mehr vorhanden. (Besuch 11.02.2014)<\/p>\n","protected":false},"excerpt":{"rendered":"<p>&nbsp; Berlin-K\u00f6penick Kirche der Evang. Laurentiusgemeinde Bericht von Thomas\u00a0Gefallenendenkm\u00e4ler Berlin\/Brandenburg Die Bilder wurden von GenBerlin zu Verf\u00fcgung gestellt. In der Stadtkirche waren einst mehr Tafeln im Eingangsbereich aufgeh\u00e4ngt. Hier zu erkennen an den Jahren der Gefallenen, hier aufgef\u00fchrt 1917 und &hellip; <a href=\"http:\/\/www.denkfried.de\/wp\/?page_id=27063\">Weiterlesen <span class=\"meta-nav\">&rarr;<\/span><\/a><\/p>\n","protected":false},"author":9,"featured_media":0,"parent":26927,"menu_order":0,"comment_status":"closed","ping_status":"open","template":"","meta":{"footnotes":""},"class_list":["post-27063","page","type-page","status-publish","hentry"],"_links":{"self":[{"href":"http:\/\/www.denkfried.de\/wp\/index.php?rest_route=\/wp\/v2\/pages\/27063","targetHints":{"allow":["GET"]}}],"collection":[{"href":"http:\/\/www.denkfried.de\/wp\/index.php?rest_route=\/wp\/v2\/pages"}],"about":[{"href":"http:\/\/www.denkfried.de\/wp\/index.php?rest_route=\/wp\/v2\/types\/page"}],"author":[{"embeddable":true,"href":"http:\/\/www.denkfried.de\/wp\/index.php?rest_route=\/wp\/v2\/users\/9"}],"replies":[{"embeddable":true,"href":"http:\/\/www.denkfried.de\/wp\/index.php?rest_route=%2Fwp%2Fv2%2Fcomments&post=27063"}],"version-history":[{"count":15,"href":"http:\/\/www.denkfried.de\/wp\/index.php?rest_route=\/wp\/v2\/pages\/27063\/revisions"}],"predecessor-version":[{"id":40067,"href":"http:\/\/www.denkfried.de\/wp\/index.php?rest_route=\/wp\/v2\/pages\/27063\/revisions\/40067"}],"up":[{"embeddable":true,"href":"http:\/\/www.denkfried.de\/wp\/index.php?rest_route=\/wp\/v2\/pages\/26927"}],"wp:attachment":[{"href":"http:\/\/www.denkfried.de\/wp\/index.php?rest_route=%2Fwp%2Fv2%2Fmedia&parent=27063"}],"curies":[{"name":"wp","href":"https:\/\/api.w.org\/{rel}","templated":true}]}}