{"id":26909,"date":"2012-11-01T10:45:22","date_gmt":"2012-11-01T09:45:22","guid":{"rendered":"http:\/\/www.denkfried.de\/wp\/?page_id=26909"},"modified":"2015-07-13T20:46:57","modified_gmt":"2015-07-13T18:46:57","slug":"friedrichsfelde","status":"publish","type":"page","link":"http:\/\/www.denkfried.de\/wp\/?page_id=26909","title":{"rendered":"Friedrichsfelde"},"content":{"rendered":"<p>&nbsp;<\/p>\n<p><strong>Berlin-Friedrichsfelde<\/strong> als Ortsteil des Bezirks Lichtenberg<\/p>\n<ul>\n<li><a href=\"http:\/\/www.denkfried.de\/wp\/?page_id=19112\">Friedrichsfelde \u2013 Denkm\u00e4ler<\/a><\/li>\n<li><a href=\"http:\/\/www.denkfried.de\/wp\/?page_id=21206\">Friedrichsfelde \u2013 Alter Friedhof<\/a><\/li>\n<li><a href=\"http:\/\/www.denkfried.de\/wp\/?page_id=15419\">Friedrichsfelde \u2013 Zentralfriedhof<\/a><\/li>\n<li><a href=\"http:\/\/www.denkfried.de\/wp\/?page_id=31456\">Friedrichsfelde &#8211; Zentralfriedhof OdF<\/a><\/li>\n<li><a href=\"http:\/\/www.denkfried.de\/wp\/?page_id=38757\">Friedrichsfelde \u2013 Im Tierpark<\/a><\/li>\n<\/ul>\n<p>Das Dorf wurde von niederdeutschen Siedlern um 1230 gegr\u00fcndet. Die urkundliche Erw\u00e4hnung des Pfarrers Ludwig zu Rosenfelde ist 1265 der erste Nachweis des Dorfes Rosenfelde. Die heute nicht mehr vorhandene erste Steinkirche entstand in der zweiten H\u00e4lfte des 13.\u00a0Jahrhunderts. 1375 wies das Landbuch f\u00fcr Friedrichsfelde 104\u00a0Hufen aus, davon sechs Pfarrhufen. Diese ganz ungew\u00f6hnliche Gr\u00f6\u00dfe umfasst etwa die doppelte Zahl von Hufen, wie sie auf dem Barnim f\u00fcr planm\u00e4\u00dfig angelegte deutsche D\u00f6rfer durchschnittlich \u00fcblich sind. Die Gemarkung von Rosenfelde reichte damals bis zum Spreeufer. Die Dorfkirche liegt in der oberen H\u00e4lfte. Der Schluss liegt nahe, dass das urspr\u00fcngliche Dorf Rosenfelde mit einer zweiten, s\u00fcdlicher liegenden Siedlung vereinigt wurde, die w\u00fcstgefallen war.<\/p>\n<p>1699 wurde es nach dem Kurf\u00fcrsten Friedrich\u00a0III. in <em>Friedrichsfelde<\/em> umbenannt. Historischer Dorfkern ist der Bereich um den ehemaligen Anger, das sogenannte Alt-Friedrichsfelde. Die <em>Colonie Friedrichsfelde<\/em> an der Frankfurter Chaussee (heute: Stra\u00dfe Alt-Friedrichsfelde) wurde bevorzugter Wohnort f\u00fcr Handwerker.<\/p>\n<p>Im Schloss Friedrichsfelde, an der Stra\u00dfe nach K\u00f6penick errichtet, wohnte zun\u00e4chst Benjamin Raule. Im Jahr 1717 wurde der Besitz an den Markgrafen Albrecht Friedrich von Brandenburg-Schwedt, einem Stiefonkel des Soldatenk\u00f6nigs \u00fcbereignet, der das urspr\u00fcngliche Schloss erweitern lie\u00df. Nach seinem Tod 1731 erbte sein Sohn Carl das Schloss. Schlie\u00dflich ging das Anwesen auf seinen Vetter Prinz Ferdinand von Preu\u00dfen, den j\u00fcngsten Bruder des Alten Fritz \u00fcber. Vier seiner Kinder, unter anderem sein Sohn Louis Ferdinand Prinz von Preu\u00dfen im Jahr 1772, wurden dort geboren. 1896 vereinigte sich der Gemeindebezirk mit dem Gutsbezirk des Sigismund von Treskow und entwickelte sich danach zu einer Landhauskolonie. Im Jahr 1920 wurde die Gemeinde Friedrichsfelde (aus dem Kreis Niederbarnim) in Gro\u00df-Berlin eingegliedert. Im Jahr 2001 wurde der 1881 eingerichtete Zentralfriedhof Friedrichsfelde dem Ortsteil Lichtenberg zugeordnet. Auf ihm befindet sich die <em>Gedenkst\u00e4tte der Sozialisten.<\/em> (Wikipedia)<\/p>\n","protected":false},"excerpt":{"rendered":"<p>&nbsp; Berlin-Friedrichsfelde als Ortsteil des Bezirks Lichtenberg Friedrichsfelde \u2013 Denkm\u00e4ler Friedrichsfelde \u2013 Alter Friedhof Friedrichsfelde \u2013 Zentralfriedhof Friedrichsfelde &#8211; Zentralfriedhof OdF Friedrichsfelde \u2013 Im Tierpark Das Dorf wurde von niederdeutschen Siedlern um 1230 gegr\u00fcndet. Die urkundliche Erw\u00e4hnung des Pfarrers Ludwig &hellip; <a href=\"http:\/\/www.denkfried.de\/wp\/?page_id=26909\">Weiterlesen <span class=\"meta-nav\">&rarr;<\/span><\/a><\/p>\n","protected":false},"author":9,"featured_media":0,"parent":4533,"menu_order":0,"comment_status":"closed","ping_status":"open","template":"","meta":{"footnotes":""},"class_list":["post-26909","page","type-page","status-publish","hentry"],"_links":{"self":[{"href":"http:\/\/www.denkfried.de\/wp\/index.php?rest_route=\/wp\/v2\/pages\/26909","targetHints":{"allow":["GET"]}}],"collection":[{"href":"http:\/\/www.denkfried.de\/wp\/index.php?rest_route=\/wp\/v2\/pages"}],"about":[{"href":"http:\/\/www.denkfried.de\/wp\/index.php?rest_route=\/wp\/v2\/types\/page"}],"author":[{"embeddable":true,"href":"http:\/\/www.denkfried.de\/wp\/index.php?rest_route=\/wp\/v2\/users\/9"}],"replies":[{"embeddable":true,"href":"http:\/\/www.denkfried.de\/wp\/index.php?rest_route=%2Fwp%2Fv2%2Fcomments&post=26909"}],"version-history":[{"count":8,"href":"http:\/\/www.denkfried.de\/wp\/index.php?rest_route=\/wp\/v2\/pages\/26909\/revisions"}],"predecessor-version":[{"id":38773,"href":"http:\/\/www.denkfried.de\/wp\/index.php?rest_route=\/wp\/v2\/pages\/26909\/revisions\/38773"}],"up":[{"embeddable":true,"href":"http:\/\/www.denkfried.de\/wp\/index.php?rest_route=\/wp\/v2\/pages\/4533"}],"wp:attachment":[{"href":"http:\/\/www.denkfried.de\/wp\/index.php?rest_route=%2Fwp%2Fv2%2Fmedia&parent=26909"}],"curies":[{"name":"wp","href":"https:\/\/api.w.org\/{rel}","templated":true}]}}